{"id":107,"date":"2025-02-12T13:31:28","date_gmt":"2025-02-12T13:31:28","guid":{"rendered":"http:\/\/dev.blblocal.pl:81\/?page_id=107"},"modified":"2025-02-19T09:48:40","modified_gmt":"2025-02-19T09:48:40","slug":"kolekcje-i-projektanci","status":"publish","type":"page","link":"https:\/\/dev.baylabel.pl\/en\/kolekcje-i-projektanci\/","title":{"rendered":"Kolekcje i projektanci"},"content":{"rendered":"","protected":false},"excerpt":{"rendered":"","protected":false},"author":1,"featured_media":108,"parent":0,"menu_order":0,"comment_status":"closed","ping_status":"closed","template":"flexible_sections.php","meta":{"_acf_changed":false,"inline_featured_image":false,"footnotes":""},"class_list":["post-107","page","type-page","status-publish","has-post-thumbnail","hentry"],"acf":[],"yoast_head":"<!-- This site is optimized with the Yoast SEO plugin v24.9 - https:\/\/yoast.com\/wordpress\/plugins\/seo\/ -->\n<title>Kolekcje i projektanci - Smycze, obro\u017ce i szelki dla psa i kota<\/title>\n<meta name=\"robots\" content=\"noindex, follow, max-snippet:-1, max-image-preview:large, max-video-preview:-1\" \/>\n<meta property=\"og:locale\" content=\"en_US\" \/>\n<meta property=\"og:type\" content=\"article\" \/>\n<meta property=\"og:title\" content=\"Kolekcje i projektanci - Smycze, obro\u017ce i szelki dla psa i kota\" \/>\n<meta property=\"og:url\" content=\"https:\/\/dev.baylabel.pl\/en\/kolekcje-i-projektanci\/\" \/>\n<meta property=\"og:site_name\" content=\"Smycze, obro\u017ce i szelki dla psa i kota\" \/>\n<meta property=\"article:publisher\" content=\"https:\/\/www.facebook.com\/baylabel\" \/>\n<meta property=\"article:modified_time\" content=\"2025-02-19T09:48:40+00:00\" \/>\n<meta property=\"og:image\" content=\"https:\/\/dev.baylabel.pl\/wp-content\/uploads\/2025\/02\/stworzcie-razem-zgrany-duet.webp\" \/>\n\t<meta property=\"og:image:width\" content=\"2560\" \/>\n\t<meta property=\"og:image:height\" content=\"1706\" \/>\n\t<meta property=\"og:image:type\" content=\"image\/webp\" \/>\n<meta name=\"twitter:card\" content=\"summary_large_image\" \/>\n<script type=\"application\/ld+json\" class=\"yoast-schema-graph\">{\"@context\":\"https:\/\/schema.org\",\"@graph\":[{\"@type\":\"WebPage\",\"@id\":\"https:\/\/dev.baylabel.pl\/kolekcje-i-projektanci\/\",\"url\":\"https:\/\/dev.baylabel.pl\/kolekcje-i-projektanci\/\",\"name\":\"Kolekcje i projektanci - Smycze, obro\u017ce i szelki dla psa i kota\",\"isPartOf\":{\"@id\":\"https:\/\/dev.baylabel.pl\/#website\"},\"primaryImageOfPage\":{\"@id\":\"https:\/\/dev.baylabel.pl\/kolekcje-i-projektanci\/#primaryimage\"},\"image\":{\"@id\":\"https:\/\/dev.baylabel.pl\/kolekcje-i-projektanci\/#primaryimage\"},\"thumbnailUrl\":\"https:\/\/dev.baylabel.pl\/wp-content\/uploads\/2025\/02\/stworzcie-razem-zgrany-duet.webp\",\"datePublished\":\"2025-02-12T13:31:28+00:00\",\"dateModified\":\"2025-02-19T09:48:40+00:00\",\"breadcrumb\":{\"@id\":\"https:\/\/dev.baylabel.pl\/kolekcje-i-projektanci\/#breadcrumb\"},\"inLanguage\":\"en-US\",\"potentialAction\":[{\"@type\":\"ReadAction\",\"target\":[\"https:\/\/dev.baylabel.pl\/kolekcje-i-projektanci\/\"]}]},{\"@type\":\"ImageObject\",\"inLanguage\":\"en-US\",\"@id\":\"https:\/\/dev.baylabel.pl\/kolekcje-i-projektanci\/#primaryimage\",\"url\":\"https:\/\/dev.baylabel.pl\/wp-content\/uploads\/2025\/02\/stworzcie-razem-zgrany-duet.webp\",\"contentUrl\":\"https:\/\/dev.baylabel.pl\/wp-content\/uploads\/2025\/02\/stworzcie-razem-zgrany-duet.webp\",\"width\":2560,\"height\":1706},{\"@type\":\"BreadcrumbList\",\"@id\":\"https:\/\/dev.baylabel.pl\/kolekcje-i-projektanci\/#breadcrumb\",\"itemListElement\":[{\"@type\":\"ListItem\",\"position\":1,\"name\":\"Strona g\u0142\u00f3wna\",\"item\":\"https:\/\/dev.baylabel.pl\/\"},{\"@type\":\"ListItem\",\"position\":2,\"name\":\"Kolekcje i projektanci\"}]},{\"@type\":\"WebSite\",\"@id\":\"https:\/\/dev.baylabel.pl\/#website\",\"url\":\"https:\/\/dev.baylabel.pl\/\",\"name\":\"Smycze, obro\u017ce i szelki dla psa i kota\",\"description\":\"Akcesoria dla ps\u00f3w, smycze, obro\u017ce i szelki tworzymy z ogromn\u0105 mi\u0142o\u015bci\u0105. Nasze produkty s\u0105 wykonywane r\u0119cznie z najlepszej jako\u015bci materia\u0142\u00f3w.\",\"publisher\":{\"@id\":\"https:\/\/dev.baylabel.pl\/#organization\"},\"potentialAction\":[{\"@type\":\"SearchAction\",\"target\":{\"@type\":\"EntryPoint\",\"urlTemplate\":\"https:\/\/dev.baylabel.pl\/?s={search_term_string}\"},\"query-input\":{\"@type\":\"PropertyValueSpecification\",\"valueRequired\":true,\"valueName\":\"search_term_string\"}}],\"inLanguage\":\"en-US\"},{\"@type\":\"Organization\",\"@id\":\"https:\/\/dev.baylabel.pl\/#organization\",\"name\":\"Baylabel\",\"url\":\"https:\/\/dev.baylabel.pl\/\",\"logo\":{\"@type\":\"ImageObject\",\"inLanguage\":\"en-US\",\"@id\":\"https:\/\/dev.baylabel.pl\/#\/schema\/logo\/image\/\",\"url\":\"https:\/\/dev.baylabel.pl\/wp-content\/uploads\/2025\/04\/akcesoria-dla-psow-baylabel.webp\",\"contentUrl\":\"https:\/\/dev.baylabel.pl\/wp-content\/uploads\/2025\/04\/akcesoria-dla-psow-baylabel.webp\",\"width\":135,\"height\":135,\"caption\":\"Baylabel\"},\"image\":{\"@id\":\"https:\/\/dev.baylabel.pl\/#\/schema\/logo\/image\/\"},\"sameAs\":[\"https:\/\/www.facebook.com\/baylabel\",\"https:\/\/www.instagram.com\/blb.animals\/\",\"https:\/\/www.youtube.com\/channel\/UCsRug2nImjgMvZ7nWubAF6w\"]}]}<\/script>\n<!-- \/ Yoast SEO plugin. -->","yoast_head_json":{"title":"Kolekcje i projektanci - Smycze, obro\u017ce i szelki dla psa i kota","robots":{"index":"noindex","follow":"follow","max-snippet":"max-snippet:-1","max-image-preview":"max-image-preview:large","max-video-preview":"max-video-preview:-1"},"og_locale":"en_US","og_type":"article","og_title":"Kolekcje i projektanci - Smycze, obro\u017ce i szelki dla psa i kota","og_url":"https:\/\/dev.baylabel.pl\/en\/kolekcje-i-projektanci\/","og_site_name":"Smycze, obro\u017ce i szelki dla psa i kota","article_publisher":"https:\/\/www.facebook.com\/baylabel","article_modified_time":"2025-02-19T09:48:40+00:00","og_image":[{"width":2560,"height":1706,"url":"https:\/\/dev.baylabel.pl\/wp-content\/uploads\/2025\/02\/stworzcie-razem-zgrany-duet.webp","type":"image\/webp"}],"twitter_card":"summary_large_image","schema":{"@context":"https:\/\/schema.org","@graph":[{"@type":"WebPage","@id":"https:\/\/dev.baylabel.pl\/kolekcje-i-projektanci\/","url":"https:\/\/dev.baylabel.pl\/kolekcje-i-projektanci\/","name":"Kolekcje i projektanci - Smycze, obro\u017ce i szelki dla psa i kota","isPartOf":{"@id":"https:\/\/dev.baylabel.pl\/#website"},"primaryImageOfPage":{"@id":"https:\/\/dev.baylabel.pl\/kolekcje-i-projektanci\/#primaryimage"},"image":{"@id":"https:\/\/dev.baylabel.pl\/kolekcje-i-projektanci\/#primaryimage"},"thumbnailUrl":"https:\/\/dev.baylabel.pl\/wp-content\/uploads\/2025\/02\/stworzcie-razem-zgrany-duet.webp","datePublished":"2025-02-12T13:31:28+00:00","dateModified":"2025-02-19T09:48:40+00:00","breadcrumb":{"@id":"https:\/\/dev.baylabel.pl\/kolekcje-i-projektanci\/#breadcrumb"},"inLanguage":"en-US","potentialAction":[{"@type":"ReadAction","target":["https:\/\/dev.baylabel.pl\/kolekcje-i-projektanci\/"]}]},{"@type":"ImageObject","inLanguage":"en-US","@id":"https:\/\/dev.baylabel.pl\/kolekcje-i-projektanci\/#primaryimage","url":"https:\/\/dev.baylabel.pl\/wp-content\/uploads\/2025\/02\/stworzcie-razem-zgrany-duet.webp","contentUrl":"https:\/\/dev.baylabel.pl\/wp-content\/uploads\/2025\/02\/stworzcie-razem-zgrany-duet.webp","width":2560,"height":1706},{"@type":"BreadcrumbList","@id":"https:\/\/dev.baylabel.pl\/kolekcje-i-projektanci\/#breadcrumb","itemListElement":[{"@type":"ListItem","position":1,"name":"Strona g\u0142\u00f3wna","item":"https:\/\/dev.baylabel.pl\/"},{"@type":"ListItem","position":2,"name":"Kolekcje i projektanci"}]},{"@type":"WebSite","@id":"https:\/\/dev.baylabel.pl\/#website","url":"https:\/\/dev.baylabel.pl\/","name":"Smycze, obro\u017ce i szelki dla psa i kota","description":"Akcesoria dla ps\u00f3w, smycze, obro\u017ce i szelki tworzymy z ogromn\u0105 mi\u0142o\u015bci\u0105. Nasze produkty s\u0105 wykonywane r\u0119cznie z najlepszej jako\u015bci materia\u0142\u00f3w.","publisher":{"@id":"https:\/\/dev.baylabel.pl\/#organization"},"potentialAction":[{"@type":"SearchAction","target":{"@type":"EntryPoint","urlTemplate":"https:\/\/dev.baylabel.pl\/?s={search_term_string}"},"query-input":{"@type":"PropertyValueSpecification","valueRequired":true,"valueName":"search_term_string"}}],"inLanguage":"en-US"},{"@type":"Organization","@id":"https:\/\/dev.baylabel.pl\/#organization","name":"Baylabel","url":"https:\/\/dev.baylabel.pl\/","logo":{"@type":"ImageObject","inLanguage":"en-US","@id":"https:\/\/dev.baylabel.pl\/#\/schema\/logo\/image\/","url":"https:\/\/dev.baylabel.pl\/wp-content\/uploads\/2025\/04\/akcesoria-dla-psow-baylabel.webp","contentUrl":"https:\/\/dev.baylabel.pl\/wp-content\/uploads\/2025\/04\/akcesoria-dla-psow-baylabel.webp","width":135,"height":135,"caption":"Baylabel"},"image":{"@id":"https:\/\/dev.baylabel.pl\/#\/schema\/logo\/image\/"},"sameAs":["https:\/\/www.facebook.com\/baylabel","https:\/\/www.instagram.com\/blb.animals\/","https:\/\/www.youtube.com\/channel\/UCsRug2nImjgMvZ7nWubAF6w"]}]}},"_links":{"self":[{"href":"https:\/\/dev.baylabel.pl\/en\/wp-json\/wp\/v2\/pages\/107","targetHints":{"allow":["GET"]}}],"collection":[{"href":"https:\/\/dev.baylabel.pl\/en\/wp-json\/wp\/v2\/pages"}],"about":[{"href":"https:\/\/dev.baylabel.pl\/en\/wp-json\/wp\/v2\/types\/page"}],"author":[{"embeddable":true,"href":"https:\/\/dev.baylabel.pl\/en\/wp-json\/wp\/v2\/users\/1"}],"replies":[{"embeddable":true,"href":"https:\/\/dev.baylabel.pl\/en\/wp-json\/wp\/v2\/comments?post=107"}],"version-history":[{"count":0,"href":"https:\/\/dev.baylabel.pl\/en\/wp-json\/wp\/v2\/pages\/107\/revisions"}],"wp:featuredmedia":[{"embeddable":true,"href":"https:\/\/dev.baylabel.pl\/en\/wp-json\/wp\/v2\/media\/108"}],"wp:attachment":[{"href":"https:\/\/dev.baylabel.pl\/en\/wp-json\/wp\/v2\/media?parent=107"}],"curies":[{"name":"wp","href":"https:\/\/api.w.org\/{rel}","templated":true}]}}