{"id":833,"date":"2025-02-20T10:53:28","date_gmt":"2025-02-20T09:53:28","guid":{"rendered":"http:\/\/dev.blblocal.pl:81\/?page_id=833"},"modified":"2025-04-28T10:04:23","modified_gmt":"2025-04-28T08:04:23","slug":"formy-platnosci","status":"publish","type":"page","link":"https:\/\/dev.baylabel.pl\/en\/formy-platnosci\/","title":{"rendered":"Formy p\u0142atno\u015bci"},"content":{"rendered":"<h1 class=\"wp-block-heading has-text-align-center\">FORMY P\u0141ATNO\u015aCI<\/h1><p class=\"has-text-align-center\">HBL INVESTMENTS Julia G\u00f3recka-Kijowska<\/p><p class=\"has-text-align-center\">Turzyn 71, 42-235 Lel\u00f3w<\/p><p class=\"has-text-align-center\">NIP: 6462972634<\/p><p class=\"has-text-align-center\">Numer konta:<\/p><p class=\"has-text-align-center\">ING 19 1050 1445 1000 0097 0446 0345<\/p><p class=\"has-text-align-center\">Prosimy pami\u0119ta\u0107 o podaniu numeru zam\u00f3wienia w tytule przelewu.<\/p><div class=\"wp-block-group is-content-justification-center is-layout-flex wp-container-core-group-is-layout-64b26803 wp-block-group-is-layout-flex\"><figure class=\"wp-block-image size-large\"><img decoding=\"async\" src=\"https:\/\/dev.baylabel.pl\/wp-content\/uploads\/2025\/02\/formy-platnosci-paypal.svg\" alt=\"\"\/><\/figure>\n\n<figure class=\"wp-block-image size-large\"><img decoding=\"async\" src=\"https:\/\/dev.baylabel.pl\/wp-content\/uploads\/2025\/02\/formy-platnosci-apple-pay.svg\" alt=\"\"\/><\/figure>\n\n<figure class=\"wp-block-image size-large\"><img decoding=\"async\" src=\"https:\/\/dev.baylabel.pl\/wp-content\/uploads\/2025\/02\/formy-platnosci-inpost-pay.svg\" alt=\"\"\/><\/figure>\n\n<figure class=\"wp-block-image size-large\"><img decoding=\"async\" src=\"https:\/\/dev.baylabel.pl\/wp-content\/uploads\/2025\/02\/formy-platnosci-blik.svg\" alt=\"\"\/><\/figure>\n\n<figure class=\"wp-block-image size-large\"><img decoding=\"async\" src=\"https:\/\/dev.baylabel.pl\/wp-content\/uploads\/2025\/02\/formy-platnosci-tpay.svg\" alt=\"\"\/><\/figure><\/div>","protected":false},"excerpt":{"rendered":"<p>FORMY P\u0141ATNO\u015aCI HBL INVESTMENTS Julia G\u00f3recka-Kijowska Turzyn 71, 42-235 Lel\u00f3w NIP: 6462972634 Numer konta: ING 19 1050 1445 1000 0097 0446 0345 Prosimy pami\u0119ta\u0107 o podaniu numeru zam\u00f3wienia w tytule przelewu.<\/p>","protected":false},"author":2,"featured_media":0,"parent":0,"menu_order":0,"comment_status":"closed","ping_status":"closed","template":"flexible_sections.php","meta":{"_acf_changed":false,"inline_featured_image":false,"footnotes":""},"class_list":["post-833","page","type-page","status-publish","hentry"],"acf":[],"yoast_head":"<!-- This site is optimized with the Yoast SEO plugin v24.9 - https:\/\/yoast.com\/wordpress\/plugins\/seo\/ -->\n<title>Formy p\u0142atno\u015bci - Smycze, obro\u017ce i szelki dla psa i kota<\/title>\n<meta name=\"robots\" content=\"noindex, follow, max-snippet:-1, max-image-preview:large, max-video-preview:-1\" \/>\n<meta property=\"og:locale\" content=\"en_US\" \/>\n<meta property=\"og:type\" content=\"article\" \/>\n<meta property=\"og:title\" content=\"Formy p\u0142atno\u015bci - Smycze, obro\u017ce i szelki dla psa i kota\" \/>\n<meta property=\"og:description\" content=\"FORMY P\u0141ATNO\u015aCI HBL INVESTMENTS Julia G\u00f3recka-Kijowska Turzyn 71, 42-235 Lel\u00f3w NIP: 6462972634 Numer konta: ING 19 1050 1445 1000 0097 0446 0345 Prosimy pami\u0119ta\u0107 o podaniu numeru zam\u00f3wienia w tytule przelewu.\" \/>\n<meta property=\"og:url\" content=\"https:\/\/dev.baylabel.pl\/en\/formy-platnosci\/\" \/>\n<meta property=\"og:site_name\" content=\"Smycze, obro\u017ce i szelki dla psa i kota\" \/>\n<meta property=\"article:publisher\" content=\"https:\/\/www.facebook.com\/baylabel\" \/>\n<meta property=\"article:modified_time\" content=\"2025-04-28T08:04:23+00:00\" \/>\n<meta property=\"og:image\" content=\"https:\/\/dev.baylabel.pl\/wp-content\/uploads\/2025\/02\/formy-platnosci-paypal.svg\" \/>\n<meta name=\"twitter:card\" content=\"summary_large_image\" \/>\n<meta name=\"twitter:label1\" content=\"Est. reading time\" \/>\n\t<meta name=\"twitter:data1\" content=\"2 minutes\" \/>\n<script type=\"application\/ld+json\" class=\"yoast-schema-graph\">{\"@context\":\"https:\/\/schema.org\",\"@graph\":[{\"@type\":\"WebPage\",\"@id\":\"https:\/\/dev.baylabel.pl\/formy-platnosci\/\",\"url\":\"https:\/\/dev.baylabel.pl\/formy-platnosci\/\",\"name\":\"Formy p\u0142atno\u015bci - Smycze, obro\u017ce i szelki dla psa i kota\",\"isPartOf\":{\"@id\":\"https:\/\/dev.baylabel.pl\/#website\"},\"primaryImageOfPage\":{\"@id\":\"https:\/\/dev.baylabel.pl\/formy-platnosci\/#primaryimage\"},\"image\":{\"@id\":\"https:\/\/dev.baylabel.pl\/formy-platnosci\/#primaryimage\"},\"thumbnailUrl\":\"https:\/\/dev.baylabel.pl\/wp-content\/uploads\/2025\/02\/formy-platnosci-paypal.svg\",\"datePublished\":\"2025-02-20T09:53:28+00:00\",\"dateModified\":\"2025-04-28T08:04:23+00:00\",\"breadcrumb\":{\"@id\":\"https:\/\/dev.baylabel.pl\/formy-platnosci\/#breadcrumb\"},\"inLanguage\":\"en-US\",\"potentialAction\":[{\"@type\":\"ReadAction\",\"target\":[\"https:\/\/dev.baylabel.pl\/formy-platnosci\/\"]}]},{\"@type\":\"ImageObject\",\"inLanguage\":\"en-US\",\"@id\":\"https:\/\/dev.baylabel.pl\/formy-platnosci\/#primaryimage\",\"url\":\"https:\/\/dev.baylabel.pl\/wp-content\/uploads\/2025\/02\/formy-platnosci-paypal.svg\",\"contentUrl\":\"https:\/\/dev.baylabel.pl\/wp-content\/uploads\/2025\/02\/formy-platnosci-paypal.svg\"},{\"@type\":\"BreadcrumbList\",\"@id\":\"https:\/\/dev.baylabel.pl\/formy-platnosci\/#breadcrumb\",\"itemListElement\":[{\"@type\":\"ListItem\",\"position\":1,\"name\":\"Strona g\u0142\u00f3wna\",\"item\":\"https:\/\/dev.baylabel.pl\/\"},{\"@type\":\"ListItem\",\"position\":2,\"name\":\"Formy p\u0142atno\u015bci\"}]},{\"@type\":\"WebSite\",\"@id\":\"https:\/\/dev.baylabel.pl\/#website\",\"url\":\"https:\/\/dev.baylabel.pl\/\",\"name\":\"Smycze, obro\u017ce i szelki dla psa i kota\",\"description\":\"Akcesoria dla ps\u00f3w, smycze, obro\u017ce i szelki tworzymy z ogromn\u0105 mi\u0142o\u015bci\u0105. Nasze produkty s\u0105 wykonywane r\u0119cznie z najlepszej jako\u015bci materia\u0142\u00f3w.\",\"publisher\":{\"@id\":\"https:\/\/dev.baylabel.pl\/#organization\"},\"potentialAction\":[{\"@type\":\"SearchAction\",\"target\":{\"@type\":\"EntryPoint\",\"urlTemplate\":\"https:\/\/dev.baylabel.pl\/?s={search_term_string}\"},\"query-input\":{\"@type\":\"PropertyValueSpecification\",\"valueRequired\":true,\"valueName\":\"search_term_string\"}}],\"inLanguage\":\"en-US\"},{\"@type\":\"Organization\",\"@id\":\"https:\/\/dev.baylabel.pl\/#organization\",\"name\":\"Baylabel\",\"url\":\"https:\/\/dev.baylabel.pl\/\",\"logo\":{\"@type\":\"ImageObject\",\"inLanguage\":\"en-US\",\"@id\":\"https:\/\/dev.baylabel.pl\/#\/schema\/logo\/image\/\",\"url\":\"https:\/\/dev.baylabel.pl\/wp-content\/uploads\/2025\/04\/akcesoria-dla-psow-baylabel.webp\",\"contentUrl\":\"https:\/\/dev.baylabel.pl\/wp-content\/uploads\/2025\/04\/akcesoria-dla-psow-baylabel.webp\",\"width\":135,\"height\":135,\"caption\":\"Baylabel\"},\"image\":{\"@id\":\"https:\/\/dev.baylabel.pl\/#\/schema\/logo\/image\/\"},\"sameAs\":[\"https:\/\/www.facebook.com\/baylabel\",\"https:\/\/www.instagram.com\/blb.animals\/\",\"https:\/\/www.youtube.com\/channel\/UCsRug2nImjgMvZ7nWubAF6w\"]}]}<\/script>\n<!-- \/ Yoast SEO plugin. -->","yoast_head_json":{"title":"Formy p\u0142atno\u015bci - Smycze, obro\u017ce i szelki dla psa i kota","robots":{"index":"noindex","follow":"follow","max-snippet":"max-snippet:-1","max-image-preview":"max-image-preview:large","max-video-preview":"max-video-preview:-1"},"og_locale":"en_US","og_type":"article","og_title":"Formy p\u0142atno\u015bci - Smycze, obro\u017ce i szelki dla psa i kota","og_description":"FORMY P\u0141ATNO\u015aCI HBL INVESTMENTS Julia G\u00f3recka-Kijowska Turzyn 71, 42-235 Lel\u00f3w NIP: 6462972634 Numer konta: ING 19 1050 1445 1000 0097 0446 0345 Prosimy pami\u0119ta\u0107 o podaniu numeru zam\u00f3wienia w tytule przelewu.","og_url":"https:\/\/dev.baylabel.pl\/en\/formy-platnosci\/","og_site_name":"Smycze, obro\u017ce i szelki dla psa i kota","article_publisher":"https:\/\/www.facebook.com\/baylabel","article_modified_time":"2025-04-28T08:04:23+00:00","og_image":[{"url":"https:\/\/dev.baylabel.pl\/wp-content\/uploads\/2025\/02\/formy-platnosci-paypal.svg","type":"","width":"","height":""}],"twitter_card":"summary_large_image","twitter_misc":{"Est. reading time":"2 minutes"},"schema":{"@context":"https:\/\/schema.org","@graph":[{"@type":"WebPage","@id":"https:\/\/dev.baylabel.pl\/formy-platnosci\/","url":"https:\/\/dev.baylabel.pl\/formy-platnosci\/","name":"Formy p\u0142atno\u015bci - Smycze, obro\u017ce i szelki dla psa i kota","isPartOf":{"@id":"https:\/\/dev.baylabel.pl\/#website"},"primaryImageOfPage":{"@id":"https:\/\/dev.baylabel.pl\/formy-platnosci\/#primaryimage"},"image":{"@id":"https:\/\/dev.baylabel.pl\/formy-platnosci\/#primaryimage"},"thumbnailUrl":"https:\/\/dev.baylabel.pl\/wp-content\/uploads\/2025\/02\/formy-platnosci-paypal.svg","datePublished":"2025-02-20T09:53:28+00:00","dateModified":"2025-04-28T08:04:23+00:00","breadcrumb":{"@id":"https:\/\/dev.baylabel.pl\/formy-platnosci\/#breadcrumb"},"inLanguage":"en-US","potentialAction":[{"@type":"ReadAction","target":["https:\/\/dev.baylabel.pl\/formy-platnosci\/"]}]},{"@type":"ImageObject","inLanguage":"en-US","@id":"https:\/\/dev.baylabel.pl\/formy-platnosci\/#primaryimage","url":"https:\/\/dev.baylabel.pl\/wp-content\/uploads\/2025\/02\/formy-platnosci-paypal.svg","contentUrl":"https:\/\/dev.baylabel.pl\/wp-content\/uploads\/2025\/02\/formy-platnosci-paypal.svg"},{"@type":"BreadcrumbList","@id":"https:\/\/dev.baylabel.pl\/formy-platnosci\/#breadcrumb","itemListElement":[{"@type":"ListItem","position":1,"name":"Strona g\u0142\u00f3wna","item":"https:\/\/dev.baylabel.pl\/"},{"@type":"ListItem","position":2,"name":"Formy p\u0142atno\u015bci"}]},{"@type":"WebSite","@id":"https:\/\/dev.baylabel.pl\/#website","url":"https:\/\/dev.baylabel.pl\/","name":"Smycze, obro\u017ce i szelki dla psa i kota","description":"Akcesoria dla ps\u00f3w, smycze, obro\u017ce i szelki tworzymy z ogromn\u0105 mi\u0142o\u015bci\u0105. Nasze produkty s\u0105 wykonywane r\u0119cznie z najlepszej jako\u015bci materia\u0142\u00f3w.","publisher":{"@id":"https:\/\/dev.baylabel.pl\/#organization"},"potentialAction":[{"@type":"SearchAction","target":{"@type":"EntryPoint","urlTemplate":"https:\/\/dev.baylabel.pl\/?s={search_term_string}"},"query-input":{"@type":"PropertyValueSpecification","valueRequired":true,"valueName":"search_term_string"}}],"inLanguage":"en-US"},{"@type":"Organization","@id":"https:\/\/dev.baylabel.pl\/#organization","name":"Baylabel","url":"https:\/\/dev.baylabel.pl\/","logo":{"@type":"ImageObject","inLanguage":"en-US","@id":"https:\/\/dev.baylabel.pl\/#\/schema\/logo\/image\/","url":"https:\/\/dev.baylabel.pl\/wp-content\/uploads\/2025\/04\/akcesoria-dla-psow-baylabel.webp","contentUrl":"https:\/\/dev.baylabel.pl\/wp-content\/uploads\/2025\/04\/akcesoria-dla-psow-baylabel.webp","width":135,"height":135,"caption":"Baylabel"},"image":{"@id":"https:\/\/dev.baylabel.pl\/#\/schema\/logo\/image\/"},"sameAs":["https:\/\/www.facebook.com\/baylabel","https:\/\/www.instagram.com\/blb.animals\/","https:\/\/www.youtube.com\/channel\/UCsRug2nImjgMvZ7nWubAF6w"]}]}},"_links":{"self":[{"href":"https:\/\/dev.baylabel.pl\/en\/wp-json\/wp\/v2\/pages\/833","targetHints":{"allow":["GET"]}}],"collection":[{"href":"https:\/\/dev.baylabel.pl\/en\/wp-json\/wp\/v2\/pages"}],"about":[{"href":"https:\/\/dev.baylabel.pl\/en\/wp-json\/wp\/v2\/types\/page"}],"author":[{"embeddable":true,"href":"https:\/\/dev.baylabel.pl\/en\/wp-json\/wp\/v2\/users\/2"}],"replies":[{"embeddable":true,"href":"https:\/\/dev.baylabel.pl\/en\/wp-json\/wp\/v2\/comments?post=833"}],"version-history":[{"count":0,"href":"https:\/\/dev.baylabel.pl\/en\/wp-json\/wp\/v2\/pages\/833\/revisions"}],"wp:attachment":[{"href":"https:\/\/dev.baylabel.pl\/en\/wp-json\/wp\/v2\/media?parent=833"}],"curies":[{"name":"wp","href":"https:\/\/api.w.org\/{rel}","templated":true}]}}