{"id":845,"date":"2025-02-20T11:35:29","date_gmt":"2025-02-20T10:35:29","guid":{"rendered":"http:\/\/dev.blblocal.pl:81\/?page_id=845"},"modified":"2025-07-15T12:07:48","modified_gmt":"2025-07-15T10:07:48","slug":"koszty-i-czas-dostawy","status":"publish","type":"page","link":"https:\/\/dev.baylabel.pl\/en\/koszty-i-czas-dostawy\/","title":{"rendered":"Czas realizacji, koszty i czas dostawy"},"content":{"rendered":"<h1 class=\"wp-block-heading has-text-align-center\">CZAS REALIZACJI ZAM\u00d3WIE\u0143<\/h1><div style=\"height:40px\" aria-hidden=\"true\" class=\"wp-block-spacer\"><\/div><p class=\"has-text-align-center\">Zam\u00f3wienia standardowe opuszczaj\u0105 nasz\u0105 pracowni\u0119 do 2 dni roboczych od dnia zakupu.<\/p><p class=\"has-text-align-center\">Produkty personalizowane wysy\u0142amy w 2-4 dni robocze od dnia zakupu.<\/p><p class=\"has-text-align-center\">Do czasu realizacji zam\u00f3wie\u0144 nale\u017cy doliczy\u0107 czas dostawy (1-2 dni przesy\u0142ki krajowe).<\/p><p class=\"has-text-align-center\">Deklarowany czas realizacji zam\u00f3wie\u0144 mo\u017ce ulec zmianie.<\/p><div style=\"height:40px\" aria-hidden=\"true\" class=\"wp-block-spacer\"><\/div><h1 class=\"wp-block-heading has-text-align-center\">KOSZTY I CZAS DOSTAWY<\/h1><div style=\"height:40px\" aria-hidden=\"true\" class=\"wp-block-spacer\"><\/div><div class=\"wp-block-columns center-on-mobile is-layout-flex wp-container-core-columns-is-layout-9d6595d7 wp-block-columns-is-layout-flex\"><div class=\"wp-block-column is-vertically-aligned-center is-layout-flow wp-block-column-is-layout-flow\"><div class=\"wp-block-image\"><figure class=\"aligncenter size-large is-resized\"><img decoding=\"async\" src=\"https:\/\/dev.baylabel.pl\/wp-content\/uploads\/2025\/02\/iko-darmowa-dostawa.png\" alt=\"\" style=\"width:250px;height:auto\"\/><\/figure><\/div><\/div>\n\n<div class=\"wp-block-column is-vertically-aligned-center is-layout-flow wp-block-column-is-layout-flow\"><div class=\"wp-block-image\"><figure class=\"aligncenter size-large\"><img decoding=\"async\" src=\"https:\/\/dev.baylabel.pl\/wp-content\/uploads\/2025\/02\/inpost-paczkomat.png\" alt=\"\"\/><\/figure><\/div>\n\n<p class=\"has-text-align-center\"><strong>13,99 z\u0142<\/strong><br>Czas dostawy 1-2 dni robocze<\/p><\/div>\n\n<div class=\"wp-block-column is-vertically-aligned-center is-layout-flow wp-block-column-is-layout-flow\"><div class=\"wp-block-image\"><figure class=\"aligncenter size-large\"><img decoding=\"async\" src=\"https:\/\/dev.baylabel.pl\/wp-content\/uploads\/2025\/02\/inpost-kurier.png\" alt=\"\"\/><\/figure><\/div>\n\n<p class=\"has-text-align-center\"><strong>14.99 z\u0142<\/strong><br>Czas dostawy 1-2 dni robocze<\/p><\/div>\n\n<div class=\"wp-block-column is-vertically-aligned-center is-layout-flow wp-block-column-is-layout-flow\"><div class=\"wp-block-image\"><figure class=\"aligncenter size-large is-resized\"><img decoding=\"async\" src=\"https:\/\/dev.baylabel.pl\/wp-content\/uploads\/2025\/02\/gls-kurier.png\" alt=\"\" style=\"width:220px;height:auto\"\/><\/figure><\/div>\n\n<p class=\"has-text-align-center\"><strong>18.99 z\u0142 (pobranie)<\/strong><\/p><\/div><\/div><div class=\"wp-block-columns center-on-mobile is-layout-flex wp-container-core-columns-is-layout-9d6595d7 wp-block-columns-is-layout-flex\"><div class=\"wp-block-column is-vertically-aligned-center is-layout-flow wp-block-column-is-layout-flow\"><div class=\"wp-block-image\"><figure class=\"aligncenter size-large\"><img decoding=\"async\" src=\"https:\/\/dev.baylabel.pl\/wp-content\/uploads\/2025\/02\/dpd-pickup.png\" alt=\"\"\/><\/figure><\/div>\n\n<p class=\"has-text-align-center\"><strong>12,99 z\u0142<\/strong><\/p><\/div>\n\n<div class=\"wp-block-column is-vertically-aligned-center is-layout-flow wp-block-column-is-layout-flow\"><div class=\"wp-block-image\"><figure class=\"aligncenter size-large\"><img decoding=\"async\" src=\"https:\/\/dev.baylabel.pl\/wp-content\/uploads\/2025\/02\/dpd-kurier.png\" alt=\"\"\/><\/figure><\/div>\n\n<p class=\"has-text-align-center\"><strong>14,99 z\u0142<\/strong><\/p><\/div>\n\n<div class=\"wp-block-column is-vertically-aligned-center is-layout-flow wp-block-column-is-layout-flow\"><div class=\"wp-block-image\"><figure class=\"aligncenter size-large\"><img decoding=\"async\" src=\"https:\/\/dev.baylabel.pl\/wp-content\/uploads\/2025\/02\/dpd-kurier.png\" alt=\"\"\/><\/figure><\/div>\n\n<p class=\"has-text-align-center\"><strong>16.99 z\u0142 (pobranie)<\/strong><\/p><\/div>\n\n<div class=\"wp-block-column is-vertically-aligned-center is-layout-flow wp-block-column-is-layout-flow\"><\/div><\/div><div style=\"height:40px\" aria-hidden=\"true\" class=\"wp-block-spacer\"><\/div><h1 class=\"wp-block-heading has-text-align-center\">PRZESY\u0141KI ZAGRANICZNE<\/h1><div style=\"height:40px\" aria-hidden=\"true\" class=\"wp-block-spacer\"><\/div><p class=\"has-text-align-center\">Wybierz w koszyku kraj dostawy, \u017ceby sprawdzi\u0107 dost\u0119pne formy i koszty dostawy.<\/p><p><\/p>","protected":false},"excerpt":{"rendered":"<p>CZAS REALIZACJI ZAM\u00d3WIE\u0143 Zam\u00f3wienia standardowe opuszczaj\u0105 nasz\u0105 pracowni\u0119 do 2 dni roboczych od dnia zakupu. Produkty personalizowane wysy\u0142amy w 2-4 dni robocze od dnia zakupu. Do czasu realizacji zam\u00f3wie\u0144 nale\u017cy doliczy\u0107 czas dostawy (1-2 dni przesy\u0142ki krajowe). Deklarowany czas realizacji zam\u00f3wie\u0144 mo\u017ce ulec zmianie. KOSZTY I CZAS DOSTAWY 13,99 z\u0142Czas dostawy 1-2 dni robocze 14.99 [&hellip;]<\/p>","protected":false},"author":2,"featured_media":0,"parent":0,"menu_order":0,"comment_status":"closed","ping_status":"closed","template":"flexible_sections.php","meta":{"_acf_changed":false,"inline_featured_image":false,"footnotes":""},"class_list":["post-845","page","type-page","status-publish","hentry"],"acf":[],"yoast_head":"<!-- This site is optimized with the Yoast SEO plugin v24.9 - https:\/\/yoast.com\/wordpress\/plugins\/seo\/ -->\n<title>Czas realizacji, koszty i czas dostawy - Smycze, obro\u017ce i szelki dla psa i kota<\/title>\n<meta name=\"robots\" content=\"noindex, follow, max-snippet:-1, max-image-preview:large, max-video-preview:-1\" \/>\n<meta property=\"og:locale\" content=\"en_US\" \/>\n<meta property=\"og:type\" content=\"article\" \/>\n<meta property=\"og:title\" content=\"Czas realizacji, koszty i czas dostawy - Smycze, obro\u017ce i szelki dla psa i kota\" \/>\n<meta property=\"og:description\" content=\"CZAS REALIZACJI ZAM\u00d3WIE\u0143 Zam\u00f3wienia standardowe opuszczaj\u0105 nasz\u0105 pracowni\u0119 do 2 dni roboczych od dnia zakupu. Produkty personalizowane wysy\u0142amy w 2-4 dni robocze od dnia zakupu. Do czasu realizacji zam\u00f3wie\u0144 nale\u017cy doliczy\u0107 czas dostawy (1-2 dni przesy\u0142ki krajowe). Deklarowany czas realizacji zam\u00f3wie\u0144 mo\u017ce ulec zmianie. KOSZTY I CZAS DOSTAWY 13,99 z\u0142Czas dostawy 1-2 dni robocze 14.99 [&hellip;]\" \/>\n<meta property=\"og:url\" content=\"https:\/\/dev.baylabel.pl\/en\/koszty-i-czas-dostawy\/\" \/>\n<meta property=\"og:site_name\" content=\"Smycze, obro\u017ce i szelki dla psa i kota\" \/>\n<meta property=\"article:publisher\" content=\"https:\/\/www.facebook.com\/baylabel\" \/>\n<meta property=\"article:modified_time\" content=\"2025-07-15T10:07:48+00:00\" \/>\n<meta property=\"og:image\" content=\"https:\/\/dev.baylabel.pl\/wp-content\/uploads\/2025\/02\/iko-darmowa-dostawa.png\" \/>\n<meta name=\"twitter:card\" content=\"summary_large_image\" \/>\n<meta name=\"twitter:label1\" content=\"Est. reading time\" \/>\n\t<meta name=\"twitter:data1\" content=\"2 minutes\" \/>\n<script type=\"application\/ld+json\" class=\"yoast-schema-graph\">{\"@context\":\"https:\/\/schema.org\",\"@graph\":[{\"@type\":\"WebPage\",\"@id\":\"https:\/\/dev.baylabel.pl\/koszty-i-czas-dostawy\/\",\"url\":\"https:\/\/dev.baylabel.pl\/koszty-i-czas-dostawy\/\",\"name\":\"Czas realizacji, koszty i czas dostawy - Smycze, obro\u017ce i szelki dla psa i kota\",\"isPartOf\":{\"@id\":\"https:\/\/dev.baylabel.pl\/#website\"},\"primaryImageOfPage\":{\"@id\":\"https:\/\/dev.baylabel.pl\/koszty-i-czas-dostawy\/#primaryimage\"},\"image\":{\"@id\":\"https:\/\/dev.baylabel.pl\/koszty-i-czas-dostawy\/#primaryimage\"},\"thumbnailUrl\":\"https:\/\/dev.baylabel.pl\/wp-content\/uploads\/2025\/02\/iko-darmowa-dostawa.png\",\"datePublished\":\"2025-02-20T10:35:29+00:00\",\"dateModified\":\"2025-07-15T10:07:48+00:00\",\"breadcrumb\":{\"@id\":\"https:\/\/dev.baylabel.pl\/koszty-i-czas-dostawy\/#breadcrumb\"},\"inLanguage\":\"en-US\",\"potentialAction\":[{\"@type\":\"ReadAction\",\"target\":[\"https:\/\/dev.baylabel.pl\/koszty-i-czas-dostawy\/\"]}]},{\"@type\":\"ImageObject\",\"inLanguage\":\"en-US\",\"@id\":\"https:\/\/dev.baylabel.pl\/koszty-i-czas-dostawy\/#primaryimage\",\"url\":\"https:\/\/dev.baylabel.pl\/wp-content\/uploads\/2025\/02\/iko-darmowa-dostawa.png\",\"contentUrl\":\"https:\/\/dev.baylabel.pl\/wp-content\/uploads\/2025\/02\/iko-darmowa-dostawa.png\"},{\"@type\":\"BreadcrumbList\",\"@id\":\"https:\/\/dev.baylabel.pl\/koszty-i-czas-dostawy\/#breadcrumb\",\"itemListElement\":[{\"@type\":\"ListItem\",\"position\":1,\"name\":\"Strona g\u0142\u00f3wna\",\"item\":\"https:\/\/dev.baylabel.pl\/\"},{\"@type\":\"ListItem\",\"position\":2,\"name\":\"Czas realizacji, koszty i czas dostawy\"}]},{\"@type\":\"WebSite\",\"@id\":\"https:\/\/dev.baylabel.pl\/#website\",\"url\":\"https:\/\/dev.baylabel.pl\/\",\"name\":\"Smycze, obro\u017ce i szelki dla psa i kota\",\"description\":\"Akcesoria dla ps\u00f3w, smycze, obro\u017ce i szelki tworzymy z ogromn\u0105 mi\u0142o\u015bci\u0105. Nasze produkty s\u0105 wykonywane r\u0119cznie z najlepszej jako\u015bci materia\u0142\u00f3w.\",\"publisher\":{\"@id\":\"https:\/\/dev.baylabel.pl\/#organization\"},\"potentialAction\":[{\"@type\":\"SearchAction\",\"target\":{\"@type\":\"EntryPoint\",\"urlTemplate\":\"https:\/\/dev.baylabel.pl\/?s={search_term_string}\"},\"query-input\":{\"@type\":\"PropertyValueSpecification\",\"valueRequired\":true,\"valueName\":\"search_term_string\"}}],\"inLanguage\":\"en-US\"},{\"@type\":\"Organization\",\"@id\":\"https:\/\/dev.baylabel.pl\/#organization\",\"name\":\"Baylabel\",\"url\":\"https:\/\/dev.baylabel.pl\/\",\"logo\":{\"@type\":\"ImageObject\",\"inLanguage\":\"en-US\",\"@id\":\"https:\/\/dev.baylabel.pl\/#\/schema\/logo\/image\/\",\"url\":\"https:\/\/dev.baylabel.pl\/wp-content\/uploads\/2025\/04\/akcesoria-dla-psow-baylabel.webp\",\"contentUrl\":\"https:\/\/dev.baylabel.pl\/wp-content\/uploads\/2025\/04\/akcesoria-dla-psow-baylabel.webp\",\"width\":135,\"height\":135,\"caption\":\"Baylabel\"},\"image\":{\"@id\":\"https:\/\/dev.baylabel.pl\/#\/schema\/logo\/image\/\"},\"sameAs\":[\"https:\/\/www.facebook.com\/baylabel\",\"https:\/\/www.instagram.com\/blb.animals\/\",\"https:\/\/www.youtube.com\/channel\/UCsRug2nImjgMvZ7nWubAF6w\"]}]}<\/script>\n<!-- \/ Yoast SEO plugin. -->","yoast_head_json":{"title":"Czas realizacji, koszty i czas dostawy - Smycze, obro\u017ce i szelki dla psa i kota","robots":{"index":"noindex","follow":"follow","max-snippet":"max-snippet:-1","max-image-preview":"max-image-preview:large","max-video-preview":"max-video-preview:-1"},"og_locale":"en_US","og_type":"article","og_title":"Czas realizacji, koszty i czas dostawy - Smycze, obro\u017ce i szelki dla psa i kota","og_description":"CZAS REALIZACJI ZAM\u00d3WIE\u0143 Zam\u00f3wienia standardowe opuszczaj\u0105 nasz\u0105 pracowni\u0119 do 2 dni roboczych od dnia zakupu. Produkty personalizowane wysy\u0142amy w 2-4 dni robocze od dnia zakupu. Do czasu realizacji zam\u00f3wie\u0144 nale\u017cy doliczy\u0107 czas dostawy (1-2 dni przesy\u0142ki krajowe). Deklarowany czas realizacji zam\u00f3wie\u0144 mo\u017ce ulec zmianie. KOSZTY I CZAS DOSTAWY 13,99 z\u0142Czas dostawy 1-2 dni robocze 14.99 [&hellip;]","og_url":"https:\/\/dev.baylabel.pl\/en\/koszty-i-czas-dostawy\/","og_site_name":"Smycze, obro\u017ce i szelki dla psa i kota","article_publisher":"https:\/\/www.facebook.com\/baylabel","article_modified_time":"2025-07-15T10:07:48+00:00","og_image":[{"url":"https:\/\/dev.baylabel.pl\/wp-content\/uploads\/2025\/02\/iko-darmowa-dostawa.png","type":"","width":"","height":""}],"twitter_card":"summary_large_image","twitter_misc":{"Est. reading time":"2 minutes"},"schema":{"@context":"https:\/\/schema.org","@graph":[{"@type":"WebPage","@id":"https:\/\/dev.baylabel.pl\/koszty-i-czas-dostawy\/","url":"https:\/\/dev.baylabel.pl\/koszty-i-czas-dostawy\/","name":"Czas realizacji, koszty i czas dostawy - Smycze, obro\u017ce i szelki dla psa i kota","isPartOf":{"@id":"https:\/\/dev.baylabel.pl\/#website"},"primaryImageOfPage":{"@id":"https:\/\/dev.baylabel.pl\/koszty-i-czas-dostawy\/#primaryimage"},"image":{"@id":"https:\/\/dev.baylabel.pl\/koszty-i-czas-dostawy\/#primaryimage"},"thumbnailUrl":"https:\/\/dev.baylabel.pl\/wp-content\/uploads\/2025\/02\/iko-darmowa-dostawa.png","datePublished":"2025-02-20T10:35:29+00:00","dateModified":"2025-07-15T10:07:48+00:00","breadcrumb":{"@id":"https:\/\/dev.baylabel.pl\/koszty-i-czas-dostawy\/#breadcrumb"},"inLanguage":"en-US","potentialAction":[{"@type":"ReadAction","target":["https:\/\/dev.baylabel.pl\/koszty-i-czas-dostawy\/"]}]},{"@type":"ImageObject","inLanguage":"en-US","@id":"https:\/\/dev.baylabel.pl\/koszty-i-czas-dostawy\/#primaryimage","url":"https:\/\/dev.baylabel.pl\/wp-content\/uploads\/2025\/02\/iko-darmowa-dostawa.png","contentUrl":"https:\/\/dev.baylabel.pl\/wp-content\/uploads\/2025\/02\/iko-darmowa-dostawa.png"},{"@type":"BreadcrumbList","@id":"https:\/\/dev.baylabel.pl\/koszty-i-czas-dostawy\/#breadcrumb","itemListElement":[{"@type":"ListItem","position":1,"name":"Strona g\u0142\u00f3wna","item":"https:\/\/dev.baylabel.pl\/"},{"@type":"ListItem","position":2,"name":"Czas realizacji, koszty i czas dostawy"}]},{"@type":"WebSite","@id":"https:\/\/dev.baylabel.pl\/#website","url":"https:\/\/dev.baylabel.pl\/","name":"Smycze, obro\u017ce i szelki dla psa i kota","description":"Akcesoria dla ps\u00f3w, smycze, obro\u017ce i szelki tworzymy z ogromn\u0105 mi\u0142o\u015bci\u0105. Nasze produkty s\u0105 wykonywane r\u0119cznie z najlepszej jako\u015bci materia\u0142\u00f3w.","publisher":{"@id":"https:\/\/dev.baylabel.pl\/#organization"},"potentialAction":[{"@type":"SearchAction","target":{"@type":"EntryPoint","urlTemplate":"https:\/\/dev.baylabel.pl\/?s={search_term_string}"},"query-input":{"@type":"PropertyValueSpecification","valueRequired":true,"valueName":"search_term_string"}}],"inLanguage":"en-US"},{"@type":"Organization","@id":"https:\/\/dev.baylabel.pl\/#organization","name":"Baylabel","url":"https:\/\/dev.baylabel.pl\/","logo":{"@type":"ImageObject","inLanguage":"en-US","@id":"https:\/\/dev.baylabel.pl\/#\/schema\/logo\/image\/","url":"https:\/\/dev.baylabel.pl\/wp-content\/uploads\/2025\/04\/akcesoria-dla-psow-baylabel.webp","contentUrl":"https:\/\/dev.baylabel.pl\/wp-content\/uploads\/2025\/04\/akcesoria-dla-psow-baylabel.webp","width":135,"height":135,"caption":"Baylabel"},"image":{"@id":"https:\/\/dev.baylabel.pl\/#\/schema\/logo\/image\/"},"sameAs":["https:\/\/www.facebook.com\/baylabel","https:\/\/www.instagram.com\/blb.animals\/","https:\/\/www.youtube.com\/channel\/UCsRug2nImjgMvZ7nWubAF6w"]}]}},"_links":{"self":[{"href":"https:\/\/dev.baylabel.pl\/en\/wp-json\/wp\/v2\/pages\/845","targetHints":{"allow":["GET"]}}],"collection":[{"href":"https:\/\/dev.baylabel.pl\/en\/wp-json\/wp\/v2\/pages"}],"about":[{"href":"https:\/\/dev.baylabel.pl\/en\/wp-json\/wp\/v2\/types\/page"}],"author":[{"embeddable":true,"href":"https:\/\/dev.baylabel.pl\/en\/wp-json\/wp\/v2\/users\/2"}],"replies":[{"embeddable":true,"href":"https:\/\/dev.baylabel.pl\/en\/wp-json\/wp\/v2\/comments?post=845"}],"version-history":[{"count":0,"href":"https:\/\/dev.baylabel.pl\/en\/wp-json\/wp\/v2\/pages\/845\/revisions"}],"wp:attachment":[{"href":"https:\/\/dev.baylabel.pl\/en\/wp-json\/wp\/v2\/media?parent=845"}],"curies":[{"name":"wp","href":"https:\/\/api.w.org\/{rel}","templated":true}]}}