{"id":856,"date":"2025-02-20T11:55:35","date_gmt":"2025-02-20T10:55:35","guid":{"rendered":"http:\/\/dev.blblocal.pl:81\/?page_id=856"},"modified":"2025-06-30T09:08:51","modified_gmt":"2025-06-30T07:08:51","slug":"zwroty-i-reklamacje","status":"publish","type":"page","link":"https:\/\/dev.baylabel.pl\/en\/zwroty-i-reklamacje\/","title":{"rendered":"Zwroty i reklamacje"},"content":{"rendered":"<h1 class=\"wp-block-heading has-text-align-center\">ZWROTY I REKLAMACJE<\/h1><h2 class=\"wp-block-heading has-text-align-center\">Zwrotu towaru za po\u015brednictwem Szybkie Zwroty Inpost<\/h2><ol class=\"wp-block-list\"><li>Przejd\u017a na stron\u0119 <a href=\"https:\/\/szybkiezwroty.pl\/\" target=\"_blank\" rel=\"noopener\">szybkiezwroty.pl<\/a><\/li>\n\n<li>Znajd\u017a i wybierz z listy sklep <strong>BAYLABEL.PL<\/strong> i kliknij <strong>Zwr\u00f3\u0107<\/strong><\/li>\n\n<li>Zaznacz <strong>rozmiar paczki A<\/strong> &#8211; Ma\u0142a paczka<\/li>\n\n<li>Uzupe\u0142nij formularz zwrotu paczki ( b\u0119dziesz potrzebowa\u0142 numer zam\u00f3wienia )<\/li>\n\n<li>Po przes\u0142aniu zg\u0142oszenia zwrotu, otrzymasz kod, kt\u00f3ry nale\u017cy poda\u0107 podczas wysy\u0142ania paczki.<\/li>\n\n<li>Koszt paczki ze zwrotem wynosi 12.99 z\u0142 i zostanie odj\u0119ty od kwoty ca\u0142ego zwrotu.<\/li><\/ol><h2 class=\"wp-block-heading has-text-align-center\">Standardowa procedura zwrotu towaru<\/h2><ol class=\"wp-block-list\"><li>W przypadku, gdy zakupiony przez klienta towar nie spe\u0142nia jego oczekiwa\u0144, bardzo prosimy o pobranie ze strony internetowej, wydrukowanie i wype\u0142nienie formularza zwrotu lub wymiany.<\/li>\n\n<li>Uzupe\u0142niony, podpisany formularz wraz z dowodem zakupu (paragonem) oraz zwracanym towarem prosimy odes\u0142a\u0107 na nasz adres: HBL INVESTMENTS JULIA G\u00d3RECKA-KIJOWSKA, Turzyn 71, 42-235 Lel\u00f3w<\/li>\n\n<li>Prosimy pami\u0119ta\u0107 o braku mo\u017cliwo\u015bci zwrotu produkt\u00f3w personalizowanych (przed\u0142u\u017cenia smyczy, dopasowania szelek i obro\u017cy, podszycia, odblaski i inne odst\u0119pstwa od standardowych wzor\u00f3w i rozmiar\u00f3w na \u017cyczenie klienta).<\/li><\/ol><div class=\"wp-block-columns is-layout-flex wp-container-core-columns-is-layout-9d6595d7 wp-block-columns-is-layout-flex\"><div class=\"wp-block-column is-layout-flow wp-block-column-is-layout-flow\"><div class=\"wp-block-columns is-layout-flex wp-container-core-columns-is-layout-9d6595d7 wp-block-columns-is-layout-flex\"><div class=\"wp-block-column is-layout-flow wp-block-column-is-layout-flow\"><p class=\"has-text-align-center has-x-large-font-size\"><strong>1<\/strong><\/p>\n\n<div class=\"wp-block-image\"><figure class=\"aligncenter size-large\"><img decoding=\"async\" src=\"https:\/\/dev.baylabel.pl\/wp-content\/uploads\/2025\/02\/1.png\" alt=\"\"\/><\/figure><\/div>\n\n<p class=\"has-text-align-center\">Wype\u0142nij i wydrukuj formularz<br>zwrotu towaru dost\u0119pny &gt;&gt; <a href=\"https:\/\/dev.baylabel.pl\/wp-content\/uploads\/2025\/04\/formularz_zwrotu_towaru.pdf\" target=\"_blank\" rel=\"noreferrer noopener\">tutaj<\/a>.<\/p><\/div>\n\n<div class=\"wp-block-column is-layout-flow wp-block-column-is-layout-flow\"><p class=\"has-text-align-center has-x-large-font-size\"><strong>2<\/strong><\/p>\n\n<div class=\"wp-block-image\"><figure class=\"aligncenter size-large\"><img decoding=\"async\" src=\"https:\/\/dev.baylabel.pl\/wp-content\/uploads\/2025\/02\/2.png\" alt=\"\"\/><\/figure><\/div>\n\n<p class=\"has-text-align-center\">Wykonaj przelew, kt\u00f3ry pokrywa koszt kuriera od nas do Ciebie na kwot\u0119<br><strong>13,99 z\u0142<\/strong><br>na konto:<br><strong>19 1050 1445 1000 0097 0446 0345<\/strong><br>potwierdzenie przelewu prosz\u0119 podes\u0142a\u0107 na:<br><strong>biuro@dev.baylabel.pl<\/strong><\/p><\/div><\/div><\/div>\n\n<div class=\"wp-block-column is-layout-flow wp-block-column-is-layout-flow\"><div class=\"wp-block-columns is-layout-flex wp-container-core-columns-is-layout-9d6595d7 wp-block-columns-is-layout-flex\"><div class=\"wp-block-column is-layout-flow wp-block-column-is-layout-flow\"><p class=\"has-text-align-center has-x-large-font-size\"><strong>3<\/strong><\/p>\n\n<div class=\"wp-block-image\"><figure class=\"aligncenter size-large\"><img decoding=\"async\" src=\"https:\/\/dev.baylabel.pl\/wp-content\/uploads\/2025\/02\/3.png\" alt=\"\"\/><\/figure><\/div>\n\n<p class=\"has-text-align-center\">Zapakuj produkt, kt\u00f3ry<br>chcesz zwr\u00f3ci\u0107 i do\u0142\u00f3\u017c do paczki<br>paragon oraz wype\u0142niony formularz<\/p><\/div>\n\n<div class=\"wp-block-column is-layout-flow wp-block-column-is-layout-flow\"><p class=\"has-text-align-center has-x-large-font-size\"><strong>4<\/strong><\/p>\n\n<div class=\"wp-block-image\"><figure class=\"aligncenter size-large\"><img decoding=\"async\" src=\"https:\/\/dev.baylabel.pl\/wp-content\/uploads\/2025\/02\/4.png\" alt=\"\"\/><\/figure><\/div>\n\n<p class=\"has-text-align-center\">Szczelnie zapakowan\u0105 paczk\u0119 ode\u015blij na adres:<br><strong>Julia G\u00f3recka<\/strong><br><strong>Turzyn 71<\/strong><br><strong>42-235 Lel\u00f3w<\/strong><br><strong>tel.: 724 890 008<\/strong><br>Gdy tylko paczka do nas dotrze,<br>postaramy si\u0119 szybko zwr\u00f3ci\u0107 Ci \u015brodki na wskazany rachunek bankowy =)<\/p><\/div><\/div><\/div><\/div><h2 class=\"wp-block-heading has-text-align-center\">Procedura wymiany towaru<\/h2><p>Wymiana towaru w naszym sklepie polega na zwr\u00f3ceniu produkt\u00f3w zgodnie z powy\u017cszym i z\u0142o\u017ceniu nowego zam\u00f3wienia.<\/p><h2 class=\"wp-block-heading has-text-align-center\">Warunki zwrotu &#8211; odst\u0105pienia od umowy<\/h2><ol class=\"wp-block-list\"><li><p align=\"JUSTIFY\">Na podstawie przepis\u00f3w prawa, klient ma prawo w terminie 14 dni kalendarzowych liczonych od dnia dostawy towaru do odst\u0105pienia od umowy, o czym jest niniejszym informowany. Do zachowania terminu wystarczy wys\u0142anie o\u015bwiadczenia przed jego up\u0142ywem. O\u015bwiadczenie mo\u017cna z\u0142o\u017cy\u0107 na formularzu, kt\u00f3rego wz\u00f3r stanowi za\u0142\u0105cznik do ustawy o prawach konsumenta z dnia 30 maja 2014 r. W przypadku odst\u0105pienia od umowy koszt dostarczenia zwracanego towaru ponosi Klient. Prawo odst\u0105pienia nie przys\u0142uguje Klientowi w przypadkach okre\u015blonych w art. 38 ustawy prawach konsumenta tj. w zakresie m.in.: a) Prawo odst\u0105pienia od umowy nie przys\u0142uguje klientowi w przypadku, gdy przedmiotem umowy sprzeda\u017cy s\u0105 rzeczy nieprefabrykowane, wyprodukowane wed\u0142ug specyfikacji konsumenta lub s\u0142u\u017c\u0105ca zaspokojeniu jego zindywidualizowanych potrzeb \u2013 dotyczy to&nbsp;wszystkich spersonalizowanych produkt\u00f3w marki Baylabel oraz grawerowanych adresownik\u00f3w.<\/p><\/li>\n\n<li><p align=\"JUSTIFY\">Bieg terminu okre\u015blonego w ust. 1 rozpoczyna si\u0119 od dostarczenia towaru Konsumentowi lub wskazanej przez niego osobie innej ni\u017c przewo\u017anik.<\/p><\/li>\n\n<li><p align=\"JUSTIFY\">W przypadku Umowy, kt\u00f3ra obejmuje wiele Produkt\u00f3w, kt\u00f3re s\u0105 dostarczane osobno, partiami lub w cz\u0119\u015bciach, termin wskazany w ust. 1 biegnie od dostawy ostatniej rzeczy, partii lub cz\u0119\u015bci.<\/p><\/li>\n\n<li><p align=\"JUSTIFY\">Konsument mo\u017ce odst\u0105pi\u0107 od Umowy, sk\u0142adaj\u0105c Sprzedawcy o\u015bwiadczenie o odst\u0105pieniu od Umowy. Do zachowania terminu odst\u0105pienia od Umowy wystarczy wys\u0142anie przez Konsumenta o\u015bwiadczenia przed up\u0142ywem tego terminu.<\/p><\/li>\n\n<li><p align=\"JUSTIFY\">O\u015bwiadczenie mo\u017ce by\u0107 wys\u0142ane za pomoc\u0105 tradycyjnej poczty b\u0105d\u017a drog\u0105 elektroniczn\u0105 poprzez przes\u0142anie o\u015bwiadczenia na adres e-mail Sprzedawcy.<\/p><\/li>\n\n<li><p align=\"JUSTIFY\"><span style=\"font-size: revert; color: initial;\">W przypadku przes\u0142ania o\u015bwiadczenia przez Konsumenta drog\u0105 elektroniczn\u0105, Sprzedawca niezw\u0142ocznie prze\u015ble Konsumentowi na podany przez Konsumenta adres e-mail potwierdzenie otrzymania o\u015bwiadczenia o odst\u0105pieniu od Umowy.<\/span><\/p><\/li>\n\n<li><p align=\"JUSTIFY\"><span style=\"font-size: revert; color: initial;\">W przypadku odst\u0105pienia od umowy zawartej na odleg\u0142o\u015b\u0107, umowa jest uwa\u017cana za niezawart\u0105. To, co strony \u015bwiadczy\u0142y, ulega zwrotowi w stanie niezmienionym, chyba, \u017ce zmiana by\u0142a konieczna w granicach zwyk\u0142ego zarz\u0105du.<\/span><\/p><\/li>\n\n<li><p align=\"JUSTIFY\"><span style=\"font-size: revert; color: initial;\">Skutki odst\u0105pienia od Umowy:<\/span><\/p><\/li>\n\n<li><p align=\"JUSTIFY\">W przypadku odst\u0105pienia od Umowy zawartej na odleg\u0142o\u015b\u0107 Umow\u0119 uwa\u017ca si\u0119 za niezawart\u0105. W przypadku odst\u0105pienia od Umowy Sprzedawca zwraca Konsumentowi niezw\u0142ocznie, nie p\u00f3\u017aniej ni\u017c w terminie 14 dni od dnia otrzymania o\u015bwiadczenia Konsumenta o odst\u0105pieniu od Umowy, dokonane przez niego p\u0142atno\u015bci. Zwrotu p\u0142atno\u015bci Sprzedawca dokona przy u\u017cyciu takich samych metod p\u0142atno\u015bci, jakie zosta\u0142y przez Konsumenta u\u017cyte w pierwotnej transakcji, chyba \u017ce Konsument wyra\u017anie zgodzi\u0142 si\u0119 na inne rozwi\u0105zanie, kt\u00f3re nie b\u0119dzie si\u0119 wi\u0105za\u0142o dla niego z \u017cadnymi kosztami. Sprzedawca mo\u017ce wstrzyma\u0107 si\u0119 ze zwrotem p\u0142atno\u015bci do czasu otrzymania Produktu z powrotem lub do czasu dostarczenia mu dowodu jego odes\u0142ania, w zale\u017cno\u015bci od tego, kt\u00f3re zdarzenie nast\u0105pi wcze\u015bniej. Konsument powinien odes\u0142a\u0107 Produkt na adres Sprzedawcy podany w niniejszym Regulaminie niezw\u0142ocznie, nie p\u00f3\u017aniej ni\u017c 14 dni od dnia, w kt\u00f3rym poinformowa\u0142 Sprzedawc\u0119 o odst\u0105pieniu od Umowy. Termin zostanie zachowany, je\u015bli Konsument ode\u015ble Produkt przed up\u0142ywem terminu 14 dni. Konsument ponosi bezpo\u015brednie koszty zwrotu Produktu.<\/p><\/li>\n\n<li><p align=\"JUSTIFY\">Artyku\u0142 38 ustawy\u00a0dnia 24 czerwca 2014 r. ( z p\u00f3\u017an. zmianami)\u00a0o prawach konsument\u00f3w zawiera wykaz towar\u00f3w i us\u0142ug, do kt\u00f3rych prawo odst\u0105pienia od umowy nie przys\u0142uguje.<\/p><\/li><\/ol><h2 class=\"wp-block-heading has-text-align-center\">Warunki reklamacji produkt\u00f3w zakupionych w serwisie www.baylabel.pl<\/h2><ol class=\"wp-block-list\"><li><p align=\"JUSTIFY\">W przypadku niezgodno\u015bci towaru z umow\u0105 Klient powinien odes\u0142a\u0107 do Sklepu reklamowany towar wraz z opisem niezgodno\u015bci, korzystaj\u0105c z ze strony szybkiezwroty.pl, wybieraj\u0105c z listy sklep\u00f3w nazw\u0119 BAYLABEL.<\/p><\/li>\n\n<li><p align=\"JUSTIFY\">Sklep ustosunkowuje si\u0119 do reklamacji Klienta w terminie 14 dni roboczych od momentu zwrotu towaru wraz z opisem niezgodno\u015bci.<\/p><\/li>\n\n<li><p align=\"JUSTIFY\">Gdy realizacja uzasadnionej reklamacji wi\u0105\u017ce si\u0119 z wys\u0142aniem Klientowi nowego towaru b\u0105d\u017a usuni\u0119cia niezgodno\u015bci, koszty dostaw ponosi Sklep.<\/p><\/li>\n\n<li><p align=\"JUSTIFY\">Indywidualne ustawienia komputera i monitora Klienta powoduj\u0105ce b\u0142\u0119dne lub zniekszta\u0142cone wy\u015bwietlanie informacji o towarach (np. kolor\u00f3w), nie mog\u0105 by\u0107 podstaw\u0105 reklamacji.<\/p><\/li>\n\n<li><p align=\"JUSTIFY\">W przypadku nieuznania reklamacji koszty wysy\u0142ki ponosi Kupuj\u0105cy.<\/p><\/li><\/ol>","protected":false},"excerpt":{"rendered":"<p>ZWROTY I REKLAMACJE Zwrotu towaru za po\u015brednictwem Szybkie Zwroty Inpost Standardowa procedura zwrotu towaru 1 Wype\u0142nij i wydrukuj formularzzwrotu towaru dost\u0119pny &gt;&gt; tutaj. 2 Wykonaj przelew, kt\u00f3ry pokrywa koszt kuriera od nas do Ciebie na kwot\u011913,99 z\u0142na konto:19 1050 1445 1000 0097 0446 0345potwierdzenie przelewu prosz\u0119 podes\u0142a\u0107 na:biuro@dev.baylabel.pl 3 Zapakuj produkt, kt\u00f3rychcesz zwr\u00f3ci\u0107 i do\u0142\u00f3\u017c [&hellip;]<\/p>","protected":false},"author":2,"featured_media":0,"parent":0,"menu_order":0,"comment_status":"closed","ping_status":"closed","template":"flexible_sections.php","meta":{"_acf_changed":false,"inline_featured_image":false,"footnotes":""},"class_list":["post-856","page","type-page","status-publish","hentry"],"acf":[],"yoast_head":"<!-- This site is optimized with the Yoast SEO plugin v24.9 - https:\/\/yoast.com\/wordpress\/plugins\/seo\/ -->\n<title>Zwroty i reklamacje - Smycze, obro\u017ce i szelki dla psa i kota<\/title>\n<meta name=\"robots\" content=\"noindex, follow, max-snippet:-1, max-image-preview:large, max-video-preview:-1\" \/>\n<meta property=\"og:locale\" content=\"en_US\" \/>\n<meta property=\"og:type\" content=\"article\" \/>\n<meta property=\"og:title\" content=\"Zwroty i reklamacje - Smycze, obro\u017ce i szelki dla psa i kota\" \/>\n<meta property=\"og:description\" content=\"ZWROTY I REKLAMACJE Zwrotu towaru za po\u015brednictwem Szybkie Zwroty Inpost Standardowa procedura zwrotu towaru 1 Wype\u0142nij i wydrukuj formularzzwrotu towaru dost\u0119pny &gt;&gt; tutaj. 2 Wykonaj przelew, kt\u00f3ry pokrywa koszt kuriera od nas do Ciebie na kwot\u011913,99 z\u0142na konto:19 1050 1445 1000 0097 0446 0345potwierdzenie przelewu prosz\u0119 podes\u0142a\u0107 na:biuro@dev.baylabel.pl 3 Zapakuj produkt, kt\u00f3rychcesz zwr\u00f3ci\u0107 i do\u0142\u00f3\u017c [&hellip;]\" \/>\n<meta property=\"og:url\" content=\"https:\/\/dev.baylabel.pl\/en\/zwroty-i-reklamacje\/\" \/>\n<meta property=\"og:site_name\" content=\"Smycze, obro\u017ce i szelki dla psa i kota\" \/>\n<meta property=\"article:publisher\" content=\"https:\/\/www.facebook.com\/baylabel\" \/>\n<meta property=\"article:modified_time\" content=\"2025-06-30T07:08:51+00:00\" \/>\n<meta property=\"og:image\" content=\"https:\/\/dev.baylabel.pl\/wp-content\/uploads\/2025\/02\/1.png\" \/>\n<meta name=\"twitter:card\" content=\"summary_large_image\" \/>\n<meta name=\"twitter:label1\" content=\"Est. reading time\" \/>\n\t<meta name=\"twitter:data1\" content=\"6 minutes\" \/>\n<script type=\"application\/ld+json\" class=\"yoast-schema-graph\">{\"@context\":\"https:\/\/schema.org\",\"@graph\":[{\"@type\":\"WebPage\",\"@id\":\"https:\/\/dev.baylabel.pl\/zwroty-i-reklamacje\/\",\"url\":\"https:\/\/dev.baylabel.pl\/zwroty-i-reklamacje\/\",\"name\":\"Zwroty i reklamacje - Smycze, obro\u017ce i szelki dla psa i kota\",\"isPartOf\":{\"@id\":\"https:\/\/dev.baylabel.pl\/#website\"},\"primaryImageOfPage\":{\"@id\":\"https:\/\/dev.baylabel.pl\/zwroty-i-reklamacje\/#primaryimage\"},\"image\":{\"@id\":\"https:\/\/dev.baylabel.pl\/zwroty-i-reklamacje\/#primaryimage\"},\"thumbnailUrl\":\"https:\/\/dev.baylabel.pl\/wp-content\/uploads\/2025\/02\/1.png\",\"datePublished\":\"2025-02-20T10:55:35+00:00\",\"dateModified\":\"2025-06-30T07:08:51+00:00\",\"breadcrumb\":{\"@id\":\"https:\/\/dev.baylabel.pl\/zwroty-i-reklamacje\/#breadcrumb\"},\"inLanguage\":\"en-US\",\"potentialAction\":[{\"@type\":\"ReadAction\",\"target\":[\"https:\/\/dev.baylabel.pl\/zwroty-i-reklamacje\/\"]}]},{\"@type\":\"ImageObject\",\"inLanguage\":\"en-US\",\"@id\":\"https:\/\/dev.baylabel.pl\/zwroty-i-reklamacje\/#primaryimage\",\"url\":\"https:\/\/dev.baylabel.pl\/wp-content\/uploads\/2025\/02\/1.png\",\"contentUrl\":\"https:\/\/dev.baylabel.pl\/wp-content\/uploads\/2025\/02\/1.png\"},{\"@type\":\"BreadcrumbList\",\"@id\":\"https:\/\/dev.baylabel.pl\/zwroty-i-reklamacje\/#breadcrumb\",\"itemListElement\":[{\"@type\":\"ListItem\",\"position\":1,\"name\":\"Strona g\u0142\u00f3wna\",\"item\":\"https:\/\/dev.baylabel.pl\/\"},{\"@type\":\"ListItem\",\"position\":2,\"name\":\"Zwroty i reklamacje\"}]},{\"@type\":\"WebSite\",\"@id\":\"https:\/\/dev.baylabel.pl\/#website\",\"url\":\"https:\/\/dev.baylabel.pl\/\",\"name\":\"Smycze, obro\u017ce i szelki dla psa i kota\",\"description\":\"Akcesoria dla ps\u00f3w, smycze, obro\u017ce i szelki tworzymy z ogromn\u0105 mi\u0142o\u015bci\u0105. Nasze produkty s\u0105 wykonywane r\u0119cznie z najlepszej jako\u015bci materia\u0142\u00f3w.\",\"publisher\":{\"@id\":\"https:\/\/dev.baylabel.pl\/#organization\"},\"potentialAction\":[{\"@type\":\"SearchAction\",\"target\":{\"@type\":\"EntryPoint\",\"urlTemplate\":\"https:\/\/dev.baylabel.pl\/?s={search_term_string}\"},\"query-input\":{\"@type\":\"PropertyValueSpecification\",\"valueRequired\":true,\"valueName\":\"search_term_string\"}}],\"inLanguage\":\"en-US\"},{\"@type\":\"Organization\",\"@id\":\"https:\/\/dev.baylabel.pl\/#organization\",\"name\":\"Baylabel\",\"url\":\"https:\/\/dev.baylabel.pl\/\",\"logo\":{\"@type\":\"ImageObject\",\"inLanguage\":\"en-US\",\"@id\":\"https:\/\/dev.baylabel.pl\/#\/schema\/logo\/image\/\",\"url\":\"https:\/\/dev.baylabel.pl\/wp-content\/uploads\/2025\/04\/akcesoria-dla-psow-baylabel.webp\",\"contentUrl\":\"https:\/\/dev.baylabel.pl\/wp-content\/uploads\/2025\/04\/akcesoria-dla-psow-baylabel.webp\",\"width\":135,\"height\":135,\"caption\":\"Baylabel\"},\"image\":{\"@id\":\"https:\/\/dev.baylabel.pl\/#\/schema\/logo\/image\/\"},\"sameAs\":[\"https:\/\/www.facebook.com\/baylabel\",\"https:\/\/www.instagram.com\/blb.animals\/\",\"https:\/\/www.youtube.com\/channel\/UCsRug2nImjgMvZ7nWubAF6w\"]}]}<\/script>\n<!-- \/ Yoast SEO plugin. -->","yoast_head_json":{"title":"Zwroty i reklamacje - Smycze, obro\u017ce i szelki dla psa i kota","robots":{"index":"noindex","follow":"follow","max-snippet":"max-snippet:-1","max-image-preview":"max-image-preview:large","max-video-preview":"max-video-preview:-1"},"og_locale":"en_US","og_type":"article","og_title":"Zwroty i reklamacje - Smycze, obro\u017ce i szelki dla psa i kota","og_description":"ZWROTY I REKLAMACJE Zwrotu towaru za po\u015brednictwem Szybkie Zwroty Inpost Standardowa procedura zwrotu towaru 1 Wype\u0142nij i wydrukuj formularzzwrotu towaru dost\u0119pny &gt;&gt; tutaj. 2 Wykonaj przelew, kt\u00f3ry pokrywa koszt kuriera od nas do Ciebie na kwot\u011913,99 z\u0142na konto:19 1050 1445 1000 0097 0446 0345potwierdzenie przelewu prosz\u0119 podes\u0142a\u0107 na:biuro@dev.baylabel.pl 3 Zapakuj produkt, kt\u00f3rychcesz zwr\u00f3ci\u0107 i do\u0142\u00f3\u017c [&hellip;]","og_url":"https:\/\/dev.baylabel.pl\/en\/zwroty-i-reklamacje\/","og_site_name":"Smycze, obro\u017ce i szelki dla psa i kota","article_publisher":"https:\/\/www.facebook.com\/baylabel","article_modified_time":"2025-06-30T07:08:51+00:00","og_image":[{"url":"https:\/\/dev.baylabel.pl\/wp-content\/uploads\/2025\/02\/1.png","type":"","width":"","height":""}],"twitter_card":"summary_large_image","twitter_misc":{"Est. reading time":"6 minutes"},"schema":{"@context":"https:\/\/schema.org","@graph":[{"@type":"WebPage","@id":"https:\/\/dev.baylabel.pl\/zwroty-i-reklamacje\/","url":"https:\/\/dev.baylabel.pl\/zwroty-i-reklamacje\/","name":"Zwroty i reklamacje - Smycze, obro\u017ce i szelki dla psa i kota","isPartOf":{"@id":"https:\/\/dev.baylabel.pl\/#website"},"primaryImageOfPage":{"@id":"https:\/\/dev.baylabel.pl\/zwroty-i-reklamacje\/#primaryimage"},"image":{"@id":"https:\/\/dev.baylabel.pl\/zwroty-i-reklamacje\/#primaryimage"},"thumbnailUrl":"https:\/\/dev.baylabel.pl\/wp-content\/uploads\/2025\/02\/1.png","datePublished":"2025-02-20T10:55:35+00:00","dateModified":"2025-06-30T07:08:51+00:00","breadcrumb":{"@id":"https:\/\/dev.baylabel.pl\/zwroty-i-reklamacje\/#breadcrumb"},"inLanguage":"en-US","potentialAction":[{"@type":"ReadAction","target":["https:\/\/dev.baylabel.pl\/zwroty-i-reklamacje\/"]}]},{"@type":"ImageObject","inLanguage":"en-US","@id":"https:\/\/dev.baylabel.pl\/zwroty-i-reklamacje\/#primaryimage","url":"https:\/\/dev.baylabel.pl\/wp-content\/uploads\/2025\/02\/1.png","contentUrl":"https:\/\/dev.baylabel.pl\/wp-content\/uploads\/2025\/02\/1.png"},{"@type":"BreadcrumbList","@id":"https:\/\/dev.baylabel.pl\/zwroty-i-reklamacje\/#breadcrumb","itemListElement":[{"@type":"ListItem","position":1,"name":"Strona g\u0142\u00f3wna","item":"https:\/\/dev.baylabel.pl\/"},{"@type":"ListItem","position":2,"name":"Zwroty i reklamacje"}]},{"@type":"WebSite","@id":"https:\/\/dev.baylabel.pl\/#website","url":"https:\/\/dev.baylabel.pl\/","name":"Smycze, obro\u017ce i szelki dla psa i kota","description":"Akcesoria dla ps\u00f3w, smycze, obro\u017ce i szelki tworzymy z ogromn\u0105 mi\u0142o\u015bci\u0105. Nasze produkty s\u0105 wykonywane r\u0119cznie z najlepszej jako\u015bci materia\u0142\u00f3w.","publisher":{"@id":"https:\/\/dev.baylabel.pl\/#organization"},"potentialAction":[{"@type":"SearchAction","target":{"@type":"EntryPoint","urlTemplate":"https:\/\/dev.baylabel.pl\/?s={search_term_string}"},"query-input":{"@type":"PropertyValueSpecification","valueRequired":true,"valueName":"search_term_string"}}],"inLanguage":"en-US"},{"@type":"Organization","@id":"https:\/\/dev.baylabel.pl\/#organization","name":"Baylabel","url":"https:\/\/dev.baylabel.pl\/","logo":{"@type":"ImageObject","inLanguage":"en-US","@id":"https:\/\/dev.baylabel.pl\/#\/schema\/logo\/image\/","url":"https:\/\/dev.baylabel.pl\/wp-content\/uploads\/2025\/04\/akcesoria-dla-psow-baylabel.webp","contentUrl":"https:\/\/dev.baylabel.pl\/wp-content\/uploads\/2025\/04\/akcesoria-dla-psow-baylabel.webp","width":135,"height":135,"caption":"Baylabel"},"image":{"@id":"https:\/\/dev.baylabel.pl\/#\/schema\/logo\/image\/"},"sameAs":["https:\/\/www.facebook.com\/baylabel","https:\/\/www.instagram.com\/blb.animals\/","https:\/\/www.youtube.com\/channel\/UCsRug2nImjgMvZ7nWubAF6w"]}]}},"_links":{"self":[{"href":"https:\/\/dev.baylabel.pl\/en\/wp-json\/wp\/v2\/pages\/856","targetHints":{"allow":["GET"]}}],"collection":[{"href":"https:\/\/dev.baylabel.pl\/en\/wp-json\/wp\/v2\/pages"}],"about":[{"href":"https:\/\/dev.baylabel.pl\/en\/wp-json\/wp\/v2\/types\/page"}],"author":[{"embeddable":true,"href":"https:\/\/dev.baylabel.pl\/en\/wp-json\/wp\/v2\/users\/2"}],"replies":[{"embeddable":true,"href":"https:\/\/dev.baylabel.pl\/en\/wp-json\/wp\/v2\/comments?post=856"}],"version-history":[{"count":0,"href":"https:\/\/dev.baylabel.pl\/en\/wp-json\/wp\/v2\/pages\/856\/revisions"}],"wp:attachment":[{"href":"https:\/\/dev.baylabel.pl\/en\/wp-json\/wp\/v2\/media?parent=856"}],"curies":[{"name":"wp","href":"https:\/\/api.w.org\/{rel}","templated":true}]}}