{"id":865,"date":"2025-02-20T12:27:23","date_gmt":"2025-02-20T11:27:23","guid":{"rendered":"http:\/\/dev.blblocal.pl:81\/?page_id=865"},"modified":"2025-03-17T13:05:31","modified_gmt":"2025-03-17T12:05:31","slug":"program-lojalnosciowy","status":"publish","type":"page","link":"https:\/\/dev.baylabel.pl\/en\/program-lojalnosciowy\/","title":{"rendered":"Club BLB"},"content":{"rendered":"<h1 class=\"wp-block-heading has-text-align-center\">CLUB BLB &#8211; PROGRAM LOJALNO\u015aCIOWY<\/h1><div style=\"height:40px\" aria-hidden=\"true\" class=\"wp-block-spacer\"><\/div><div class=\"wp-block-image\"><figure class=\"aligncenter size-large is-resized\"><img decoding=\"async\" src=\"https:\/\/dev.baylabel.pl\/wp-content\/uploads\/2025\/02\/blb-club-step-01.svg\" alt=\"\" style=\"width:328px;height:auto\"\/><\/figure><\/div><h2 class=\"wp-block-heading has-text-align-center\">Zbieraj punkty i wymieniaj je na ulubione produkty!<\/h2><p class=\"has-text-align-center\"><strong>Robi\u0105c zakupy zyskujesz podw\u00f3jnie,<\/strong><br>od tej pory mo\u017cesz zbiera\u0107 punkty i wymienia\u0107 je na wybrane przez siebie akcesoria!<\/p><div style=\"height:40px\" aria-hidden=\"true\" class=\"wp-block-spacer\"><\/div><div class=\"wp-block-image\"><figure class=\"aligncenter size-large\"><img decoding=\"async\" src=\"https:\/\/dev.baylabel.pl\/wp-content\/uploads\/2025\/02\/blb-club-step-02.svg\" alt=\"\"\/><\/figure><\/div><h2 class=\"wp-block-heading has-text-align-center\">Jak to dzia\u0142a?<\/h2><p class=\"has-text-align-center\">Za ka\u017cde wydane 20 z\u0142 w sklepie baylabel.pl zyskujesz 1 punkt.<br>Zebrane punkty mo\u017cesz wymieni\u0107 na wybrane przez siebie akcesoria z zak\u0142adki Club #BLB.<\/p><div style=\"height:40px\" aria-hidden=\"true\" class=\"wp-block-spacer\"><\/div><div class=\"wp-block-image\"><figure class=\"aligncenter size-large\"><img decoding=\"async\" src=\"https:\/\/dev.baylabel.pl\/wp-content\/uploads\/2025\/02\/blb-club-step-03.svg\" alt=\"\"\/><\/figure><\/div><h2 class=\"wp-block-heading has-text-align-center\">Jakie s\u0105 zasady?<\/h2><p class=\"has-text-align-center highlighted-text\">Wydane&nbsp;<strong>20 z\u0142 = 1<\/strong>&nbsp;punkt na Twoim koncie<\/p><p class=\"has-text-align-center\">Pami\u0119taj! Aby zbiera\u0107 punkty, musisz by\u0107 zalogowany podczas zakup\u00f3w.<br>Punkty naliczaj\u0105 si\u0119 za ka\u017cde op\u0142acone i zrealizowane zam\u00f3wienie, zwr\u00f3cone produkty nie generuj\u0105 punkt\u00f3w.<\/p><p><\/p>","protected":false},"excerpt":{"rendered":"<p>CLUB BLB &#8211; PROGRAM LOJALNO\u015aCIOWY Zbieraj punkty i wymieniaj je na ulubione produkty! Robi\u0105c zakupy zyskujesz podw\u00f3jnie,od tej pory mo\u017cesz zbiera\u0107 punkty i wymienia\u0107 je na wybrane przez siebie akcesoria! Jak to dzia\u0142a? Za ka\u017cde wydane 20 z\u0142 w sklepie baylabel.pl zyskujesz 1 punkt.Zebrane punkty mo\u017cesz wymieni\u0107 na wybrane przez siebie akcesoria z zak\u0142adki Club [&hellip;]<\/p>","protected":false},"author":2,"featured_media":0,"parent":0,"menu_order":0,"comment_status":"closed","ping_status":"closed","template":"flexible_sections.php","meta":{"_acf_changed":false,"inline_featured_image":false,"footnotes":""},"class_list":["post-865","page","type-page","status-publish","hentry"],"acf":[],"yoast_head":"<!-- This site is optimized with the Yoast SEO plugin v24.9 - https:\/\/yoast.com\/wordpress\/plugins\/seo\/ -->\n<title>Club BLB - Smycze, obro\u017ce i szelki dla psa i kota<\/title>\n<meta name=\"robots\" content=\"noindex, follow, max-snippet:-1, max-image-preview:large, max-video-preview:-1\" \/>\n<meta property=\"og:locale\" content=\"en_US\" \/>\n<meta property=\"og:type\" content=\"article\" \/>\n<meta property=\"og:title\" content=\"Club BLB - Smycze, obro\u017ce i szelki dla psa i kota\" \/>\n<meta property=\"og:description\" content=\"CLUB BLB &#8211; PROGRAM LOJALNO\u015aCIOWY Zbieraj punkty i wymieniaj je na ulubione produkty! Robi\u0105c zakupy zyskujesz podw\u00f3jnie,od tej pory mo\u017cesz zbiera\u0107 punkty i wymienia\u0107 je na wybrane przez siebie akcesoria! Jak to dzia\u0142a? Za ka\u017cde wydane 20 z\u0142 w sklepie baylabel.pl zyskujesz 1 punkt.Zebrane punkty mo\u017cesz wymieni\u0107 na wybrane przez siebie akcesoria z zak\u0142adki Club [&hellip;]\" \/>\n<meta property=\"og:url\" content=\"https:\/\/dev.baylabel.pl\/en\/program-lojalnosciowy\/\" \/>\n<meta property=\"og:site_name\" content=\"Smycze, obro\u017ce i szelki dla psa i kota\" \/>\n<meta property=\"article:publisher\" content=\"https:\/\/www.facebook.com\/baylabel\" \/>\n<meta property=\"article:modified_time\" content=\"2025-03-17T12:05:31+00:00\" \/>\n<meta property=\"og:image\" content=\"https:\/\/dev.baylabel.pl\/wp-content\/uploads\/2025\/02\/blb-club-step-01.svg\" \/>\n<meta name=\"twitter:card\" content=\"summary_large_image\" \/>\n<meta name=\"twitter:label1\" content=\"Est. reading time\" \/>\n\t<meta name=\"twitter:data1\" content=\"1 minute\" \/>\n<script type=\"application\/ld+json\" class=\"yoast-schema-graph\">{\"@context\":\"https:\/\/schema.org\",\"@graph\":[{\"@type\":\"WebPage\",\"@id\":\"https:\/\/dev.baylabel.pl\/program-lojalnosciowy\/\",\"url\":\"https:\/\/dev.baylabel.pl\/program-lojalnosciowy\/\",\"name\":\"Club BLB - Smycze, obro\u017ce i szelki dla psa i kota\",\"isPartOf\":{\"@id\":\"https:\/\/dev.baylabel.pl\/#website\"},\"primaryImageOfPage\":{\"@id\":\"https:\/\/dev.baylabel.pl\/program-lojalnosciowy\/#primaryimage\"},\"image\":{\"@id\":\"https:\/\/dev.baylabel.pl\/program-lojalnosciowy\/#primaryimage\"},\"thumbnailUrl\":\"https:\/\/dev.baylabel.pl\/wp-content\/uploads\/2025\/02\/blb-club-step-01.svg\",\"datePublished\":\"2025-02-20T11:27:23+00:00\",\"dateModified\":\"2025-03-17T12:05:31+00:00\",\"breadcrumb\":{\"@id\":\"https:\/\/dev.baylabel.pl\/program-lojalnosciowy\/#breadcrumb\"},\"inLanguage\":\"en-US\",\"potentialAction\":[{\"@type\":\"ReadAction\",\"target\":[\"https:\/\/dev.baylabel.pl\/program-lojalnosciowy\/\"]}]},{\"@type\":\"ImageObject\",\"inLanguage\":\"en-US\",\"@id\":\"https:\/\/dev.baylabel.pl\/program-lojalnosciowy\/#primaryimage\",\"url\":\"https:\/\/dev.baylabel.pl\/wp-content\/uploads\/2025\/02\/blb-club-step-01.svg\",\"contentUrl\":\"https:\/\/dev.baylabel.pl\/wp-content\/uploads\/2025\/02\/blb-club-step-01.svg\"},{\"@type\":\"BreadcrumbList\",\"@id\":\"https:\/\/dev.baylabel.pl\/program-lojalnosciowy\/#breadcrumb\",\"itemListElement\":[{\"@type\":\"ListItem\",\"position\":1,\"name\":\"Strona g\u0142\u00f3wna\",\"item\":\"https:\/\/dev.baylabel.pl\/\"},{\"@type\":\"ListItem\",\"position\":2,\"name\":\"Club BLB\"}]},{\"@type\":\"WebSite\",\"@id\":\"https:\/\/dev.baylabel.pl\/#website\",\"url\":\"https:\/\/dev.baylabel.pl\/\",\"name\":\"Smycze, obro\u017ce i szelki dla psa i kota\",\"description\":\"Akcesoria dla ps\u00f3w, smycze, obro\u017ce i szelki tworzymy z ogromn\u0105 mi\u0142o\u015bci\u0105. Nasze produkty s\u0105 wykonywane r\u0119cznie z najlepszej jako\u015bci materia\u0142\u00f3w.\",\"publisher\":{\"@id\":\"https:\/\/dev.baylabel.pl\/#organization\"},\"potentialAction\":[{\"@type\":\"SearchAction\",\"target\":{\"@type\":\"EntryPoint\",\"urlTemplate\":\"https:\/\/dev.baylabel.pl\/?s={search_term_string}\"},\"query-input\":{\"@type\":\"PropertyValueSpecification\",\"valueRequired\":true,\"valueName\":\"search_term_string\"}}],\"inLanguage\":\"en-US\"},{\"@type\":\"Organization\",\"@id\":\"https:\/\/dev.baylabel.pl\/#organization\",\"name\":\"Baylabel\",\"url\":\"https:\/\/dev.baylabel.pl\/\",\"logo\":{\"@type\":\"ImageObject\",\"inLanguage\":\"en-US\",\"@id\":\"https:\/\/dev.baylabel.pl\/#\/schema\/logo\/image\/\",\"url\":\"https:\/\/dev.baylabel.pl\/wp-content\/uploads\/2025\/04\/akcesoria-dla-psow-baylabel.webp\",\"contentUrl\":\"https:\/\/dev.baylabel.pl\/wp-content\/uploads\/2025\/04\/akcesoria-dla-psow-baylabel.webp\",\"width\":135,\"height\":135,\"caption\":\"Baylabel\"},\"image\":{\"@id\":\"https:\/\/dev.baylabel.pl\/#\/schema\/logo\/image\/\"},\"sameAs\":[\"https:\/\/www.facebook.com\/baylabel\",\"https:\/\/www.instagram.com\/blb.animals\/\",\"https:\/\/www.youtube.com\/channel\/UCsRug2nImjgMvZ7nWubAF6w\"]}]}<\/script>\n<!-- \/ Yoast SEO plugin. -->","yoast_head_json":{"title":"Club BLB - Smycze, obro\u017ce i szelki dla psa i kota","robots":{"index":"noindex","follow":"follow","max-snippet":"max-snippet:-1","max-image-preview":"max-image-preview:large","max-video-preview":"max-video-preview:-1"},"og_locale":"en_US","og_type":"article","og_title":"Club BLB - Smycze, obro\u017ce i szelki dla psa i kota","og_description":"CLUB BLB &#8211; PROGRAM LOJALNO\u015aCIOWY Zbieraj punkty i wymieniaj je na ulubione produkty! Robi\u0105c zakupy zyskujesz podw\u00f3jnie,od tej pory mo\u017cesz zbiera\u0107 punkty i wymienia\u0107 je na wybrane przez siebie akcesoria! Jak to dzia\u0142a? Za ka\u017cde wydane 20 z\u0142 w sklepie baylabel.pl zyskujesz 1 punkt.Zebrane punkty mo\u017cesz wymieni\u0107 na wybrane przez siebie akcesoria z zak\u0142adki Club [&hellip;]","og_url":"https:\/\/dev.baylabel.pl\/en\/program-lojalnosciowy\/","og_site_name":"Smycze, obro\u017ce i szelki dla psa i kota","article_publisher":"https:\/\/www.facebook.com\/baylabel","article_modified_time":"2025-03-17T12:05:31+00:00","og_image":[{"url":"https:\/\/dev.baylabel.pl\/wp-content\/uploads\/2025\/02\/blb-club-step-01.svg","type":"","width":"","height":""}],"twitter_card":"summary_large_image","twitter_misc":{"Est. reading time":"1 minute"},"schema":{"@context":"https:\/\/schema.org","@graph":[{"@type":"WebPage","@id":"https:\/\/dev.baylabel.pl\/program-lojalnosciowy\/","url":"https:\/\/dev.baylabel.pl\/program-lojalnosciowy\/","name":"Club BLB - Smycze, obro\u017ce i szelki dla psa i kota","isPartOf":{"@id":"https:\/\/dev.baylabel.pl\/#website"},"primaryImageOfPage":{"@id":"https:\/\/dev.baylabel.pl\/program-lojalnosciowy\/#primaryimage"},"image":{"@id":"https:\/\/dev.baylabel.pl\/program-lojalnosciowy\/#primaryimage"},"thumbnailUrl":"https:\/\/dev.baylabel.pl\/wp-content\/uploads\/2025\/02\/blb-club-step-01.svg","datePublished":"2025-02-20T11:27:23+00:00","dateModified":"2025-03-17T12:05:31+00:00","breadcrumb":{"@id":"https:\/\/dev.baylabel.pl\/program-lojalnosciowy\/#breadcrumb"},"inLanguage":"en-US","potentialAction":[{"@type":"ReadAction","target":["https:\/\/dev.baylabel.pl\/program-lojalnosciowy\/"]}]},{"@type":"ImageObject","inLanguage":"en-US","@id":"https:\/\/dev.baylabel.pl\/program-lojalnosciowy\/#primaryimage","url":"https:\/\/dev.baylabel.pl\/wp-content\/uploads\/2025\/02\/blb-club-step-01.svg","contentUrl":"https:\/\/dev.baylabel.pl\/wp-content\/uploads\/2025\/02\/blb-club-step-01.svg"},{"@type":"BreadcrumbList","@id":"https:\/\/dev.baylabel.pl\/program-lojalnosciowy\/#breadcrumb","itemListElement":[{"@type":"ListItem","position":1,"name":"Strona g\u0142\u00f3wna","item":"https:\/\/dev.baylabel.pl\/"},{"@type":"ListItem","position":2,"name":"Club BLB"}]},{"@type":"WebSite","@id":"https:\/\/dev.baylabel.pl\/#website","url":"https:\/\/dev.baylabel.pl\/","name":"Smycze, obro\u017ce i szelki dla psa i kota","description":"Akcesoria dla ps\u00f3w, smycze, obro\u017ce i szelki tworzymy z ogromn\u0105 mi\u0142o\u015bci\u0105. Nasze produkty s\u0105 wykonywane r\u0119cznie z najlepszej jako\u015bci materia\u0142\u00f3w.","publisher":{"@id":"https:\/\/dev.baylabel.pl\/#organization"},"potentialAction":[{"@type":"SearchAction","target":{"@type":"EntryPoint","urlTemplate":"https:\/\/dev.baylabel.pl\/?s={search_term_string}"},"query-input":{"@type":"PropertyValueSpecification","valueRequired":true,"valueName":"search_term_string"}}],"inLanguage":"en-US"},{"@type":"Organization","@id":"https:\/\/dev.baylabel.pl\/#organization","name":"Baylabel","url":"https:\/\/dev.baylabel.pl\/","logo":{"@type":"ImageObject","inLanguage":"en-US","@id":"https:\/\/dev.baylabel.pl\/#\/schema\/logo\/image\/","url":"https:\/\/dev.baylabel.pl\/wp-content\/uploads\/2025\/04\/akcesoria-dla-psow-baylabel.webp","contentUrl":"https:\/\/dev.baylabel.pl\/wp-content\/uploads\/2025\/04\/akcesoria-dla-psow-baylabel.webp","width":135,"height":135,"caption":"Baylabel"},"image":{"@id":"https:\/\/dev.baylabel.pl\/#\/schema\/logo\/image\/"},"sameAs":["https:\/\/www.facebook.com\/baylabel","https:\/\/www.instagram.com\/blb.animals\/","https:\/\/www.youtube.com\/channel\/UCsRug2nImjgMvZ7nWubAF6w"]}]}},"_links":{"self":[{"href":"https:\/\/dev.baylabel.pl\/en\/wp-json\/wp\/v2\/pages\/865","targetHints":{"allow":["GET"]}}],"collection":[{"href":"https:\/\/dev.baylabel.pl\/en\/wp-json\/wp\/v2\/pages"}],"about":[{"href":"https:\/\/dev.baylabel.pl\/en\/wp-json\/wp\/v2\/types\/page"}],"author":[{"embeddable":true,"href":"https:\/\/dev.baylabel.pl\/en\/wp-json\/wp\/v2\/users\/2"}],"replies":[{"embeddable":true,"href":"https:\/\/dev.baylabel.pl\/en\/wp-json\/wp\/v2\/comments?post=865"}],"version-history":[{"count":0,"href":"https:\/\/dev.baylabel.pl\/en\/wp-json\/wp\/v2\/pages\/865\/revisions"}],"wp:attachment":[{"href":"https:\/\/dev.baylabel.pl\/en\/wp-json\/wp\/v2\/media?parent=865"}],"curies":[{"name":"wp","href":"https:\/\/api.w.org\/{rel}","templated":true}]}}