{"id":930,"date":"2025-02-24T12:59:40","date_gmt":"2025-02-24T11:59:40","guid":{"rendered":"http:\/\/dev.blblocal.pl:81\/?page_id=930"},"modified":"2025-02-24T13:41:29","modified_gmt":"2025-02-24T12:41:29","slug":"rejestracja","status":"publish","type":"page","link":"https:\/\/dev.baylabel.pl\/en\/rejestracja\/","title":{"rendered":"Rejestracja"},"content":{"rendered":"<div class=\"container container-narrow-right container-reset\">\r\n        <div class=\"blb-account__register\" id=\"customer_register\">\r\n            <div class=\"blb-account__form\">\r\n                <form method=\"post\" class=\"woocommerce-form woocommerce-form-register register\" action=\"\" >\r\n                    <div class=\"woocommerce-notices-wrapper\"><\/div>\r\n                    <h2 class=\"blb-account__title\">Utw\u00f3rz konto<\/h2>\r\n\r\n                    \r\n                    <p class=\"blb-account__row woocommerce-form-row woocommerce-form-row--wide form-row form-row-wide\">\r\n                        <input type=\"email\" class=\"woocommerce-Input woocommerce-Input--text input-text\" name=\"email\" id=\"reg_email\" autocomplete=\"email\" placeholder=\"Email address\" value=\"\" required data-no-translation-placeholder=\"\" \/>                    <\/p>\r\n\r\n                    \r\n                        <p class=\"blb-account__row woocommerce-form-row woocommerce-form-row--wide form-row form-row-wide\">\r\n                            <input type=\"password\" class=\"woocommerce-Input woocommerce-Input--text input-text\" name=\"password\" id=\"reg_password\" autocomplete=\"new-password\" placeholder=\"Password\" required data-no-translation-placeholder=\"\" \/>\r\n                        <\/p>\r\n\r\n                    \r\n                        <p class=\"blb-account__row woocommerce-form-row woocommerce-form-row--wide form-row form-row-wide\">\r\n        <span class=\"password-input\">\r\n            <input type=\"password\" class=\"woocommerce-Input woocommerce-Input--text input-text\" name=\"password2\" placeholder=\"Powt\u00f3rz has\u0142o\" id=\"reg_password2\" value=\"\" required \/>\r\n        <\/span>\r\n    <\/p>\r\n<wc-order-attribution-inputs><\/wc-order-attribution-inputs><div class=\"woocommerce-privacy-policy-text\"><p>Twoje dane b\u0119d\u0105 wykorzystywane tylko do zarz\u0105dzania dost\u0119pem do Twojego konta oraz realizacji zam\u00f3wie\u0144. Dok\u0142adny spos\u00f3b wykorzystania znajdziesz na naszej  stronie - <a href=\"https:\/\/dev.baylabel.pl\/en\/polityka-prywatnosci\/\" class=\"woocommerce-privacy-policy-link\" target=\"_blank\" data-no-translation=\"\" data-trp-gettext=\"\">privacy policy<\/a>.<\/p>\n<\/div>\r\n                    <p class=\"blb-account__row woocommerce-form-row form-row\">\r\n                        <input type=\"hidden\" id=\"woocommerce-register-nonce\" name=\"woocommerce-register-nonce\" value=\"3e724ac5d6\" \/><input type=\"hidden\" name=\"_wp_http_referer\" value=\"\/en\/wp-json\/wp\/v2\/pages\/930\" \/>                        <button type=\"submit\" class=\"btn btn-primary btn-lg w-100 woocommerce-Button woocommerce-button button woocommerce-form-register__submit\" name=\"register\" value=\"Register\" data-no-translation=\"\" data-trp-gettext=\"\" data-no-translation-value=\"\">Register<\/button>\r\n                    <\/p>\r\n\r\n                    <p class=\"blb-account__row blb-account__register-link woocommerce-form-row woocommerce-form-row--wide form-row form-row-wide woocommerce-LostPassword lost_password\">\r\n                        Masz ju\u017c konto?                        <a href=\"https:\/\/dev.baylabel.pl\/en\/moje-konto\/\" role=\"button\" class=\"btn btn-link woocommerce-button\" title=\"Zaloguj si\u0119\" data-no-translation=\"\" data-trp-gettext=\"\">Log in<\/a>\r\n                    <\/p>\r\n\r\n                    \r\n                <input type=\"hidden\" name=\"trp-form-language\" value=\"en\"\/><\/form>\r\n            <\/div>\r\n            <div class=\"blb-account__img\">\r\n                <img decoding=\"async\" width=\"992\" height=\"992\" src=\"https:\/\/dev.baylabel.pl\/wp-content\/uploads\/2025\/02\/rejestracja.webp\" class=\"attachment-1000x size-1000x\" alt=\"\" \/>            <\/div>\r\n        <\/div>\r\n    <\/div>","protected":false},"excerpt":{"rendered":"","protected":false},"author":2,"featured_media":0,"parent":0,"menu_order":0,"comment_status":"closed","ping_status":"closed","template":"woo-account.php","meta":{"_acf_changed":false,"inline_featured_image":false,"footnotes":""},"class_list":["post-930","page","type-page","status-publish","hentry"],"acf":[],"yoast_head":"<!-- This site is optimized with the Yoast SEO plugin v24.9 - https:\/\/yoast.com\/wordpress\/plugins\/seo\/ -->\n<title>Rejestracja - Smycze, obro\u017ce i szelki dla psa i kota<\/title>\n<meta name=\"robots\" content=\"noindex, follow, max-snippet:-1, max-image-preview:large, max-video-preview:-1\" \/>\n<meta property=\"og:locale\" content=\"en_US\" \/>\n<meta property=\"og:type\" content=\"article\" \/>\n<meta property=\"og:title\" content=\"Rejestracja - Smycze, obro\u017ce i szelki dla psa i kota\" \/>\n<meta property=\"og:url\" content=\"https:\/\/dev.baylabel.pl\/en\/rejestracja\/\" \/>\n<meta property=\"og:site_name\" content=\"Smycze, obro\u017ce i szelki dla psa i kota\" \/>\n<meta property=\"article:publisher\" content=\"https:\/\/www.facebook.com\/baylabel\" \/>\n<meta property=\"article:modified_time\" content=\"2025-02-24T12:41:29+00:00\" \/>\n<meta property=\"og:image\" content=\"https:\/\/dev.baylabel.pl\/wp-content\/uploads\/2025\/06\/site-thumb.png\" \/>\n\t<meta property=\"og:image:width\" content=\"1200\" \/>\n\t<meta property=\"og:image:height\" content=\"675\" \/>\n\t<meta property=\"og:image:type\" content=\"image\/png\" \/>\n<meta name=\"twitter:card\" content=\"summary_large_image\" \/>\n<script type=\"application\/ld+json\" class=\"yoast-schema-graph\">{\"@context\":\"https:\/\/schema.org\",\"@graph\":[{\"@type\":\"WebPage\",\"@id\":\"https:\/\/dev.baylabel.pl\/rejestracja\/\",\"url\":\"https:\/\/dev.baylabel.pl\/rejestracja\/\",\"name\":\"Rejestracja - Smycze, obro\u017ce i szelki dla psa i kota\",\"isPartOf\":{\"@id\":\"https:\/\/dev.baylabel.pl\/#website\"},\"datePublished\":\"2025-02-24T11:59:40+00:00\",\"dateModified\":\"2025-02-24T12:41:29+00:00\",\"breadcrumb\":{\"@id\":\"https:\/\/dev.baylabel.pl\/rejestracja\/#breadcrumb\"},\"inLanguage\":\"en-US\",\"potentialAction\":[{\"@type\":\"ReadAction\",\"target\":[\"https:\/\/dev.baylabel.pl\/rejestracja\/\"]}]},{\"@type\":\"BreadcrumbList\",\"@id\":\"https:\/\/dev.baylabel.pl\/rejestracja\/#breadcrumb\",\"itemListElement\":[{\"@type\":\"ListItem\",\"position\":1,\"name\":\"Strona g\u0142\u00f3wna\",\"item\":\"https:\/\/dev.baylabel.pl\/\"},{\"@type\":\"ListItem\",\"position\":2,\"name\":\"Rejestracja\"}]},{\"@type\":\"WebSite\",\"@id\":\"https:\/\/dev.baylabel.pl\/#website\",\"url\":\"https:\/\/dev.baylabel.pl\/\",\"name\":\"Smycze, obro\u017ce i szelki dla psa i kota\",\"description\":\"Akcesoria dla ps\u00f3w, smycze, obro\u017ce i szelki tworzymy z ogromn\u0105 mi\u0142o\u015bci\u0105. Nasze produkty s\u0105 wykonywane r\u0119cznie z najlepszej jako\u015bci materia\u0142\u00f3w.\",\"publisher\":{\"@id\":\"https:\/\/dev.baylabel.pl\/#organization\"},\"potentialAction\":[{\"@type\":\"SearchAction\",\"target\":{\"@type\":\"EntryPoint\",\"urlTemplate\":\"https:\/\/dev.baylabel.pl\/?s={search_term_string}\"},\"query-input\":{\"@type\":\"PropertyValueSpecification\",\"valueRequired\":true,\"valueName\":\"search_term_string\"}}],\"inLanguage\":\"en-US\"},{\"@type\":\"Organization\",\"@id\":\"https:\/\/dev.baylabel.pl\/#organization\",\"name\":\"Baylabel\",\"url\":\"https:\/\/dev.baylabel.pl\/\",\"logo\":{\"@type\":\"ImageObject\",\"inLanguage\":\"en-US\",\"@id\":\"https:\/\/dev.baylabel.pl\/#\/schema\/logo\/image\/\",\"url\":\"https:\/\/dev.baylabel.pl\/wp-content\/uploads\/2025\/04\/akcesoria-dla-psow-baylabel.webp\",\"contentUrl\":\"https:\/\/dev.baylabel.pl\/wp-content\/uploads\/2025\/04\/akcesoria-dla-psow-baylabel.webp\",\"width\":135,\"height\":135,\"caption\":\"Baylabel\"},\"image\":{\"@id\":\"https:\/\/dev.baylabel.pl\/#\/schema\/logo\/image\/\"},\"sameAs\":[\"https:\/\/www.facebook.com\/baylabel\",\"https:\/\/www.instagram.com\/blb.animals\/\",\"https:\/\/www.youtube.com\/channel\/UCsRug2nImjgMvZ7nWubAF6w\"]}]}<\/script>\n<!-- \/ Yoast SEO plugin. -->","yoast_head_json":{"title":"Rejestracja - Smycze, obro\u017ce i szelki dla psa i kota","robots":{"index":"noindex","follow":"follow","max-snippet":"max-snippet:-1","max-image-preview":"max-image-preview:large","max-video-preview":"max-video-preview:-1"},"og_locale":"en_US","og_type":"article","og_title":"Rejestracja - Smycze, obro\u017ce i szelki dla psa i kota","og_url":"https:\/\/dev.baylabel.pl\/en\/rejestracja\/","og_site_name":"Smycze, obro\u017ce i szelki dla psa i kota","article_publisher":"https:\/\/www.facebook.com\/baylabel","article_modified_time":"2025-02-24T12:41:29+00:00","og_image":[{"width":1200,"height":675,"url":"https:\/\/dev.baylabel.pl\/wp-content\/uploads\/2025\/06\/site-thumb.png","type":"image\/png"}],"twitter_card":"summary_large_image","schema":{"@context":"https:\/\/schema.org","@graph":[{"@type":"WebPage","@id":"https:\/\/dev.baylabel.pl\/rejestracja\/","url":"https:\/\/dev.baylabel.pl\/rejestracja\/","name":"Rejestracja - Smycze, obro\u017ce i szelki dla psa i kota","isPartOf":{"@id":"https:\/\/dev.baylabel.pl\/#website"},"datePublished":"2025-02-24T11:59:40+00:00","dateModified":"2025-02-24T12:41:29+00:00","breadcrumb":{"@id":"https:\/\/dev.baylabel.pl\/rejestracja\/#breadcrumb"},"inLanguage":"en-US","potentialAction":[{"@type":"ReadAction","target":["https:\/\/dev.baylabel.pl\/rejestracja\/"]}]},{"@type":"BreadcrumbList","@id":"https:\/\/dev.baylabel.pl\/rejestracja\/#breadcrumb","itemListElement":[{"@type":"ListItem","position":1,"name":"Strona g\u0142\u00f3wna","item":"https:\/\/dev.baylabel.pl\/"},{"@type":"ListItem","position":2,"name":"Rejestracja"}]},{"@type":"WebSite","@id":"https:\/\/dev.baylabel.pl\/#website","url":"https:\/\/dev.baylabel.pl\/","name":"Smycze, obro\u017ce i szelki dla psa i kota","description":"Akcesoria dla ps\u00f3w, smycze, obro\u017ce i szelki tworzymy z ogromn\u0105 mi\u0142o\u015bci\u0105. Nasze produkty s\u0105 wykonywane r\u0119cznie z najlepszej jako\u015bci materia\u0142\u00f3w.","publisher":{"@id":"https:\/\/dev.baylabel.pl\/#organization"},"potentialAction":[{"@type":"SearchAction","target":{"@type":"EntryPoint","urlTemplate":"https:\/\/dev.baylabel.pl\/?s={search_term_string}"},"query-input":{"@type":"PropertyValueSpecification","valueRequired":true,"valueName":"search_term_string"}}],"inLanguage":"en-US"},{"@type":"Organization","@id":"https:\/\/dev.baylabel.pl\/#organization","name":"Baylabel","url":"https:\/\/dev.baylabel.pl\/","logo":{"@type":"ImageObject","inLanguage":"en-US","@id":"https:\/\/dev.baylabel.pl\/#\/schema\/logo\/image\/","url":"https:\/\/dev.baylabel.pl\/wp-content\/uploads\/2025\/04\/akcesoria-dla-psow-baylabel.webp","contentUrl":"https:\/\/dev.baylabel.pl\/wp-content\/uploads\/2025\/04\/akcesoria-dla-psow-baylabel.webp","width":135,"height":135,"caption":"Baylabel"},"image":{"@id":"https:\/\/dev.baylabel.pl\/#\/schema\/logo\/image\/"},"sameAs":["https:\/\/www.facebook.com\/baylabel","https:\/\/www.instagram.com\/blb.animals\/","https:\/\/www.youtube.com\/channel\/UCsRug2nImjgMvZ7nWubAF6w"]}]}},"_links":{"self":[{"href":"https:\/\/dev.baylabel.pl\/en\/wp-json\/wp\/v2\/pages\/930","targetHints":{"allow":["GET"]}}],"collection":[{"href":"https:\/\/dev.baylabel.pl\/en\/wp-json\/wp\/v2\/pages"}],"about":[{"href":"https:\/\/dev.baylabel.pl\/en\/wp-json\/wp\/v2\/types\/page"}],"author":[{"embeddable":true,"href":"https:\/\/dev.baylabel.pl\/en\/wp-json\/wp\/v2\/users\/2"}],"replies":[{"embeddable":true,"href":"https:\/\/dev.baylabel.pl\/en\/wp-json\/wp\/v2\/comments?post=930"}],"version-history":[{"count":0,"href":"https:\/\/dev.baylabel.pl\/en\/wp-json\/wp\/v2\/pages\/930\/revisions"}],"wp:attachment":[{"href":"https:\/\/dev.baylabel.pl\/en\/wp-json\/wp\/v2\/media?parent=930"}],"curies":[{"name":"wp","href":"https:\/\/api.w.org\/{rel}","templated":true}]}}