{"id":1366,"date":"2025-03-19T12:16:31","date_gmt":"2025-03-19T11:16:31","guid":{"rendered":"https:\/\/dev.baylabel.pl\/?post_type=product&#038;p=1366"},"modified":"2025-11-21T13:30:23","modified_gmt":"2025-11-21T12:30:23","slug":"bon-podarunkowy-100","status":"publish","type":"product","link":"https:\/\/dev.baylabel.pl\/en\/sklep\/bon-podarunkowy-100\/","title":{"rendered":"Bon podarunkowy"},"content":{"rendered":"<p>Podaruj bliskiej Ci osobie (lub zwierzakowi:) bon na okre\u015blon\u0105 kwot\u0119 na zakupy w naszym sklepie. Idealne rozwi\u0105zanie na prezent dla ka\u017cdego wielbiciela czworonog\u00f3w i nie tylko!<\/p>\n<p>Bon jest wa\u017cny przez <strong>1 rok<\/strong> od dnia zakupu.<br \/>\nBon jest dostarczany w formie elektronicznej, do wydruku we w\u0142asnym zakresie.<\/p>","protected":false},"excerpt":{"rendered":"<p>Podaruj bliskiej Ci osobie (lub zwierzakowi:) bon na okre\u015blon\u0105 kwot\u0119 na zakupy w naszym sklepie. Idealne rozwi\u0105zanie na prezent dla ka\u017cdego wielbiciela czworonog\u00f3w i nie tylko! Bon jest wa\u017cny przez 1 rok od dnia zakupu. Bon jest dostarczany w formie elektronicznej, do wydruku we w\u0142asnym zakresie.<\/p>","protected":false},"featured_media":1364,"template":"","meta":{"_acf_changed":false,"inline_featured_image":false},"product_brand":[],"product_cat":[118,117],"product_tag":[],"class_list":{"0":"post-1366","1":"product","2":"type-product","3":"status-publish","4":"has-post-thumbnail","6":"product_cat-bony-podarunkowe","7":"product_cat-dla-czlowieka","9":"first","10":"instock","11":"virtual","12":"taxable","13":"purchasable","14":"product-type-simple"},"acf":[],"yoast_head":"<!-- This site is optimized with the Yoast SEO plugin v24.9 - https:\/\/yoast.com\/wordpress\/plugins\/seo\/ -->\n<title>Bon podarunkowy - Smycze, obro\u017ce i szelki dla psa i kota<\/title>\n<meta name=\"robots\" content=\"noindex, follow, max-snippet:-1, max-image-preview:large, max-video-preview:-1\" \/>\n<meta property=\"og:locale\" content=\"en_US\" \/>\n<meta property=\"og:type\" content=\"article\" \/>\n<meta property=\"og:title\" content=\"Bon podarunkowy - Smycze, obro\u017ce i szelki dla psa i kota\" \/>\n<meta property=\"og:description\" content=\"Podaruj bliskiej Ci osobie (lub zwierzakowi:) bon na okre\u015blon\u0105 kwot\u0119 na zakupy w naszym sklepie. Idealne rozwi\u0105zanie na prezent dla ka\u017cdego wielbiciela czworonog\u00f3w i nie tylko! Bon jest wa\u017cny przez 1 rok od dnia zakupu. Bon jest dostarczany w formie elektronicznej, do wydruku we w\u0142asnym zakresie.\" \/>\n<meta property=\"og:url\" content=\"https:\/\/dev.baylabel.pl\/en\/sklep\/bon-podarunkowy-100\/\" \/>\n<meta property=\"og:site_name\" content=\"Smycze, obro\u017ce i szelki dla psa i kota\" \/>\n<meta property=\"article:publisher\" content=\"https:\/\/www.facebook.com\/baylabel\" \/>\n<meta property=\"article:modified_time\" content=\"2025-11-21T12:30:23+00:00\" \/>\n<meta property=\"og:image\" content=\"https:\/\/dev.baylabel.pl\/wp-content\/uploads\/2025\/03\/bon-podarunkowy-100.webp\" \/>\n\t<meta property=\"og:image:width\" content=\"1200\" \/>\n\t<meta property=\"og:image:height\" content=\"769\" \/>\n\t<meta property=\"og:image:type\" content=\"image\/webp\" \/>\n<meta name=\"twitter:card\" content=\"summary_large_image\" \/>\n<meta name=\"twitter:label1\" content=\"Est. reading time\" \/>\n\t<meta name=\"twitter:data1\" content=\"1 minute\" \/>\n<script type=\"application\/ld+json\" class=\"yoast-schema-graph\">{\"@context\":\"https:\/\/schema.org\",\"@graph\":[{\"@type\":\"WebPage\",\"@id\":\"https:\/\/dev.baylabel.pl\/sklep\/bon-podarunkowy-100\/\",\"url\":\"https:\/\/dev.baylabel.pl\/sklep\/bon-podarunkowy-100\/\",\"name\":\"Bon podarunkowy - Smycze, obro\u017ce i szelki dla psa i kota\",\"isPartOf\":{\"@id\":\"https:\/\/dev.baylabel.pl\/#website\"},\"primaryImageOfPage\":{\"@id\":\"https:\/\/dev.baylabel.pl\/sklep\/bon-podarunkowy-100\/#primaryimage\"},\"image\":{\"@id\":\"https:\/\/dev.baylabel.pl\/sklep\/bon-podarunkowy-100\/#primaryimage\"},\"thumbnailUrl\":\"https:\/\/dev.baylabel.pl\/wp-content\/uploads\/2025\/03\/bon-podarunkowy-100.webp\",\"datePublished\":\"2025-03-19T11:16:31+00:00\",\"dateModified\":\"2025-11-21T12:30:23+00:00\",\"breadcrumb\":{\"@id\":\"https:\/\/dev.baylabel.pl\/sklep\/bon-podarunkowy-100\/#breadcrumb\"},\"inLanguage\":\"en-US\",\"potentialAction\":[{\"@type\":\"ReadAction\",\"target\":[\"https:\/\/dev.baylabel.pl\/sklep\/bon-podarunkowy-100\/\"]}]},{\"@type\":\"ImageObject\",\"inLanguage\":\"en-US\",\"@id\":\"https:\/\/dev.baylabel.pl\/sklep\/bon-podarunkowy-100\/#primaryimage\",\"url\":\"https:\/\/dev.baylabel.pl\/wp-content\/uploads\/2025\/03\/bon-podarunkowy-100.webp\",\"contentUrl\":\"https:\/\/dev.baylabel.pl\/wp-content\/uploads\/2025\/03\/bon-podarunkowy-100.webp\",\"width\":1200,\"height\":769},{\"@type\":\"BreadcrumbList\",\"@id\":\"https:\/\/dev.baylabel.pl\/sklep\/bon-podarunkowy-100\/#breadcrumb\",\"itemListElement\":[{\"@type\":\"ListItem\",\"position\":1,\"name\":\"Strona g\u0142\u00f3wna\",\"item\":\"https:\/\/dev.baylabel.pl\/\"},{\"@type\":\"ListItem\",\"position\":2,\"name\":\"Sklep\",\"item\":\"https:\/\/dev.baylabel.pl\/sklep\/\"},{\"@type\":\"ListItem\",\"position\":3,\"name\":\"Bon podarunkowy\"}]},{\"@type\":\"WebSite\",\"@id\":\"https:\/\/dev.baylabel.pl\/#website\",\"url\":\"https:\/\/dev.baylabel.pl\/\",\"name\":\"Smycze, obro\u017ce i szelki dla psa i kota\",\"description\":\"Akcesoria dla ps\u00f3w, smycze, obro\u017ce i szelki tworzymy z ogromn\u0105 mi\u0142o\u015bci\u0105. Nasze produkty s\u0105 wykonywane r\u0119cznie z najlepszej jako\u015bci materia\u0142\u00f3w.\",\"publisher\":{\"@id\":\"https:\/\/dev.baylabel.pl\/#organization\"},\"potentialAction\":[{\"@type\":\"SearchAction\",\"target\":{\"@type\":\"EntryPoint\",\"urlTemplate\":\"https:\/\/dev.baylabel.pl\/?s={search_term_string}\"},\"query-input\":{\"@type\":\"PropertyValueSpecification\",\"valueRequired\":true,\"valueName\":\"search_term_string\"}}],\"inLanguage\":\"en-US\"},{\"@type\":\"Organization\",\"@id\":\"https:\/\/dev.baylabel.pl\/#organization\",\"name\":\"Baylabel\",\"url\":\"https:\/\/dev.baylabel.pl\/\",\"logo\":{\"@type\":\"ImageObject\",\"inLanguage\":\"en-US\",\"@id\":\"https:\/\/dev.baylabel.pl\/#\/schema\/logo\/image\/\",\"url\":\"https:\/\/dev.baylabel.pl\/wp-content\/uploads\/2025\/04\/akcesoria-dla-psow-baylabel.webp\",\"contentUrl\":\"https:\/\/dev.baylabel.pl\/wp-content\/uploads\/2025\/04\/akcesoria-dla-psow-baylabel.webp\",\"width\":135,\"height\":135,\"caption\":\"Baylabel\"},\"image\":{\"@id\":\"https:\/\/dev.baylabel.pl\/#\/schema\/logo\/image\/\"},\"sameAs\":[\"https:\/\/www.facebook.com\/baylabel\",\"https:\/\/www.instagram.com\/blb.animals\/\",\"https:\/\/www.youtube.com\/channel\/UCsRug2nImjgMvZ7nWubAF6w\"]}]}<\/script>\n<!-- \/ Yoast SEO plugin. -->","yoast_head_json":{"title":"Bon podarunkowy - Smycze, obro\u017ce i szelki dla psa i kota","robots":{"index":"noindex","follow":"follow","max-snippet":"max-snippet:-1","max-image-preview":"max-image-preview:large","max-video-preview":"max-video-preview:-1"},"og_locale":"en_US","og_type":"article","og_title":"Bon podarunkowy - Smycze, obro\u017ce i szelki dla psa i kota","og_description":"Podaruj bliskiej Ci osobie (lub zwierzakowi:) bon na okre\u015blon\u0105 kwot\u0119 na zakupy w naszym sklepie. Idealne rozwi\u0105zanie na prezent dla ka\u017cdego wielbiciela czworonog\u00f3w i nie tylko! Bon jest wa\u017cny przez 1 rok od dnia zakupu. Bon jest dostarczany w formie elektronicznej, do wydruku we w\u0142asnym zakresie.","og_url":"https:\/\/dev.baylabel.pl\/en\/sklep\/bon-podarunkowy-100\/","og_site_name":"Smycze, obro\u017ce i szelki dla psa i kota","article_publisher":"https:\/\/www.facebook.com\/baylabel","article_modified_time":"2025-11-21T12:30:23+00:00","og_image":[{"width":1200,"height":769,"url":"https:\/\/dev.baylabel.pl\/wp-content\/uploads\/2025\/03\/bon-podarunkowy-100.webp","type":"image\/webp"}],"twitter_card":"summary_large_image","twitter_misc":{"Est. reading time":"1 minute"},"schema":{"@context":"https:\/\/schema.org","@graph":[{"@type":"WebPage","@id":"https:\/\/dev.baylabel.pl\/sklep\/bon-podarunkowy-100\/","url":"https:\/\/dev.baylabel.pl\/sklep\/bon-podarunkowy-100\/","name":"Bon podarunkowy - Smycze, obro\u017ce i szelki dla psa i kota","isPartOf":{"@id":"https:\/\/dev.baylabel.pl\/#website"},"primaryImageOfPage":{"@id":"https:\/\/dev.baylabel.pl\/sklep\/bon-podarunkowy-100\/#primaryimage"},"image":{"@id":"https:\/\/dev.baylabel.pl\/sklep\/bon-podarunkowy-100\/#primaryimage"},"thumbnailUrl":"https:\/\/dev.baylabel.pl\/wp-content\/uploads\/2025\/03\/bon-podarunkowy-100.webp","datePublished":"2025-03-19T11:16:31+00:00","dateModified":"2025-11-21T12:30:23+00:00","breadcrumb":{"@id":"https:\/\/dev.baylabel.pl\/sklep\/bon-podarunkowy-100\/#breadcrumb"},"inLanguage":"en-US","potentialAction":[{"@type":"ReadAction","target":["https:\/\/dev.baylabel.pl\/sklep\/bon-podarunkowy-100\/"]}]},{"@type":"ImageObject","inLanguage":"en-US","@id":"https:\/\/dev.baylabel.pl\/sklep\/bon-podarunkowy-100\/#primaryimage","url":"https:\/\/dev.baylabel.pl\/wp-content\/uploads\/2025\/03\/bon-podarunkowy-100.webp","contentUrl":"https:\/\/dev.baylabel.pl\/wp-content\/uploads\/2025\/03\/bon-podarunkowy-100.webp","width":1200,"height":769},{"@type":"BreadcrumbList","@id":"https:\/\/dev.baylabel.pl\/sklep\/bon-podarunkowy-100\/#breadcrumb","itemListElement":[{"@type":"ListItem","position":1,"name":"Strona g\u0142\u00f3wna","item":"https:\/\/dev.baylabel.pl\/"},{"@type":"ListItem","position":2,"name":"Sklep","item":"https:\/\/dev.baylabel.pl\/sklep\/"},{"@type":"ListItem","position":3,"name":"Bon podarunkowy"}]},{"@type":"WebSite","@id":"https:\/\/dev.baylabel.pl\/#website","url":"https:\/\/dev.baylabel.pl\/","name":"Smycze, obro\u017ce i szelki dla psa i kota","description":"Akcesoria dla ps\u00f3w, smycze, obro\u017ce i szelki tworzymy z ogromn\u0105 mi\u0142o\u015bci\u0105. Nasze produkty s\u0105 wykonywane r\u0119cznie z najlepszej jako\u015bci materia\u0142\u00f3w.","publisher":{"@id":"https:\/\/dev.baylabel.pl\/#organization"},"potentialAction":[{"@type":"SearchAction","target":{"@type":"EntryPoint","urlTemplate":"https:\/\/dev.baylabel.pl\/?s={search_term_string}"},"query-input":{"@type":"PropertyValueSpecification","valueRequired":true,"valueName":"search_term_string"}}],"inLanguage":"en-US"},{"@type":"Organization","@id":"https:\/\/dev.baylabel.pl\/#organization","name":"Baylabel","url":"https:\/\/dev.baylabel.pl\/","logo":{"@type":"ImageObject","inLanguage":"en-US","@id":"https:\/\/dev.baylabel.pl\/#\/schema\/logo\/image\/","url":"https:\/\/dev.baylabel.pl\/wp-content\/uploads\/2025\/04\/akcesoria-dla-psow-baylabel.webp","contentUrl":"https:\/\/dev.baylabel.pl\/wp-content\/uploads\/2025\/04\/akcesoria-dla-psow-baylabel.webp","width":135,"height":135,"caption":"Baylabel"},"image":{"@id":"https:\/\/dev.baylabel.pl\/#\/schema\/logo\/image\/"},"sameAs":["https:\/\/www.facebook.com\/baylabel","https:\/\/www.instagram.com\/blb.animals\/","https:\/\/www.youtube.com\/channel\/UCsRug2nImjgMvZ7nWubAF6w"]}]}},"_links":{"self":[{"href":"https:\/\/dev.baylabel.pl\/en\/wp-json\/wp\/v2\/product\/1366","targetHints":{"allow":["GET"]}}],"collection":[{"href":"https:\/\/dev.baylabel.pl\/en\/wp-json\/wp\/v2\/product"}],"about":[{"href":"https:\/\/dev.baylabel.pl\/en\/wp-json\/wp\/v2\/types\/product"}],"wp:featuredmedia":[{"embeddable":true,"href":"https:\/\/dev.baylabel.pl\/en\/wp-json\/wp\/v2\/media\/1364"}],"wp:attachment":[{"href":"https:\/\/dev.baylabel.pl\/en\/wp-json\/wp\/v2\/media?parent=1366"}],"wp:term":[{"taxonomy":"product_brand","embeddable":true,"href":"https:\/\/dev.baylabel.pl\/en\/wp-json\/wp\/v2\/product_brand?post=1366"},{"taxonomy":"product_cat","embeddable":true,"href":"https:\/\/dev.baylabel.pl\/en\/wp-json\/wp\/v2\/product_cat?post=1366"},{"taxonomy":"product_tag","embeddable":true,"href":"https:\/\/dev.baylabel.pl\/en\/wp-json\/wp\/v2\/product_tag?post=1366"}],"curies":[{"name":"wp","href":"https:\/\/api.w.org\/{rel}","templated":true}]}}