{"id":14475,"date":"2025-03-27T10:51:53","date_gmt":"2025-03-27T09:51:53","guid":{"rendered":"https:\/\/dev.baylabel.pl\/?post_type=product&#038;p=14475"},"modified":"2025-07-10T10:04:31","modified_gmt":"2025-07-10T08:04:31","slug":"szelki-antyucieczkowe-dla-psa-balloon-dog","status":"publish","type":"product","link":"https:\/\/dev.baylabel.pl\/en\/sklep\/szelki-antyucieczkowe-dla-psa-balloon-dog\/","title":{"rendered":"Szelki antyucieczkowe dla psa Balloon Dog"},"content":{"rendered":"<p>Je\u015bli szukasz szelek dla psa:<\/p>\n<ul>\n<li>l\u0119kliwego<\/li>\n<li>dopiero adoptowanego<\/li>\n<li>charta\/w typie charta<\/li>\n<li>sprytnego uciekiniera<\/li>\n<\/ul>\n<p>albo po prostu nie chcesz martwi\u0107 si\u0119 na zapas tym, czy Tw\u00f3j pies b\u0119dzie w stanie w wyj\u0105tkowo stresuj\u0105cej sytuacji wyswobodzi\u0107 si\u0119 ze swoich szelek &#8211; to wyb\u00f3r jest jeden: szelki antyucieczkowe.<\/p>\n<p><strong>KONSTRUKCJA SZELEK<\/strong><\/p>\n<p>Konstrukcyjnie to najlepsze szelki dla psa, a wi\u0119c typu guard z dodatkow\u0105 trzeci\u0105 obr\u0119cz\u0105, kt\u00f3ra praktycznie uniemo\u017cliwia psu wydostanie si\u0119 z szelek i ucieczk\u0119. Taka konstrukcja jest zdrowa dla anatomii, nie blokuje ruchu \u0142opatek i r\u00f3wno rozk\u0142ada ci\u0119\u017car, nie obci\u0105\u017caj\u0105c przy tym kr\u0119gos\u0142upa ani staw\u00f3w psa.<\/p>\n<p>W obr\u0119czach zastosowali\u015bmy po dwie, symetrycznie umieszczone klamry, kt\u00f3re r\u00f3wnowa\u017c\u0105 sw\u00f3j ci\u0119\u017car, a co za tym idzie zapobiegaj\u0105 przekr\u0119caniu si\u0119 szelek i u\u0142atwiaj\u0105 ich zak\u0142adanie.<\/p>\n<p>Wykorzystali\u015bmy wytrzyma\u0142e ta\u015bmy oraz mocne, metalowe okucia, dlatego nasze akcesoria przetrwaj\u0105 tysi\u0105ce spacer\u00f3w.<\/p>\n<p><strong>ROZMIAR<\/strong><\/p>\n<p>Tylko odpowiednio dobrany rozmiar szelek gwarantuje psu bezpiecze\u0144stwo. Dokonaj dok\u0142adnych pomiar\u00f3w i sprawd\u017a w tabeli, kt\u00f3ry rozmiar b\u0119dzie odpowiedni dla Twojego psiaka. Je\u015bli masz w\u0105tpliwo\u015bci &#8211; napisz do nas \ud83d\ude42<\/p>\n<p>Zbyt w\u0105skie ta\u015bmy mog\u0105 powodowa\u0107 dyskomfort w postaci wbijania si\u0119 w cia\u0142o, natomiast zbyt szerokie ta\u015bmy mog\u0105 kr\u0119powa\u0107 ruchy psa.<\/p>\n<p><strong>PERSONALIZACJA<\/strong><\/p>\n<p>Wszystkie produkty szyjemy w naszej szwalni, dlatego mo\u017cemy zaproponowa\u0107 Ci personalizacj\u0119 szelek Twojego psiaka.<\/p>\n<p>Dost\u0119pne opcje:<\/p>\n<ul>\n<li>personalizacja rozmiaru &#8211; szelki uszyte na wymiar<\/li>\n<li>dodatkowa r\u0105czka &#8211; dzi\u0119ki niej wygodnie przytrzymasz psa, gdy tylko zajdzie taka potrzeba<\/li>\n<li>odblaski &#8211; poprawiaj\u0105 widoczno\u015b\u0107 po zmroku, zwi\u0119kszaj\u0105c bezpiecze\u0144stwo podczas wieczornych wyj\u015b\u0107<\/li>\n<\/ul>\n<p>Dopasujemy nasze akcesoria do Twoich potrzeb!<\/p>\n<p><strong>DODATKOWE AKCESORIA SPACEROWE<\/strong><\/p>\n<p>Skompletuj idealny komplet spacerowy w Twoim ulubionym wzorze!<\/p>\n<p>Podstawowy zestaw spacerowy to oczywi\u015bcie szelki i smycz &#8211; mo\u017cesz wybra\u0107 klasyczn\u0105 smycz miejsk\u0105 lub praktyczn\u0105 smycz przepinan\u0105, a je\u015bli potrzebna Ci niestandardowa d\u0142ugo\u015b\u0107 to w ramach personalizacji mo\u017cemy wyd\u0142u\u017cy\u0107 smycz nawet o 3 metry!<\/p>\n<p>Do tego warto dobra\u0107 bardzo praktyczne, przyczepiane do smyczy etui na kupoworki, kt\u00f3re rozwi\u0105zuje problem kieszeni wypchanych woreczkami czy w\u0119drowania z ca\u0142\u0105 rolk\u0105 kupowork\u00f3w w r\u0119ce. Dzi\u0119ki naszemu etui mo\u017cesz wygodnie spacerowa\u0107 ze swoim psim przyjacielem i nie stresowa\u0107 si\u0119 tym czy masz jak po nim posprz\u0105ta\u0107.<\/p>\n<p>To nie wszystko! Sw\u00f3j zestaw spacerowy mo\u017cesz dowolnie rozbudowywa\u0107.<\/p>\n<p>Saszetka na smaczki, niezb\u0119dny podczas podr\u00f3\u017cy autem pas samochodowy, dwustronna sk\u0142adana mata dla psa, plecak, nerka, brelok &#8211; to tylko niekt\u00f3re z dost\u0119pnych w naszym sklepie designerskich akcesori\u00f3w dla ps\u00f3w i ich ludzi.<\/p>","protected":false},"excerpt":{"rendered":"<p>Je\u015bli szukasz szelek dla psa: l\u0119kliwego dopiero adoptowanego charta\/w typie charta sprytnego uciekiniera albo po prostu nie chcesz martwi\u0107 si\u0119 na zapas tym, czy Tw\u00f3j pies b\u0119dzie w stanie w wyj\u0105tkowo stresuj\u0105cej sytuacji wyswobodzi\u0107 si\u0119 ze swoich szelek &#8211; to wyb\u00f3r jest jeden: szelki antyucieczkowe. KONSTRUKCJA SZELEK Konstrukcyjnie to najlepsze szelki dla psa, a wi\u0119c [&hellip;]<\/p>","protected":false},"featured_media":14612,"template":"","meta":{"_acf_changed":false,"inline_featured_image":false},"product_brand":[],"product_cat":[50,93,109],"product_tag":[214],"class_list":{"0":"post-14475","1":"product","2":"type-product","3":"status-publish","4":"has-post-thumbnail","6":"product_cat-balloon-dog","7":"product_cat-dla-psa","8":"product_cat-szelki-antyucieczkowe","9":"product_tag-szelki-antyucieczkowe","11":"first","12":"instock","13":"sale","14":"taxable","15":"shipping-taxable","16":"purchasable","17":"product-type-variable"},"acf":[],"yoast_head":"<!-- This site is optimized with the Yoast SEO plugin v24.9 - https:\/\/yoast.com\/wordpress\/plugins\/seo\/ -->\n<title>Szelki antyucieczkowe dla psa Balloon Dog - Smycze, obro\u017ce i szelki dla psa i kota<\/title>\n<meta name=\"robots\" content=\"noindex, follow, max-snippet:-1, max-image-preview:large, max-video-preview:-1\" \/>\n<meta property=\"og:locale\" content=\"en_US\" \/>\n<meta property=\"og:type\" content=\"article\" \/>\n<meta property=\"og:title\" content=\"Szelki antyucieczkowe dla psa Balloon Dog - Smycze, obro\u017ce i szelki dla psa i kota\" \/>\n<meta property=\"og:description\" content=\"Je\u015bli szukasz szelek dla psa: l\u0119kliwego dopiero adoptowanego charta\/w typie charta sprytnego uciekiniera albo po prostu nie chcesz martwi\u0107 si\u0119 na zapas tym, czy Tw\u00f3j pies b\u0119dzie w stanie w wyj\u0105tkowo stresuj\u0105cej sytuacji wyswobodzi\u0107 si\u0119 ze swoich szelek &#8211; to wyb\u00f3r jest jeden: szelki antyucieczkowe. KONSTRUKCJA SZELEK Konstrukcyjnie to najlepsze szelki dla psa, a wi\u0119c [&hellip;]\" \/>\n<meta property=\"og:url\" content=\"https:\/\/dev.baylabel.pl\/en\/sklep\/szelki-antyucieczkowe-dla-psa-balloon-dog\/\" \/>\n<meta property=\"og:site_name\" content=\"Smycze, obro\u017ce i szelki dla psa i kota\" \/>\n<meta property=\"article:publisher\" content=\"https:\/\/www.facebook.com\/baylabel\" \/>\n<meta property=\"article:modified_time\" content=\"2025-07-10T08:04:31+00:00\" \/>\n<meta property=\"og:image\" content=\"https:\/\/dev.baylabel.pl\/wp-content\/uploads\/2025\/03\/szelki-anty-ucieczkowe-balloon-dog.webp\" \/>\n\t<meta property=\"og:image:width\" content=\"1500\" \/>\n\t<meta property=\"og:image:height\" content=\"1500\" \/>\n\t<meta property=\"og:image:type\" content=\"image\/jpeg\" \/>\n<meta name=\"twitter:card\" content=\"summary_large_image\" \/>\n<meta name=\"twitter:label1\" content=\"Est. reading time\" \/>\n\t<meta name=\"twitter:data1\" content=\"3 minutes\" \/>\n<script type=\"application\/ld+json\" class=\"yoast-schema-graph\">{\"@context\":\"https:\/\/schema.org\",\"@graph\":[{\"@type\":\"WebPage\",\"@id\":\"https:\/\/dev.baylabel.pl\/sklep\/szelki-antyucieczkowe-dla-psa-balloon-dog\/\",\"url\":\"https:\/\/dev.baylabel.pl\/sklep\/szelki-antyucieczkowe-dla-psa-balloon-dog\/\",\"name\":\"Szelki antyucieczkowe dla psa Balloon Dog - Smycze, obro\u017ce i szelki dla psa i kota\",\"isPartOf\":{\"@id\":\"https:\/\/dev.baylabel.pl\/#website\"},\"primaryImageOfPage\":{\"@id\":\"https:\/\/dev.baylabel.pl\/sklep\/szelki-antyucieczkowe-dla-psa-balloon-dog\/#primaryimage\"},\"image\":{\"@id\":\"https:\/\/dev.baylabel.pl\/sklep\/szelki-antyucieczkowe-dla-psa-balloon-dog\/#primaryimage\"},\"thumbnailUrl\":\"https:\/\/dev.baylabel.pl\/wp-content\/uploads\/2025\/03\/szelki-anty-ucieczkowe-balloon-dog.webp\",\"datePublished\":\"2025-03-27T09:51:53+00:00\",\"dateModified\":\"2025-07-10T08:04:31+00:00\",\"breadcrumb\":{\"@id\":\"https:\/\/dev.baylabel.pl\/sklep\/szelki-antyucieczkowe-dla-psa-balloon-dog\/#breadcrumb\"},\"inLanguage\":\"en-US\",\"potentialAction\":[{\"@type\":\"ReadAction\",\"target\":[\"https:\/\/dev.baylabel.pl\/sklep\/szelki-antyucieczkowe-dla-psa-balloon-dog\/\"]}]},{\"@type\":\"ImageObject\",\"inLanguage\":\"en-US\",\"@id\":\"https:\/\/dev.baylabel.pl\/sklep\/szelki-antyucieczkowe-dla-psa-balloon-dog\/#primaryimage\",\"url\":\"https:\/\/dev.baylabel.pl\/wp-content\/uploads\/2025\/03\/szelki-anty-ucieczkowe-balloon-dog.webp\",\"contentUrl\":\"https:\/\/dev.baylabel.pl\/wp-content\/uploads\/2025\/03\/szelki-anty-ucieczkowe-balloon-dog.webp\",\"width\":1500,\"height\":1500},{\"@type\":\"BreadcrumbList\",\"@id\":\"https:\/\/dev.baylabel.pl\/sklep\/szelki-antyucieczkowe-dla-psa-balloon-dog\/#breadcrumb\",\"itemListElement\":[{\"@type\":\"ListItem\",\"position\":1,\"name\":\"Strona g\u0142\u00f3wna\",\"item\":\"https:\/\/dev.baylabel.pl\/\"},{\"@type\":\"ListItem\",\"position\":2,\"name\":\"Sklep\",\"item\":\"https:\/\/dev.baylabel.pl\/sklep\/\"},{\"@type\":\"ListItem\",\"position\":3,\"name\":\"Szelki antyucieczkowe dla psa Balloon Dog\"}]},{\"@type\":\"WebSite\",\"@id\":\"https:\/\/dev.baylabel.pl\/#website\",\"url\":\"https:\/\/dev.baylabel.pl\/\",\"name\":\"Smycze, obro\u017ce i szelki dla psa i kota\",\"description\":\"Akcesoria dla ps\u00f3w, smycze, obro\u017ce i szelki tworzymy z ogromn\u0105 mi\u0142o\u015bci\u0105. Nasze produkty s\u0105 wykonywane r\u0119cznie z najlepszej jako\u015bci materia\u0142\u00f3w.\",\"publisher\":{\"@id\":\"https:\/\/dev.baylabel.pl\/#organization\"},\"potentialAction\":[{\"@type\":\"SearchAction\",\"target\":{\"@type\":\"EntryPoint\",\"urlTemplate\":\"https:\/\/dev.baylabel.pl\/?s={search_term_string}\"},\"query-input\":{\"@type\":\"PropertyValueSpecification\",\"valueRequired\":true,\"valueName\":\"search_term_string\"}}],\"inLanguage\":\"en-US\"},{\"@type\":\"Organization\",\"@id\":\"https:\/\/dev.baylabel.pl\/#organization\",\"name\":\"Baylabel\",\"url\":\"https:\/\/dev.baylabel.pl\/\",\"logo\":{\"@type\":\"ImageObject\",\"inLanguage\":\"en-US\",\"@id\":\"https:\/\/dev.baylabel.pl\/#\/schema\/logo\/image\/\",\"url\":\"https:\/\/dev.baylabel.pl\/wp-content\/uploads\/2025\/04\/akcesoria-dla-psow-baylabel.webp\",\"contentUrl\":\"https:\/\/dev.baylabel.pl\/wp-content\/uploads\/2025\/04\/akcesoria-dla-psow-baylabel.webp\",\"width\":135,\"height\":135,\"caption\":\"Baylabel\"},\"image\":{\"@id\":\"https:\/\/dev.baylabel.pl\/#\/schema\/logo\/image\/\"},\"sameAs\":[\"https:\/\/www.facebook.com\/baylabel\",\"https:\/\/www.instagram.com\/blb.animals\/\",\"https:\/\/www.youtube.com\/channel\/UCsRug2nImjgMvZ7nWubAF6w\"]}]}<\/script>\n<!-- \/ Yoast SEO plugin. -->","yoast_head_json":{"title":"Szelki antyucieczkowe dla psa Balloon Dog - Smycze, obro\u017ce i szelki dla psa i kota","robots":{"index":"noindex","follow":"follow","max-snippet":"max-snippet:-1","max-image-preview":"max-image-preview:large","max-video-preview":"max-video-preview:-1"},"og_locale":"en_US","og_type":"article","og_title":"Szelki antyucieczkowe dla psa Balloon Dog - Smycze, obro\u017ce i szelki dla psa i kota","og_description":"Je\u015bli szukasz szelek dla psa: l\u0119kliwego dopiero adoptowanego charta\/w typie charta sprytnego uciekiniera albo po prostu nie chcesz martwi\u0107 si\u0119 na zapas tym, czy Tw\u00f3j pies b\u0119dzie w stanie w wyj\u0105tkowo stresuj\u0105cej sytuacji wyswobodzi\u0107 si\u0119 ze swoich szelek &#8211; to wyb\u00f3r jest jeden: szelki antyucieczkowe. KONSTRUKCJA SZELEK Konstrukcyjnie to najlepsze szelki dla psa, a wi\u0119c [&hellip;]","og_url":"https:\/\/dev.baylabel.pl\/en\/sklep\/szelki-antyucieczkowe-dla-psa-balloon-dog\/","og_site_name":"Smycze, obro\u017ce i szelki dla psa i kota","article_publisher":"https:\/\/www.facebook.com\/baylabel","article_modified_time":"2025-07-10T08:04:31+00:00","og_image":[{"width":1500,"height":1500,"url":"https:\/\/dev.baylabel.pl\/wp-content\/uploads\/2025\/03\/szelki-anty-ucieczkowe-balloon-dog.webp","type":"image\/jpeg"}],"twitter_card":"summary_large_image","twitter_misc":{"Est. reading time":"3 minutes"},"schema":{"@context":"https:\/\/schema.org","@graph":[{"@type":"WebPage","@id":"https:\/\/dev.baylabel.pl\/sklep\/szelki-antyucieczkowe-dla-psa-balloon-dog\/","url":"https:\/\/dev.baylabel.pl\/sklep\/szelki-antyucieczkowe-dla-psa-balloon-dog\/","name":"Szelki antyucieczkowe dla psa Balloon Dog - Smycze, obro\u017ce i szelki dla psa i kota","isPartOf":{"@id":"https:\/\/dev.baylabel.pl\/#website"},"primaryImageOfPage":{"@id":"https:\/\/dev.baylabel.pl\/sklep\/szelki-antyucieczkowe-dla-psa-balloon-dog\/#primaryimage"},"image":{"@id":"https:\/\/dev.baylabel.pl\/sklep\/szelki-antyucieczkowe-dla-psa-balloon-dog\/#primaryimage"},"thumbnailUrl":"https:\/\/dev.baylabel.pl\/wp-content\/uploads\/2025\/03\/szelki-anty-ucieczkowe-balloon-dog.webp","datePublished":"2025-03-27T09:51:53+00:00","dateModified":"2025-07-10T08:04:31+00:00","breadcrumb":{"@id":"https:\/\/dev.baylabel.pl\/sklep\/szelki-antyucieczkowe-dla-psa-balloon-dog\/#breadcrumb"},"inLanguage":"en-US","potentialAction":[{"@type":"ReadAction","target":["https:\/\/dev.baylabel.pl\/sklep\/szelki-antyucieczkowe-dla-psa-balloon-dog\/"]}]},{"@type":"ImageObject","inLanguage":"en-US","@id":"https:\/\/dev.baylabel.pl\/sklep\/szelki-antyucieczkowe-dla-psa-balloon-dog\/#primaryimage","url":"https:\/\/dev.baylabel.pl\/wp-content\/uploads\/2025\/03\/szelki-anty-ucieczkowe-balloon-dog.webp","contentUrl":"https:\/\/dev.baylabel.pl\/wp-content\/uploads\/2025\/03\/szelki-anty-ucieczkowe-balloon-dog.webp","width":1500,"height":1500},{"@type":"BreadcrumbList","@id":"https:\/\/dev.baylabel.pl\/sklep\/szelki-antyucieczkowe-dla-psa-balloon-dog\/#breadcrumb","itemListElement":[{"@type":"ListItem","position":1,"name":"Strona g\u0142\u00f3wna","item":"https:\/\/dev.baylabel.pl\/"},{"@type":"ListItem","position":2,"name":"Sklep","item":"https:\/\/dev.baylabel.pl\/sklep\/"},{"@type":"ListItem","position":3,"name":"Szelki antyucieczkowe dla psa Balloon Dog"}]},{"@type":"WebSite","@id":"https:\/\/dev.baylabel.pl\/#website","url":"https:\/\/dev.baylabel.pl\/","name":"Smycze, obro\u017ce i szelki dla psa i kota","description":"Akcesoria dla ps\u00f3w, smycze, obro\u017ce i szelki tworzymy z ogromn\u0105 mi\u0142o\u015bci\u0105. Nasze produkty s\u0105 wykonywane r\u0119cznie z najlepszej jako\u015bci materia\u0142\u00f3w.","publisher":{"@id":"https:\/\/dev.baylabel.pl\/#organization"},"potentialAction":[{"@type":"SearchAction","target":{"@type":"EntryPoint","urlTemplate":"https:\/\/dev.baylabel.pl\/?s={search_term_string}"},"query-input":{"@type":"PropertyValueSpecification","valueRequired":true,"valueName":"search_term_string"}}],"inLanguage":"en-US"},{"@type":"Organization","@id":"https:\/\/dev.baylabel.pl\/#organization","name":"Baylabel","url":"https:\/\/dev.baylabel.pl\/","logo":{"@type":"ImageObject","inLanguage":"en-US","@id":"https:\/\/dev.baylabel.pl\/#\/schema\/logo\/image\/","url":"https:\/\/dev.baylabel.pl\/wp-content\/uploads\/2025\/04\/akcesoria-dla-psow-baylabel.webp","contentUrl":"https:\/\/dev.baylabel.pl\/wp-content\/uploads\/2025\/04\/akcesoria-dla-psow-baylabel.webp","width":135,"height":135,"caption":"Baylabel"},"image":{"@id":"https:\/\/dev.baylabel.pl\/#\/schema\/logo\/image\/"},"sameAs":["https:\/\/www.facebook.com\/baylabel","https:\/\/www.instagram.com\/blb.animals\/","https:\/\/www.youtube.com\/channel\/UCsRug2nImjgMvZ7nWubAF6w"]}]}},"_links":{"self":[{"href":"https:\/\/dev.baylabel.pl\/en\/wp-json\/wp\/v2\/product\/14475","targetHints":{"allow":["GET"]}}],"collection":[{"href":"https:\/\/dev.baylabel.pl\/en\/wp-json\/wp\/v2\/product"}],"about":[{"href":"https:\/\/dev.baylabel.pl\/en\/wp-json\/wp\/v2\/types\/product"}],"wp:featuredmedia":[{"embeddable":true,"href":"https:\/\/dev.baylabel.pl\/en\/wp-json\/wp\/v2\/media\/14612"}],"wp:attachment":[{"href":"https:\/\/dev.baylabel.pl\/en\/wp-json\/wp\/v2\/media?parent=14475"}],"wp:term":[{"taxonomy":"product_brand","embeddable":true,"href":"https:\/\/dev.baylabel.pl\/en\/wp-json\/wp\/v2\/product_brand?post=14475"},{"taxonomy":"product_cat","embeddable":true,"href":"https:\/\/dev.baylabel.pl\/en\/wp-json\/wp\/v2\/product_cat?post=14475"},{"taxonomy":"product_tag","embeddable":true,"href":"https:\/\/dev.baylabel.pl\/en\/wp-json\/wp\/v2\/product_tag?post=14475"}],"curies":[{"name":"wp","href":"https:\/\/api.w.org\/{rel}","templated":true}]}}