{"id":19517,"date":"2025-03-27T11:45:20","date_gmt":"2025-03-27T10:45:20","guid":{"rendered":"https:\/\/dev.baylabel.pl\/?post_type=product&#038;p=19517"},"modified":"2025-12-04T00:10:51","modified_gmt":"2025-12-03T23:10:51","slug":"obroza-dla-psa-double-lock-house-of-donuts","status":"publish","type":"product","link":"https:\/\/dev.baylabel.pl\/en\/sklep\/obroza-dla-psa-double-lock-house-of-donuts\/","title":{"rendered":"Obro\u017ca dla psa Double lock House of Donuts"},"content":{"rendered":"<p><strong>Obro\u017ca z zapi\u0119ciem Double Lock \u2013 maksymalne bezpiecze\u0144stwo i wygoda<\/strong><\/p>\n<p><strong>Wytrzyma\u0142a obro\u017ca dla wymagaj\u0105cych ps\u00f3w<\/strong><\/p>\n<p>Obro\u017ca z zapi\u0119ciem Double Lock to idealne rozwi\u0105zanie dla opiekun\u00f3w ceni\u0105cych bezpiecze\u0144stwo i komfort swojego psa. Dzi\u0119ki podw\u00f3jnemu systemowi blokady zapobiega przypadkowemu odpi\u0119ciu, co sprawia, \u017ce jest doskona\u0142ym wyborem dla du\u017cych, silnych i energicznych ps\u00f3w.<\/p>\n<p><strong>Zapi\u0119cie Double Lock \u2013 podw\u00f3jna ochrona<\/strong><br \/>\nSystem Double Lock \u0142\u0105czy klamr\u0119 zatrzaskow\u0105 z dodatkow\u0105 blokad\u0105, eliminuj\u0105c ryzyko przypadkowego rozpi\u0119cia obro\u017cy. To rozwi\u0105zanie gwarantuje maksymalne bezpiecze\u0144stwo podczas spacer\u00f3w i trening\u00f3w.<\/p>\n<p><strong>Materia\u0142y<\/strong><br \/>\nObro\u017ca zosta\u0142a wykonana z wysokiej jako\u015bci ta\u015bm, kt\u00f3re zapewniaj\u0105 d\u0142ug\u0105 \u017cywotno\u015b\u0107 i odporno\u015b\u0107 na uszkodzenia. Mocne metalowe okucia oraz wzmocnione szwy gwarantuj\u0105 wytrzyma\u0142o\u015b\u0107.<\/p>\n<p><strong>Dlaczego warto wybra\u0107 obro\u017c\u0119 double lock?<\/strong><br \/>\n&#x2705;Bezpiecze\u0144stwo \u2013 podw\u00f3jne zapi\u0119cie chroni przed odpi\u0119ciem obro\u017cy<br \/>\n&#x2705;Wytrzyma\u0142o\u015b\u0107 \u2013 odporne na zerwanie ta\u015bmy i wzmocnione szwy<br \/>\n&#x2705;Stylowy design \u2013 dost\u0119pna w 60 autorskich wzorach<\/p>\n<p><strong>Dla jakich ps\u00f3w jest przeznaczona?<\/strong><br \/>\nObro\u017ca z zapi\u0119ciem Double Lock sprawdzi si\u0119 dla ps\u00f3w wszystkich ras, szczeg\u00f3lnie tych du\u017cych oraz aktywnych, kt\u00f3re potrzebuj\u0105 mocnego i niezawodnego rozwi\u0105zania spacerowego.<\/p>","protected":false},"excerpt":{"rendered":"<p>Obro\u017ca z zapi\u0119ciem Double Lock \u2013 maksymalne bezpiecze\u0144stwo i wygoda Wytrzyma\u0142a obro\u017ca dla wymagaj\u0105cych ps\u00f3w Obro\u017ca z zapi\u0119ciem Double Lock to idealne rozwi\u0105zanie dla opiekun\u00f3w ceni\u0105cych bezpiecze\u0144stwo i komfort swojego psa. Dzi\u0119ki podw\u00f3jnemu systemowi blokady zapobiega przypadkowemu odpi\u0119ciu, co sprawia, \u017ce jest doskona\u0142ym wyborem dla du\u017cych, silnych i energicznych ps\u00f3w. Zapi\u0119cie Double Lock \u2013 podw\u00f3jna [&hellip;]<\/p>","protected":false},"featured_media":19531,"template":"","meta":{"_acf_changed":false,"inline_featured_image":false},"product_brand":[],"product_cat":[93,69,219],"product_tag":[],"class_list":{"0":"post-19517","1":"product","2":"type-product","3":"status-publish","4":"has-post-thumbnail","6":"product_cat-dla-psa","7":"product_cat-house-of-donuts","8":"product_cat-obroze-double-lock","10":"first","11":"instock","12":"taxable","13":"shipping-taxable","14":"purchasable","15":"product-type-variable"},"acf":[],"yoast_head":"<!-- This site is optimized with the Yoast SEO plugin v24.9 - https:\/\/yoast.com\/wordpress\/plugins\/seo\/ -->\n<title>Obro\u017ca dla psa Double lock House of Donuts - Smycze, obro\u017ce i szelki dla psa i kota<\/title>\n<meta name=\"robots\" content=\"noindex, follow, max-snippet:-1, max-image-preview:large, max-video-preview:-1\" \/>\n<meta property=\"og:locale\" content=\"en_US\" \/>\n<meta property=\"og:type\" content=\"article\" \/>\n<meta property=\"og:title\" content=\"Obro\u017ca dla psa Double lock House of Donuts - Smycze, obro\u017ce i szelki dla psa i kota\" \/>\n<meta property=\"og:description\" content=\"Obro\u017ca z zapi\u0119ciem Double Lock \u2013 maksymalne bezpiecze\u0144stwo i wygoda Wytrzyma\u0142a obro\u017ca dla wymagaj\u0105cych ps\u00f3w Obro\u017ca z zapi\u0119ciem Double Lock to idealne rozwi\u0105zanie dla opiekun\u00f3w ceni\u0105cych bezpiecze\u0144stwo i komfort swojego psa. Dzi\u0119ki podw\u00f3jnemu systemowi blokady zapobiega przypadkowemu odpi\u0119ciu, co sprawia, \u017ce jest doskona\u0142ym wyborem dla du\u017cych, silnych i energicznych ps\u00f3w. Zapi\u0119cie Double Lock \u2013 podw\u00f3jna [&hellip;]\" \/>\n<meta property=\"og:url\" content=\"https:\/\/dev.baylabel.pl\/en\/sklep\/obroza-dla-psa-double-lock-house-of-donuts\/\" \/>\n<meta property=\"og:site_name\" content=\"Smycze, obro\u017ce i szelki dla psa i kota\" \/>\n<meta property=\"article:publisher\" content=\"https:\/\/www.facebook.com\/baylabel\" \/>\n<meta property=\"article:modified_time\" content=\"2025-12-03T23:10:51+00:00\" \/>\n<meta property=\"og:image\" content=\"https:\/\/dev.baylabel.pl\/wp-content\/uploads\/2025\/03\/OBROZA-DOUBLE-LOCK-HOUSE-OF-DONUTS.webp\" \/>\n\t<meta property=\"og:image:width\" content=\"1500\" \/>\n\t<meta property=\"og:image:height\" content=\"1500\" \/>\n\t<meta property=\"og:image:type\" content=\"image\/jpeg\" \/>\n<meta name=\"twitter:card\" content=\"summary_large_image\" \/>\n<meta name=\"twitter:label1\" content=\"Est. reading time\" \/>\n\t<meta name=\"twitter:data1\" content=\"2 minutes\" \/>\n<script type=\"application\/ld+json\" class=\"yoast-schema-graph\">{\"@context\":\"https:\/\/schema.org\",\"@graph\":[{\"@type\":\"WebPage\",\"@id\":\"https:\/\/dev.baylabel.pl\/sklep\/obroza-dla-psa-double-lock-house-of-donuts\/\",\"url\":\"https:\/\/dev.baylabel.pl\/sklep\/obroza-dla-psa-double-lock-house-of-donuts\/\",\"name\":\"Obro\u017ca dla psa Double lock House of Donuts - Smycze, obro\u017ce i szelki dla psa i kota\",\"isPartOf\":{\"@id\":\"https:\/\/dev.baylabel.pl\/#website\"},\"primaryImageOfPage\":{\"@id\":\"https:\/\/dev.baylabel.pl\/sklep\/obroza-dla-psa-double-lock-house-of-donuts\/#primaryimage\"},\"image\":{\"@id\":\"https:\/\/dev.baylabel.pl\/sklep\/obroza-dla-psa-double-lock-house-of-donuts\/#primaryimage\"},\"thumbnailUrl\":\"https:\/\/dev.baylabel.pl\/wp-content\/uploads\/2025\/03\/OBROZA-DOUBLE-LOCK-HOUSE-OF-DONUTS.webp\",\"datePublished\":\"2025-03-27T10:45:20+00:00\",\"dateModified\":\"2025-12-03T23:10:51+00:00\",\"breadcrumb\":{\"@id\":\"https:\/\/dev.baylabel.pl\/sklep\/obroza-dla-psa-double-lock-house-of-donuts\/#breadcrumb\"},\"inLanguage\":\"en-US\",\"potentialAction\":[{\"@type\":\"ReadAction\",\"target\":[\"https:\/\/dev.baylabel.pl\/sklep\/obroza-dla-psa-double-lock-house-of-donuts\/\"]}]},{\"@type\":\"ImageObject\",\"inLanguage\":\"en-US\",\"@id\":\"https:\/\/dev.baylabel.pl\/sklep\/obroza-dla-psa-double-lock-house-of-donuts\/#primaryimage\",\"url\":\"https:\/\/dev.baylabel.pl\/wp-content\/uploads\/2025\/03\/OBROZA-DOUBLE-LOCK-HOUSE-OF-DONUTS.webp\",\"contentUrl\":\"https:\/\/dev.baylabel.pl\/wp-content\/uploads\/2025\/03\/OBROZA-DOUBLE-LOCK-HOUSE-OF-DONUTS.webp\",\"width\":1500,\"height\":1500},{\"@type\":\"BreadcrumbList\",\"@id\":\"https:\/\/dev.baylabel.pl\/sklep\/obroza-dla-psa-double-lock-house-of-donuts\/#breadcrumb\",\"itemListElement\":[{\"@type\":\"ListItem\",\"position\":1,\"name\":\"Strona g\u0142\u00f3wna\",\"item\":\"https:\/\/dev.baylabel.pl\/\"},{\"@type\":\"ListItem\",\"position\":2,\"name\":\"Sklep\",\"item\":\"https:\/\/dev.baylabel.pl\/sklep\/\"},{\"@type\":\"ListItem\",\"position\":3,\"name\":\"Obro\u017ca dla psa Double lock House of Donuts\"}]},{\"@type\":\"WebSite\",\"@id\":\"https:\/\/dev.baylabel.pl\/#website\",\"url\":\"https:\/\/dev.baylabel.pl\/\",\"name\":\"Smycze, obro\u017ce i szelki dla psa i kota\",\"description\":\"Akcesoria dla ps\u00f3w, smycze, obro\u017ce i szelki tworzymy z ogromn\u0105 mi\u0142o\u015bci\u0105. Nasze produkty s\u0105 wykonywane r\u0119cznie z najlepszej jako\u015bci materia\u0142\u00f3w.\",\"publisher\":{\"@id\":\"https:\/\/dev.baylabel.pl\/#organization\"},\"potentialAction\":[{\"@type\":\"SearchAction\",\"target\":{\"@type\":\"EntryPoint\",\"urlTemplate\":\"https:\/\/dev.baylabel.pl\/?s={search_term_string}\"},\"query-input\":{\"@type\":\"PropertyValueSpecification\",\"valueRequired\":true,\"valueName\":\"search_term_string\"}}],\"inLanguage\":\"en-US\"},{\"@type\":\"Organization\",\"@id\":\"https:\/\/dev.baylabel.pl\/#organization\",\"name\":\"Baylabel\",\"url\":\"https:\/\/dev.baylabel.pl\/\",\"logo\":{\"@type\":\"ImageObject\",\"inLanguage\":\"en-US\",\"@id\":\"https:\/\/dev.baylabel.pl\/#\/schema\/logo\/image\/\",\"url\":\"https:\/\/dev.baylabel.pl\/wp-content\/uploads\/2025\/04\/akcesoria-dla-psow-baylabel.webp\",\"contentUrl\":\"https:\/\/dev.baylabel.pl\/wp-content\/uploads\/2025\/04\/akcesoria-dla-psow-baylabel.webp\",\"width\":135,\"height\":135,\"caption\":\"Baylabel\"},\"image\":{\"@id\":\"https:\/\/dev.baylabel.pl\/#\/schema\/logo\/image\/\"},\"sameAs\":[\"https:\/\/www.facebook.com\/baylabel\",\"https:\/\/www.instagram.com\/blb.animals\/\",\"https:\/\/www.youtube.com\/channel\/UCsRug2nImjgMvZ7nWubAF6w\"]}]}<\/script>\n<!-- \/ Yoast SEO plugin. -->","yoast_head_json":{"title":"Obro\u017ca dla psa Double lock House of Donuts - Smycze, obro\u017ce i szelki dla psa i kota","robots":{"index":"noindex","follow":"follow","max-snippet":"max-snippet:-1","max-image-preview":"max-image-preview:large","max-video-preview":"max-video-preview:-1"},"og_locale":"en_US","og_type":"article","og_title":"Obro\u017ca dla psa Double lock House of Donuts - Smycze, obro\u017ce i szelki dla psa i kota","og_description":"Obro\u017ca z zapi\u0119ciem Double Lock \u2013 maksymalne bezpiecze\u0144stwo i wygoda Wytrzyma\u0142a obro\u017ca dla wymagaj\u0105cych ps\u00f3w Obro\u017ca z zapi\u0119ciem Double Lock to idealne rozwi\u0105zanie dla opiekun\u00f3w ceni\u0105cych bezpiecze\u0144stwo i komfort swojego psa. Dzi\u0119ki podw\u00f3jnemu systemowi blokady zapobiega przypadkowemu odpi\u0119ciu, co sprawia, \u017ce jest doskona\u0142ym wyborem dla du\u017cych, silnych i energicznych ps\u00f3w. Zapi\u0119cie Double Lock \u2013 podw\u00f3jna [&hellip;]","og_url":"https:\/\/dev.baylabel.pl\/en\/sklep\/obroza-dla-psa-double-lock-house-of-donuts\/","og_site_name":"Smycze, obro\u017ce i szelki dla psa i kota","article_publisher":"https:\/\/www.facebook.com\/baylabel","article_modified_time":"2025-12-03T23:10:51+00:00","og_image":[{"width":1500,"height":1500,"url":"https:\/\/dev.baylabel.pl\/wp-content\/uploads\/2025\/03\/OBROZA-DOUBLE-LOCK-HOUSE-OF-DONUTS.webp","type":"image\/jpeg"}],"twitter_card":"summary_large_image","twitter_misc":{"Est. reading time":"2 minutes"},"schema":{"@context":"https:\/\/schema.org","@graph":[{"@type":"WebPage","@id":"https:\/\/dev.baylabel.pl\/sklep\/obroza-dla-psa-double-lock-house-of-donuts\/","url":"https:\/\/dev.baylabel.pl\/sklep\/obroza-dla-psa-double-lock-house-of-donuts\/","name":"Obro\u017ca dla psa Double lock House of Donuts - Smycze, obro\u017ce i szelki dla psa i kota","isPartOf":{"@id":"https:\/\/dev.baylabel.pl\/#website"},"primaryImageOfPage":{"@id":"https:\/\/dev.baylabel.pl\/sklep\/obroza-dla-psa-double-lock-house-of-donuts\/#primaryimage"},"image":{"@id":"https:\/\/dev.baylabel.pl\/sklep\/obroza-dla-psa-double-lock-house-of-donuts\/#primaryimage"},"thumbnailUrl":"https:\/\/dev.baylabel.pl\/wp-content\/uploads\/2025\/03\/OBROZA-DOUBLE-LOCK-HOUSE-OF-DONUTS.webp","datePublished":"2025-03-27T10:45:20+00:00","dateModified":"2025-12-03T23:10:51+00:00","breadcrumb":{"@id":"https:\/\/dev.baylabel.pl\/sklep\/obroza-dla-psa-double-lock-house-of-donuts\/#breadcrumb"},"inLanguage":"en-US","potentialAction":[{"@type":"ReadAction","target":["https:\/\/dev.baylabel.pl\/sklep\/obroza-dla-psa-double-lock-house-of-donuts\/"]}]},{"@type":"ImageObject","inLanguage":"en-US","@id":"https:\/\/dev.baylabel.pl\/sklep\/obroza-dla-psa-double-lock-house-of-donuts\/#primaryimage","url":"https:\/\/dev.baylabel.pl\/wp-content\/uploads\/2025\/03\/OBROZA-DOUBLE-LOCK-HOUSE-OF-DONUTS.webp","contentUrl":"https:\/\/dev.baylabel.pl\/wp-content\/uploads\/2025\/03\/OBROZA-DOUBLE-LOCK-HOUSE-OF-DONUTS.webp","width":1500,"height":1500},{"@type":"BreadcrumbList","@id":"https:\/\/dev.baylabel.pl\/sklep\/obroza-dla-psa-double-lock-house-of-donuts\/#breadcrumb","itemListElement":[{"@type":"ListItem","position":1,"name":"Strona g\u0142\u00f3wna","item":"https:\/\/dev.baylabel.pl\/"},{"@type":"ListItem","position":2,"name":"Sklep","item":"https:\/\/dev.baylabel.pl\/sklep\/"},{"@type":"ListItem","position":3,"name":"Obro\u017ca dla psa Double lock House of Donuts"}]},{"@type":"WebSite","@id":"https:\/\/dev.baylabel.pl\/#website","url":"https:\/\/dev.baylabel.pl\/","name":"Smycze, obro\u017ce i szelki dla psa i kota","description":"Akcesoria dla ps\u00f3w, smycze, obro\u017ce i szelki tworzymy z ogromn\u0105 mi\u0142o\u015bci\u0105. Nasze produkty s\u0105 wykonywane r\u0119cznie z najlepszej jako\u015bci materia\u0142\u00f3w.","publisher":{"@id":"https:\/\/dev.baylabel.pl\/#organization"},"potentialAction":[{"@type":"SearchAction","target":{"@type":"EntryPoint","urlTemplate":"https:\/\/dev.baylabel.pl\/?s={search_term_string}"},"query-input":{"@type":"PropertyValueSpecification","valueRequired":true,"valueName":"search_term_string"}}],"inLanguage":"en-US"},{"@type":"Organization","@id":"https:\/\/dev.baylabel.pl\/#organization","name":"Baylabel","url":"https:\/\/dev.baylabel.pl\/","logo":{"@type":"ImageObject","inLanguage":"en-US","@id":"https:\/\/dev.baylabel.pl\/#\/schema\/logo\/image\/","url":"https:\/\/dev.baylabel.pl\/wp-content\/uploads\/2025\/04\/akcesoria-dla-psow-baylabel.webp","contentUrl":"https:\/\/dev.baylabel.pl\/wp-content\/uploads\/2025\/04\/akcesoria-dla-psow-baylabel.webp","width":135,"height":135,"caption":"Baylabel"},"image":{"@id":"https:\/\/dev.baylabel.pl\/#\/schema\/logo\/image\/"},"sameAs":["https:\/\/www.facebook.com\/baylabel","https:\/\/www.instagram.com\/blb.animals\/","https:\/\/www.youtube.com\/channel\/UCsRug2nImjgMvZ7nWubAF6w"]}]}},"_links":{"self":[{"href":"https:\/\/dev.baylabel.pl\/en\/wp-json\/wp\/v2\/product\/19517","targetHints":{"allow":["GET"]}}],"collection":[{"href":"https:\/\/dev.baylabel.pl\/en\/wp-json\/wp\/v2\/product"}],"about":[{"href":"https:\/\/dev.baylabel.pl\/en\/wp-json\/wp\/v2\/types\/product"}],"wp:featuredmedia":[{"embeddable":true,"href":"https:\/\/dev.baylabel.pl\/en\/wp-json\/wp\/v2\/media\/19531"}],"wp:attachment":[{"href":"https:\/\/dev.baylabel.pl\/en\/wp-json\/wp\/v2\/media?parent=19517"}],"wp:term":[{"taxonomy":"product_brand","embeddable":true,"href":"https:\/\/dev.baylabel.pl\/en\/wp-json\/wp\/v2\/product_brand?post=19517"},{"taxonomy":"product_cat","embeddable":true,"href":"https:\/\/dev.baylabel.pl\/en\/wp-json\/wp\/v2\/product_cat?post=19517"},{"taxonomy":"product_tag","embeddable":true,"href":"https:\/\/dev.baylabel.pl\/en\/wp-json\/wp\/v2\/product_tag?post=19517"}],"curies":[{"name":"wp","href":"https:\/\/api.w.org\/{rel}","templated":true}]}}