{"id":20226,"date":"2025-04-22T12:28:39","date_gmt":"2025-03-27T10:49:34","guid":{"rendered":"https:\/\/dev.baylabel.pl\/?post_type=product&#038;p=20226"},"modified":"2025-12-04T00:04:45","modified_gmt":"2025-12-03T23:04:45","slug":"mata-pears-in-heaven","status":"publish","type":"product","link":"https:\/\/dev.baylabel.pl\/en\/sklep\/mata-pears-in-heaven\/","title":{"rendered":"Mata Pears in Heaven"},"content":{"rendered":"<p>Nasza dwustronna mata dla psa pe\u0142ni rol\u0119 przeno\u015bnego legowiska, kt\u00f3re idealnie sprawdzi si\u0119:<\/p>\n<p>&#8211; w podr\u00f3\u017cy (w samochodzie, w klatce transportowej, a nawet w poci\u0105gu)<\/p>\n<p>&#8211; w odwiedzinach u rodziny i znajomych<\/p>\n<p>&#8211; podczas wyj\u015bcia do restauracji czy kawiarni<\/p>\n<p>Mata jest lekka i sk\u0142adana &#8211; bez problemu mo\u017cesz zabra\u0107 j\u0105 ze sob\u0105 wsz\u0119dzie, gdziekolwiek Tw\u00f3j pies potrzebuje swojego miejsca, w kt\u00f3rym b\u0119dzie m\u00f3g\u0142 wygodnie odpocz\u0105\u0107 (zadbali\u015bmy o to, \u017ceby by\u0142a mi\u0119ciutka).<\/p>\n<p>Mat\u0119 mo\u017cesz wykorzysta\u0107 te\u017c w domu &#8211; jako nak\u0142adk\u0119 zabezpieczaj\u0105c\u0105 na fotel czy kanap\u0119.<\/p>\n<p>Zewn\u0119trzna strona maty zosta\u0142a wykonana z softshellu. Materia\u0142 ten ma w\u0142a\u015bciwo\u015bci izolacyjne, jest odporny na wod\u0119 oraz \u0142atwy w czyszczeniu. Wewn\u0119trzna strona maty to mi\u0119kki polar minky.<\/p>\n<p>Wymiary maty po roz\u0142o\u017ceniu:\u00a0 75 cm \u00d7 65 cm<\/p>","protected":false},"excerpt":{"rendered":"<p>To funkcjonalne i komfortowe rozwi\u0105zanie dla Twojego zwierzaka. Z jednej strony wykonana z wodoodpornego softshellu, a z drugiej z przyjemnego w dotyku polaru minky, zapewnia wygod\u0119 i odpowiedni\u0105 izolacj\u0119. Zatrzask umo\u017cliwia szybkie z\u0142o\u017cenie maty do kompaktowego rozmiaru. Mata doskonale sprawdzi si\u0119 podczas spacer\u00f3w, jesiennych zabaw i podr\u00f3\u017cy zapewniaj\u0105c mu wygodne miejsce do odpoczynku.<\/p>\n<p>&nbsp;<\/p>\n<p>&nbsp;<\/p>","protected":false},"featured_media":20341,"template":"","meta":{"_acf_changed":false,"inline_featured_image":false},"product_brand":[],"product_cat":[93,97,171],"product_tag":[211],"class_list":{"0":"post-20226","1":"product","2":"type-product","3":"status-publish","4":"has-post-thumbnail","6":"product_cat-dla-psa","7":"product_cat-maty","8":"product_cat-pears-in-heaven","9":"product_tag-koc","11":"first","12":"instock","13":"taxable","14":"shipping-taxable","15":"purchasable","16":"product-type-simple"},"acf":[],"yoast_head":"<!-- This site is optimized with the Yoast SEO plugin v24.9 - https:\/\/yoast.com\/wordpress\/plugins\/seo\/ -->\n<title>Mata Pears in Heaven - Smycze, obro\u017ce i szelki dla psa i kota<\/title>\n<meta name=\"robots\" content=\"noindex, follow, max-snippet:-1, max-image-preview:large, max-video-preview:-1\" \/>\n<meta property=\"og:locale\" content=\"en_US\" \/>\n<meta property=\"og:type\" content=\"article\" \/>\n<meta property=\"og:title\" content=\"Mata Pears in Heaven - Smycze, obro\u017ce i szelki dla psa i kota\" \/>\n<meta property=\"og:description\" content=\"To funkcjonalne i komfortowe rozwi\u0105zanie dla Twojego zwierzaka. Z jednej strony wykonana z wodoodpornego softshellu, a z drugiej z przyjemnego w dotyku polaru minky, zapewnia wygod\u0119 i odpowiedni\u0105 izolacj\u0119. Zatrzask umo\u017cliwia szybkie z\u0142o\u017cenie maty do kompaktowego rozmiaru. Mata doskonale sprawdzi si\u0119 podczas spacer\u00f3w, jesiennych zabaw i podr\u00f3\u017cy zapewniaj\u0105c mu wygodne miejsce do odpoczynku.  &nbsp;  &nbsp;\" \/>\n<meta property=\"og:url\" content=\"https:\/\/dev.baylabel.pl\/en\/sklep\/mata-pears-in-heaven\/\" \/>\n<meta property=\"og:site_name\" content=\"Smycze, obro\u017ce i szelki dla psa i kota\" \/>\n<meta property=\"article:publisher\" content=\"https:\/\/www.facebook.com\/baylabel\" \/>\n<meta property=\"article:modified_time\" content=\"2025-12-03T23:04:45+00:00\" \/>\n<meta property=\"og:image\" content=\"https:\/\/dev.baylabel.pl\/wp-content\/uploads\/2025\/03\/MATA-PEARS-IN-HEAVEN.webp\" \/>\n\t<meta property=\"og:image:width\" content=\"1500\" \/>\n\t<meta property=\"og:image:height\" content=\"1500\" \/>\n\t<meta property=\"og:image:type\" content=\"image\/jpeg\" \/>\n<meta name=\"twitter:card\" content=\"summary_large_image\" \/>\n<meta name=\"twitter:label1\" content=\"Est. reading time\" \/>\n\t<meta name=\"twitter:data1\" content=\"1 minute\" \/>\n<script type=\"application\/ld+json\" class=\"yoast-schema-graph\">{\"@context\":\"https:\/\/schema.org\",\"@graph\":[{\"@type\":\"WebPage\",\"@id\":\"https:\/\/dev.baylabel.pl\/sklep\/mata-pears-in-heaven\/\",\"url\":\"https:\/\/dev.baylabel.pl\/sklep\/mata-pears-in-heaven\/\",\"name\":\"Mata Pears in Heaven - Smycze, obro\u017ce i szelki dla psa i kota\",\"isPartOf\":{\"@id\":\"https:\/\/dev.baylabel.pl\/#website\"},\"primaryImageOfPage\":{\"@id\":\"https:\/\/dev.baylabel.pl\/sklep\/mata-pears-in-heaven\/#primaryimage\"},\"image\":{\"@id\":\"https:\/\/dev.baylabel.pl\/sklep\/mata-pears-in-heaven\/#primaryimage\"},\"thumbnailUrl\":\"https:\/\/dev.baylabel.pl\/wp-content\/uploads\/2025\/03\/MATA-PEARS-IN-HEAVEN.webp\",\"datePublished\":\"2025-03-27T10:49:34+00:00\",\"dateModified\":\"2025-12-03T23:04:45+00:00\",\"breadcrumb\":{\"@id\":\"https:\/\/dev.baylabel.pl\/sklep\/mata-pears-in-heaven\/#breadcrumb\"},\"inLanguage\":\"en-US\",\"potentialAction\":[{\"@type\":\"ReadAction\",\"target\":[\"https:\/\/dev.baylabel.pl\/sklep\/mata-pears-in-heaven\/\"]}]},{\"@type\":\"ImageObject\",\"inLanguage\":\"en-US\",\"@id\":\"https:\/\/dev.baylabel.pl\/sklep\/mata-pears-in-heaven\/#primaryimage\",\"url\":\"https:\/\/dev.baylabel.pl\/wp-content\/uploads\/2025\/03\/MATA-PEARS-IN-HEAVEN.webp\",\"contentUrl\":\"https:\/\/dev.baylabel.pl\/wp-content\/uploads\/2025\/03\/MATA-PEARS-IN-HEAVEN.webp\",\"width\":1500,\"height\":1500},{\"@type\":\"BreadcrumbList\",\"@id\":\"https:\/\/dev.baylabel.pl\/sklep\/mata-pears-in-heaven\/#breadcrumb\",\"itemListElement\":[{\"@type\":\"ListItem\",\"position\":1,\"name\":\"Strona g\u0142\u00f3wna\",\"item\":\"https:\/\/dev.baylabel.pl\/\"},{\"@type\":\"ListItem\",\"position\":2,\"name\":\"Sklep\",\"item\":\"https:\/\/dev.baylabel.pl\/sklep\/\"},{\"@type\":\"ListItem\",\"position\":3,\"name\":\"Mata Pears in Heaven\"}]},{\"@type\":\"WebSite\",\"@id\":\"https:\/\/dev.baylabel.pl\/#website\",\"url\":\"https:\/\/dev.baylabel.pl\/\",\"name\":\"Smycze, obro\u017ce i szelki dla psa i kota\",\"description\":\"Akcesoria dla ps\u00f3w, smycze, obro\u017ce i szelki tworzymy z ogromn\u0105 mi\u0142o\u015bci\u0105. Nasze produkty s\u0105 wykonywane r\u0119cznie z najlepszej jako\u015bci materia\u0142\u00f3w.\",\"publisher\":{\"@id\":\"https:\/\/dev.baylabel.pl\/#organization\"},\"potentialAction\":[{\"@type\":\"SearchAction\",\"target\":{\"@type\":\"EntryPoint\",\"urlTemplate\":\"https:\/\/dev.baylabel.pl\/?s={search_term_string}\"},\"query-input\":{\"@type\":\"PropertyValueSpecification\",\"valueRequired\":true,\"valueName\":\"search_term_string\"}}],\"inLanguage\":\"en-US\"},{\"@type\":\"Organization\",\"@id\":\"https:\/\/dev.baylabel.pl\/#organization\",\"name\":\"Baylabel\",\"url\":\"https:\/\/dev.baylabel.pl\/\",\"logo\":{\"@type\":\"ImageObject\",\"inLanguage\":\"en-US\",\"@id\":\"https:\/\/dev.baylabel.pl\/#\/schema\/logo\/image\/\",\"url\":\"https:\/\/dev.baylabel.pl\/wp-content\/uploads\/2025\/04\/akcesoria-dla-psow-baylabel.webp\",\"contentUrl\":\"https:\/\/dev.baylabel.pl\/wp-content\/uploads\/2025\/04\/akcesoria-dla-psow-baylabel.webp\",\"width\":135,\"height\":135,\"caption\":\"Baylabel\"},\"image\":{\"@id\":\"https:\/\/dev.baylabel.pl\/#\/schema\/logo\/image\/\"},\"sameAs\":[\"https:\/\/www.facebook.com\/baylabel\",\"https:\/\/www.instagram.com\/blb.animals\/\",\"https:\/\/www.youtube.com\/channel\/UCsRug2nImjgMvZ7nWubAF6w\"]}]}<\/script>\n<!-- \/ Yoast SEO plugin. -->","yoast_head_json":{"title":"Mata Pears in Heaven - Smycze, obro\u017ce i szelki dla psa i kota","robots":{"index":"noindex","follow":"follow","max-snippet":"max-snippet:-1","max-image-preview":"max-image-preview:large","max-video-preview":"max-video-preview:-1"},"og_locale":"en_US","og_type":"article","og_title":"Mata Pears in Heaven - Smycze, obro\u017ce i szelki dla psa i kota","og_description":"To funkcjonalne i komfortowe rozwi\u0105zanie dla Twojego zwierzaka. Z jednej strony wykonana z wodoodpornego softshellu, a z drugiej z przyjemnego w dotyku polaru minky, zapewnia wygod\u0119 i odpowiedni\u0105 izolacj\u0119. Zatrzask umo\u017cliwia szybkie z\u0142o\u017cenie maty do kompaktowego rozmiaru. Mata doskonale sprawdzi si\u0119 podczas spacer\u00f3w, jesiennych zabaw i podr\u00f3\u017cy zapewniaj\u0105c mu wygodne miejsce do odpoczynku.  &nbsp;  &nbsp;","og_url":"https:\/\/dev.baylabel.pl\/en\/sklep\/mata-pears-in-heaven\/","og_site_name":"Smycze, obro\u017ce i szelki dla psa i kota","article_publisher":"https:\/\/www.facebook.com\/baylabel","article_modified_time":"2025-12-03T23:04:45+00:00","og_image":[{"width":1500,"height":1500,"url":"https:\/\/dev.baylabel.pl\/wp-content\/uploads\/2025\/03\/MATA-PEARS-IN-HEAVEN.webp","type":"image\/jpeg"}],"twitter_card":"summary_large_image","twitter_misc":{"Est. reading time":"1 minute"},"schema":{"@context":"https:\/\/schema.org","@graph":[{"@type":"WebPage","@id":"https:\/\/dev.baylabel.pl\/sklep\/mata-pears-in-heaven\/","url":"https:\/\/dev.baylabel.pl\/sklep\/mata-pears-in-heaven\/","name":"Mata Pears in Heaven - Smycze, obro\u017ce i szelki dla psa i kota","isPartOf":{"@id":"https:\/\/dev.baylabel.pl\/#website"},"primaryImageOfPage":{"@id":"https:\/\/dev.baylabel.pl\/sklep\/mata-pears-in-heaven\/#primaryimage"},"image":{"@id":"https:\/\/dev.baylabel.pl\/sklep\/mata-pears-in-heaven\/#primaryimage"},"thumbnailUrl":"https:\/\/dev.baylabel.pl\/wp-content\/uploads\/2025\/03\/MATA-PEARS-IN-HEAVEN.webp","datePublished":"2025-03-27T10:49:34+00:00","dateModified":"2025-12-03T23:04:45+00:00","breadcrumb":{"@id":"https:\/\/dev.baylabel.pl\/sklep\/mata-pears-in-heaven\/#breadcrumb"},"inLanguage":"en-US","potentialAction":[{"@type":"ReadAction","target":["https:\/\/dev.baylabel.pl\/sklep\/mata-pears-in-heaven\/"]}]},{"@type":"ImageObject","inLanguage":"en-US","@id":"https:\/\/dev.baylabel.pl\/sklep\/mata-pears-in-heaven\/#primaryimage","url":"https:\/\/dev.baylabel.pl\/wp-content\/uploads\/2025\/03\/MATA-PEARS-IN-HEAVEN.webp","contentUrl":"https:\/\/dev.baylabel.pl\/wp-content\/uploads\/2025\/03\/MATA-PEARS-IN-HEAVEN.webp","width":1500,"height":1500},{"@type":"BreadcrumbList","@id":"https:\/\/dev.baylabel.pl\/sklep\/mata-pears-in-heaven\/#breadcrumb","itemListElement":[{"@type":"ListItem","position":1,"name":"Strona g\u0142\u00f3wna","item":"https:\/\/dev.baylabel.pl\/"},{"@type":"ListItem","position":2,"name":"Sklep","item":"https:\/\/dev.baylabel.pl\/sklep\/"},{"@type":"ListItem","position":3,"name":"Mata Pears in Heaven"}]},{"@type":"WebSite","@id":"https:\/\/dev.baylabel.pl\/#website","url":"https:\/\/dev.baylabel.pl\/","name":"Smycze, obro\u017ce i szelki dla psa i kota","description":"Akcesoria dla ps\u00f3w, smycze, obro\u017ce i szelki tworzymy z ogromn\u0105 mi\u0142o\u015bci\u0105. Nasze produkty s\u0105 wykonywane r\u0119cznie z najlepszej jako\u015bci materia\u0142\u00f3w.","publisher":{"@id":"https:\/\/dev.baylabel.pl\/#organization"},"potentialAction":[{"@type":"SearchAction","target":{"@type":"EntryPoint","urlTemplate":"https:\/\/dev.baylabel.pl\/?s={search_term_string}"},"query-input":{"@type":"PropertyValueSpecification","valueRequired":true,"valueName":"search_term_string"}}],"inLanguage":"en-US"},{"@type":"Organization","@id":"https:\/\/dev.baylabel.pl\/#organization","name":"Baylabel","url":"https:\/\/dev.baylabel.pl\/","logo":{"@type":"ImageObject","inLanguage":"en-US","@id":"https:\/\/dev.baylabel.pl\/#\/schema\/logo\/image\/","url":"https:\/\/dev.baylabel.pl\/wp-content\/uploads\/2025\/04\/akcesoria-dla-psow-baylabel.webp","contentUrl":"https:\/\/dev.baylabel.pl\/wp-content\/uploads\/2025\/04\/akcesoria-dla-psow-baylabel.webp","width":135,"height":135,"caption":"Baylabel"},"image":{"@id":"https:\/\/dev.baylabel.pl\/#\/schema\/logo\/image\/"},"sameAs":["https:\/\/www.facebook.com\/baylabel","https:\/\/www.instagram.com\/blb.animals\/","https:\/\/www.youtube.com\/channel\/UCsRug2nImjgMvZ7nWubAF6w"]}]}},"_links":{"self":[{"href":"https:\/\/dev.baylabel.pl\/en\/wp-json\/wp\/v2\/product\/20226","targetHints":{"allow":["GET"]}}],"collection":[{"href":"https:\/\/dev.baylabel.pl\/en\/wp-json\/wp\/v2\/product"}],"about":[{"href":"https:\/\/dev.baylabel.pl\/en\/wp-json\/wp\/v2\/types\/product"}],"wp:featuredmedia":[{"embeddable":true,"href":"https:\/\/dev.baylabel.pl\/en\/wp-json\/wp\/v2\/media\/20341"}],"wp:attachment":[{"href":"https:\/\/dev.baylabel.pl\/en\/wp-json\/wp\/v2\/media?parent=20226"}],"wp:term":[{"taxonomy":"product_brand","embeddable":true,"href":"https:\/\/dev.baylabel.pl\/en\/wp-json\/wp\/v2\/product_brand?post=20226"},{"taxonomy":"product_cat","embeddable":true,"href":"https:\/\/dev.baylabel.pl\/en\/wp-json\/wp\/v2\/product_cat?post=20226"},{"taxonomy":"product_tag","embeddable":true,"href":"https:\/\/dev.baylabel.pl\/en\/wp-json\/wp\/v2\/product_tag?post=20226"}],"curies":[{"name":"wp","href":"https:\/\/api.w.org\/{rel}","templated":true}]}}