{"id":21981,"date":"2025-04-22T12:28:39","date_gmt":"2025-03-27T11:50:52","guid":{"rendered":"https:\/\/dev.baylabel.pl\/?post_type=product&#038;p=21981"},"modified":"2025-12-04T00:04:46","modified_gmt":"2025-12-03T23:04:46","slug":"brelok-pears-in-heaven","status":"publish","type":"product","link":"https:\/\/dev.baylabel.pl\/en\/sklep\/brelok-pears-in-heaven\/","title":{"rendered":"Brelok Pears in Heaven"},"content":{"rendered":"<p>Brelok z wytrzyma\u0142ej i \u0142atwej w utrzymaniu ta\u015bmy zwie\u0144czony wytrzyma\u0142ym karabi\u0144czykiem. Wysokiej jako\u015bci materia\u0142 gwarantuje d\u0142ugoletnie u\u017cytkowanie, a wz\u00f3r b\u0119dzie idealnie pasowa\u0142 do zestawu spacerowego Twojego psa, dzi\u0119ki czemu podkre\u015blisz \u0142\u0105cz\u0105c\u0105 was wi\u0119\u017a.<\/p>","protected":false},"excerpt":{"rendered":"<p>Brelok z wytrzyma\u0142ej i \u0142atwej w utrzymaniu ta\u015bmy zwie\u0144czony wytrzyma\u0142ym karabi\u0144czykiem. Wysokiej jako\u015bci materia\u0142 gwarantuje d\u0142ugoletnie u\u017cytkowanie, a wz\u00f3r b\u0119dzie idealnie pasowa\u0142 do zestawu spacerowego Twojego psa, dzi\u0119ki czemu podkre\u015blisz \u0142\u0105cz\u0105c\u0105 was wi\u0119\u017a.<\/p>\n<p>&nbsp;<\/p>","protected":false},"featured_media":22028,"template":"","meta":{"_acf_changed":false,"inline_featured_image":false},"product_brand":[],"product_cat":[119,117,171],"product_tag":[],"class_list":{"0":"post-21981","1":"product","2":"type-product","3":"status-publish","4":"has-post-thumbnail","6":"product_cat-breloki","7":"product_cat-dla-czlowieka","8":"product_cat-pears-in-heaven","10":"first","11":"instock","12":"taxable","13":"shipping-taxable","14":"purchasable","15":"product-type-simple"},"acf":[],"yoast_head":"<!-- This site is optimized with the Yoast SEO plugin v24.9 - https:\/\/yoast.com\/wordpress\/plugins\/seo\/ -->\n<title>Brelok Pears in Heaven - Smycze, obro\u017ce i szelki dla psa i kota<\/title>\n<meta name=\"robots\" content=\"noindex, follow, max-snippet:-1, max-image-preview:large, max-video-preview:-1\" \/>\n<meta property=\"og:locale\" content=\"en_US\" \/>\n<meta property=\"og:type\" content=\"article\" \/>\n<meta property=\"og:title\" content=\"Brelok Pears in Heaven - Smycze, obro\u017ce i szelki dla psa i kota\" \/>\n<meta property=\"og:description\" content=\"Brelok z wytrzyma\u0142ej i \u0142atwej w utrzymaniu ta\u015bmy zwie\u0144czony wytrzyma\u0142ym karabi\u0144czykiem. Wysokiej jako\u015bci materia\u0142 gwarantuje d\u0142ugoletnie u\u017cytkowanie, a wz\u00f3r b\u0119dzie idealnie pasowa\u0142 do zestawu spacerowego Twojego psa, dzi\u0119ki czemu podkre\u015blisz \u0142\u0105cz\u0105c\u0105 was wi\u0119\u017a.  &nbsp;\" \/>\n<meta property=\"og:url\" content=\"https:\/\/dev.baylabel.pl\/en\/sklep\/brelok-pears-in-heaven\/\" \/>\n<meta property=\"og:site_name\" content=\"Smycze, obro\u017ce i szelki dla psa i kota\" \/>\n<meta property=\"article:publisher\" content=\"https:\/\/www.facebook.com\/baylabel\" \/>\n<meta property=\"article:modified_time\" content=\"2025-12-03T23:04:46+00:00\" \/>\n<meta property=\"og:image\" content=\"https:\/\/dev.baylabel.pl\/wp-content\/uploads\/2025\/03\/BRELOK-PEARS-IN-HEAVEN.webp\" \/>\n\t<meta property=\"og:image:width\" content=\"1200\" \/>\n\t<meta property=\"og:image:height\" content=\"800\" \/>\n\t<meta property=\"og:image:type\" content=\"image\/jpeg\" \/>\n<meta name=\"twitter:card\" content=\"summary_large_image\" \/>\n<meta name=\"twitter:label1\" content=\"Est. reading time\" \/>\n\t<meta name=\"twitter:data1\" content=\"1 minute\" \/>\n<script type=\"application\/ld+json\" class=\"yoast-schema-graph\">{\"@context\":\"https:\/\/schema.org\",\"@graph\":[{\"@type\":\"WebPage\",\"@id\":\"https:\/\/dev.baylabel.pl\/sklep\/brelok-pears-in-heaven\/\",\"url\":\"https:\/\/dev.baylabel.pl\/sklep\/brelok-pears-in-heaven\/\",\"name\":\"Brelok Pears in Heaven - Smycze, obro\u017ce i szelki dla psa i kota\",\"isPartOf\":{\"@id\":\"https:\/\/dev.baylabel.pl\/#website\"},\"primaryImageOfPage\":{\"@id\":\"https:\/\/dev.baylabel.pl\/sklep\/brelok-pears-in-heaven\/#primaryimage\"},\"image\":{\"@id\":\"https:\/\/dev.baylabel.pl\/sklep\/brelok-pears-in-heaven\/#primaryimage\"},\"thumbnailUrl\":\"https:\/\/dev.baylabel.pl\/wp-content\/uploads\/2025\/03\/BRELOK-PEARS-IN-HEAVEN.webp\",\"datePublished\":\"2025-03-27T11:50:52+00:00\",\"dateModified\":\"2025-12-03T23:04:46+00:00\",\"breadcrumb\":{\"@id\":\"https:\/\/dev.baylabel.pl\/sklep\/brelok-pears-in-heaven\/#breadcrumb\"},\"inLanguage\":\"en-US\",\"potentialAction\":[{\"@type\":\"ReadAction\",\"target\":[\"https:\/\/dev.baylabel.pl\/sklep\/brelok-pears-in-heaven\/\"]}]},{\"@type\":\"ImageObject\",\"inLanguage\":\"en-US\",\"@id\":\"https:\/\/dev.baylabel.pl\/sklep\/brelok-pears-in-heaven\/#primaryimage\",\"url\":\"https:\/\/dev.baylabel.pl\/wp-content\/uploads\/2025\/03\/BRELOK-PEARS-IN-HEAVEN.webp\",\"contentUrl\":\"https:\/\/dev.baylabel.pl\/wp-content\/uploads\/2025\/03\/BRELOK-PEARS-IN-HEAVEN.webp\",\"width\":1200,\"height\":800},{\"@type\":\"BreadcrumbList\",\"@id\":\"https:\/\/dev.baylabel.pl\/sklep\/brelok-pears-in-heaven\/#breadcrumb\",\"itemListElement\":[{\"@type\":\"ListItem\",\"position\":1,\"name\":\"Strona g\u0142\u00f3wna\",\"item\":\"https:\/\/dev.baylabel.pl\/\"},{\"@type\":\"ListItem\",\"position\":2,\"name\":\"Sklep\",\"item\":\"https:\/\/dev.baylabel.pl\/sklep\/\"},{\"@type\":\"ListItem\",\"position\":3,\"name\":\"Brelok Pears in Heaven\"}]},{\"@type\":\"WebSite\",\"@id\":\"https:\/\/dev.baylabel.pl\/#website\",\"url\":\"https:\/\/dev.baylabel.pl\/\",\"name\":\"Smycze, obro\u017ce i szelki dla psa i kota\",\"description\":\"Akcesoria dla ps\u00f3w, smycze, obro\u017ce i szelki tworzymy z ogromn\u0105 mi\u0142o\u015bci\u0105. Nasze produkty s\u0105 wykonywane r\u0119cznie z najlepszej jako\u015bci materia\u0142\u00f3w.\",\"publisher\":{\"@id\":\"https:\/\/dev.baylabel.pl\/#organization\"},\"potentialAction\":[{\"@type\":\"SearchAction\",\"target\":{\"@type\":\"EntryPoint\",\"urlTemplate\":\"https:\/\/dev.baylabel.pl\/?s={search_term_string}\"},\"query-input\":{\"@type\":\"PropertyValueSpecification\",\"valueRequired\":true,\"valueName\":\"search_term_string\"}}],\"inLanguage\":\"en-US\"},{\"@type\":\"Organization\",\"@id\":\"https:\/\/dev.baylabel.pl\/#organization\",\"name\":\"Baylabel\",\"url\":\"https:\/\/dev.baylabel.pl\/\",\"logo\":{\"@type\":\"ImageObject\",\"inLanguage\":\"en-US\",\"@id\":\"https:\/\/dev.baylabel.pl\/#\/schema\/logo\/image\/\",\"url\":\"https:\/\/dev.baylabel.pl\/wp-content\/uploads\/2025\/04\/akcesoria-dla-psow-baylabel.webp\",\"contentUrl\":\"https:\/\/dev.baylabel.pl\/wp-content\/uploads\/2025\/04\/akcesoria-dla-psow-baylabel.webp\",\"width\":135,\"height\":135,\"caption\":\"Baylabel\"},\"image\":{\"@id\":\"https:\/\/dev.baylabel.pl\/#\/schema\/logo\/image\/\"},\"sameAs\":[\"https:\/\/www.facebook.com\/baylabel\",\"https:\/\/www.instagram.com\/blb.animals\/\",\"https:\/\/www.youtube.com\/channel\/UCsRug2nImjgMvZ7nWubAF6w\"]}]}<\/script>\n<!-- \/ Yoast SEO plugin. -->","yoast_head_json":{"title":"Brelok Pears in Heaven - Smycze, obro\u017ce i szelki dla psa i kota","robots":{"index":"noindex","follow":"follow","max-snippet":"max-snippet:-1","max-image-preview":"max-image-preview:large","max-video-preview":"max-video-preview:-1"},"og_locale":"en_US","og_type":"article","og_title":"Brelok Pears in Heaven - Smycze, obro\u017ce i szelki dla psa i kota","og_description":"Brelok z wytrzyma\u0142ej i \u0142atwej w utrzymaniu ta\u015bmy zwie\u0144czony wytrzyma\u0142ym karabi\u0144czykiem. Wysokiej jako\u015bci materia\u0142 gwarantuje d\u0142ugoletnie u\u017cytkowanie, a wz\u00f3r b\u0119dzie idealnie pasowa\u0142 do zestawu spacerowego Twojego psa, dzi\u0119ki czemu podkre\u015blisz \u0142\u0105cz\u0105c\u0105 was wi\u0119\u017a.  &nbsp;","og_url":"https:\/\/dev.baylabel.pl\/en\/sklep\/brelok-pears-in-heaven\/","og_site_name":"Smycze, obro\u017ce i szelki dla psa i kota","article_publisher":"https:\/\/www.facebook.com\/baylabel","article_modified_time":"2025-12-03T23:04:46+00:00","og_image":[{"width":1200,"height":800,"url":"https:\/\/dev.baylabel.pl\/wp-content\/uploads\/2025\/03\/BRELOK-PEARS-IN-HEAVEN.webp","type":"image\/jpeg"}],"twitter_card":"summary_large_image","twitter_misc":{"Est. reading time":"1 minute"},"schema":{"@context":"https:\/\/schema.org","@graph":[{"@type":"WebPage","@id":"https:\/\/dev.baylabel.pl\/sklep\/brelok-pears-in-heaven\/","url":"https:\/\/dev.baylabel.pl\/sklep\/brelok-pears-in-heaven\/","name":"Brelok Pears in Heaven - Smycze, obro\u017ce i szelki dla psa i kota","isPartOf":{"@id":"https:\/\/dev.baylabel.pl\/#website"},"primaryImageOfPage":{"@id":"https:\/\/dev.baylabel.pl\/sklep\/brelok-pears-in-heaven\/#primaryimage"},"image":{"@id":"https:\/\/dev.baylabel.pl\/sklep\/brelok-pears-in-heaven\/#primaryimage"},"thumbnailUrl":"https:\/\/dev.baylabel.pl\/wp-content\/uploads\/2025\/03\/BRELOK-PEARS-IN-HEAVEN.webp","datePublished":"2025-03-27T11:50:52+00:00","dateModified":"2025-12-03T23:04:46+00:00","breadcrumb":{"@id":"https:\/\/dev.baylabel.pl\/sklep\/brelok-pears-in-heaven\/#breadcrumb"},"inLanguage":"en-US","potentialAction":[{"@type":"ReadAction","target":["https:\/\/dev.baylabel.pl\/sklep\/brelok-pears-in-heaven\/"]}]},{"@type":"ImageObject","inLanguage":"en-US","@id":"https:\/\/dev.baylabel.pl\/sklep\/brelok-pears-in-heaven\/#primaryimage","url":"https:\/\/dev.baylabel.pl\/wp-content\/uploads\/2025\/03\/BRELOK-PEARS-IN-HEAVEN.webp","contentUrl":"https:\/\/dev.baylabel.pl\/wp-content\/uploads\/2025\/03\/BRELOK-PEARS-IN-HEAVEN.webp","width":1200,"height":800},{"@type":"BreadcrumbList","@id":"https:\/\/dev.baylabel.pl\/sklep\/brelok-pears-in-heaven\/#breadcrumb","itemListElement":[{"@type":"ListItem","position":1,"name":"Strona g\u0142\u00f3wna","item":"https:\/\/dev.baylabel.pl\/"},{"@type":"ListItem","position":2,"name":"Sklep","item":"https:\/\/dev.baylabel.pl\/sklep\/"},{"@type":"ListItem","position":3,"name":"Brelok Pears in Heaven"}]},{"@type":"WebSite","@id":"https:\/\/dev.baylabel.pl\/#website","url":"https:\/\/dev.baylabel.pl\/","name":"Smycze, obro\u017ce i szelki dla psa i kota","description":"Akcesoria dla ps\u00f3w, smycze, obro\u017ce i szelki tworzymy z ogromn\u0105 mi\u0142o\u015bci\u0105. Nasze produkty s\u0105 wykonywane r\u0119cznie z najlepszej jako\u015bci materia\u0142\u00f3w.","publisher":{"@id":"https:\/\/dev.baylabel.pl\/#organization"},"potentialAction":[{"@type":"SearchAction","target":{"@type":"EntryPoint","urlTemplate":"https:\/\/dev.baylabel.pl\/?s={search_term_string}"},"query-input":{"@type":"PropertyValueSpecification","valueRequired":true,"valueName":"search_term_string"}}],"inLanguage":"en-US"},{"@type":"Organization","@id":"https:\/\/dev.baylabel.pl\/#organization","name":"Baylabel","url":"https:\/\/dev.baylabel.pl\/","logo":{"@type":"ImageObject","inLanguage":"en-US","@id":"https:\/\/dev.baylabel.pl\/#\/schema\/logo\/image\/","url":"https:\/\/dev.baylabel.pl\/wp-content\/uploads\/2025\/04\/akcesoria-dla-psow-baylabel.webp","contentUrl":"https:\/\/dev.baylabel.pl\/wp-content\/uploads\/2025\/04\/akcesoria-dla-psow-baylabel.webp","width":135,"height":135,"caption":"Baylabel"},"image":{"@id":"https:\/\/dev.baylabel.pl\/#\/schema\/logo\/image\/"},"sameAs":["https:\/\/www.facebook.com\/baylabel","https:\/\/www.instagram.com\/blb.animals\/","https:\/\/www.youtube.com\/channel\/UCsRug2nImjgMvZ7nWubAF6w"]}]}},"_links":{"self":[{"href":"https:\/\/dev.baylabel.pl\/en\/wp-json\/wp\/v2\/product\/21981","targetHints":{"allow":["GET"]}}],"collection":[{"href":"https:\/\/dev.baylabel.pl\/en\/wp-json\/wp\/v2\/product"}],"about":[{"href":"https:\/\/dev.baylabel.pl\/en\/wp-json\/wp\/v2\/types\/product"}],"wp:featuredmedia":[{"embeddable":true,"href":"https:\/\/dev.baylabel.pl\/en\/wp-json\/wp\/v2\/media\/22028"}],"wp:attachment":[{"href":"https:\/\/dev.baylabel.pl\/en\/wp-json\/wp\/v2\/media?parent=21981"}],"wp:term":[{"taxonomy":"product_brand","embeddable":true,"href":"https:\/\/dev.baylabel.pl\/en\/wp-json\/wp\/v2\/product_brand?post=21981"},{"taxonomy":"product_cat","embeddable":true,"href":"https:\/\/dev.baylabel.pl\/en\/wp-json\/wp\/v2\/product_cat?post=21981"},{"taxonomy":"product_tag","embeddable":true,"href":"https:\/\/dev.baylabel.pl\/en\/wp-json\/wp\/v2\/product_tag?post=21981"}],"curies":[{"name":"wp","href":"https:\/\/api.w.org\/{rel}","templated":true}]}}