{"id":24680,"date":"2025-04-18T11:17:49","date_gmt":"2025-04-04T09:17:49","guid":{"rendered":"https:\/\/dev.baylabel.pl\/?post_type=product&#038;p=24680"},"modified":"2025-12-04T00:09:50","modified_gmt":"2025-12-03T23:09:50","slug":"smycz-hands-free-maritime-charm","status":"publish","type":"product","link":"https:\/\/dev.baylabel.pl\/en\/sklep\/smycz-hands-free-maritime-charm\/","title":{"rendered":"Smycz Hands Free MARITIME CHARM"},"content":{"rendered":"<p><strong>Smycz dla psa hands free<\/strong> &#8211; wygoda i komfort<\/p>\n<p>Spacerowy game changer! Smycz hands free to idealne rozwi\u0105zanie dla aktywnych psich opiekun\u00f3w, ceni\u0105cych sobie wygod\u0119 i funkcjonalno\u015b\u0107.<\/p>\n<p>Smycz zosta\u0142a wyposa\u017cona w regulator, dzi\u0119ki kt\u00f3remu mo\u017cesz w \u0142atwy spos\u00f3b dostosowa\u0107 jej d\u0142ugo\u015b\u0107 do swoich potrzeb. Tej smyczy mo\u017cesz u\u017cywa\u0107 na 3 sposoby!<\/p>\n<p>Korzystaj jak z klasycznej smyczy z kr\u00f3tk\u0105 r\u0105czk\u0105 lub zwi\u0119ksz obw\u00f3d r\u0105czki i stw\u00f3rz p\u0119tl\u0119, kt\u00f3r\u0105 wygodnie przewiesisz przez rami\u0119 b\u0105d\u017a umie\u015bcisz w pasie. Teraz mo\u017cesz cieszy\u0107 si\u0119 wolnymi r\u0119kami podczas spaceru.<\/p>\n<p>Do smyczy wszyli\u015bmy solidne p\u00f3\u0142k\u00f3\u0142ko, do kt\u00f3rego z \u0142atwo\u015bci\u0105 przymocujesz spacerowe niezb\u0119dniki: etui na kupoworki lub saszetk\u0119 na smaczki.<\/p>\n<p>Smycz wykonana jest z wysokiej jako\u015bci materia\u0142\u00f3w, gwarantuj\u0105cych jej wytrzyma\u0142o\u015b\u0107. Stosujemy mocne ta\u015bmy i metalowe okucia, dzi\u0119ki czemu nasze smycze s\u0105 w stanie przetrwa\u0107 nawet bardzo intensywne u\u017cytkowanie.<\/p>\n<p>Smycz jest dost\u0119pna w trzech szeroko\u015bciach <strong>15 mm<\/strong>, <strong>20 mm<\/strong> i <strong>25 mm<\/strong>, co pozwala na dopasowanie jej do wielko\u015bci psiaka.<\/p>\n<p>Bezpiecze\u0144stwo przede wszystkim: Pami\u0119taj, \u017ce smycz hands free przewieszona przez rami\u0119 nie jest odpowiednia dla ps\u00f3w, kt\u00f3re maj\u0105 tendencj\u0119 do ci\u0105gni\u0119cia. W takim przypadku zalecamy u\u017cywanie klasycznej smyczy miejskiej lub przepinanej.<\/p>","protected":false},"excerpt":{"rendered":"<p>Smycz dla psa hands free &#8211; wygoda i komfort Spacerowy game changer! Smycz hands free to idealne rozwi\u0105zanie dla aktywnych psich opiekun\u00f3w, ceni\u0105cych sobie wygod\u0119 i funkcjonalno\u015b\u0107. Smycz zosta\u0142a wyposa\u017cona w regulator, dzi\u0119ki kt\u00f3remu mo\u017cesz w \u0142atwy spos\u00f3b dostosowa\u0107 jej d\u0142ugo\u015b\u0107 do swoich potrzeb. Tej smyczy mo\u017cesz u\u017cywa\u0107 na 3 sposoby! Korzystaj jak z klasycznej [&hellip;]<\/p>","protected":false},"featured_media":24716,"template":"","meta":{"_acf_changed":false,"inline_featured_image":false},"product_brand":[],"product_cat":[93,34,106],"product_tag":[190],"class_list":{"0":"post-24680","1":"product","2":"type-product","3":"status-publish","4":"has-post-thumbnail","6":"product_cat-dla-psa","7":"product_cat-maritime-charm","8":"product_cat-smycze-hands-free","9":"product_tag-smycz-dla-psa","11":"first","12":"instock","13":"featured","14":"taxable","15":"shipping-taxable","16":"purchasable","17":"product-type-variable"},"acf":[],"yoast_head":"<!-- This site is optimized with the Yoast SEO plugin v24.9 - https:\/\/yoast.com\/wordpress\/plugins\/seo\/ -->\n<title>Smycz Hands Free MARITIME CHARM - Smycze, obro\u017ce i szelki dla psa i kota<\/title>\n<meta name=\"robots\" content=\"noindex, follow, max-snippet:-1, max-image-preview:large, max-video-preview:-1\" \/>\n<meta property=\"og:locale\" content=\"en_US\" \/>\n<meta property=\"og:type\" content=\"article\" \/>\n<meta property=\"og:title\" content=\"Smycz Hands Free MARITIME CHARM - Smycze, obro\u017ce i szelki dla psa i kota\" \/>\n<meta property=\"og:description\" content=\"Smycz dla psa hands free &#8211; wygoda i komfort Spacerowy game changer! Smycz hands free to idealne rozwi\u0105zanie dla aktywnych psich opiekun\u00f3w, ceni\u0105cych sobie wygod\u0119 i funkcjonalno\u015b\u0107. Smycz zosta\u0142a wyposa\u017cona w regulator, dzi\u0119ki kt\u00f3remu mo\u017cesz w \u0142atwy spos\u00f3b dostosowa\u0107 jej d\u0142ugo\u015b\u0107 do swoich potrzeb. Tej smyczy mo\u017cesz u\u017cywa\u0107 na 3 sposoby! Korzystaj jak z klasycznej [&hellip;]\" \/>\n<meta property=\"og:url\" content=\"https:\/\/dev.baylabel.pl\/en\/sklep\/smycz-hands-free-maritime-charm\/\" \/>\n<meta property=\"og:site_name\" content=\"Smycze, obro\u017ce i szelki dla psa i kota\" \/>\n<meta property=\"article:publisher\" content=\"https:\/\/www.facebook.com\/baylabel\" \/>\n<meta property=\"article:modified_time\" content=\"2025-12-03T23:09:50+00:00\" \/>\n<meta property=\"og:image\" content=\"https:\/\/dev.baylabel.pl\/wp-content\/uploads\/2025\/04\/smycz-hands-free-maritime-charm.webp\" \/>\n\t<meta property=\"og:image:width\" content=\"1500\" \/>\n\t<meta property=\"og:image:height\" content=\"1500\" \/>\n\t<meta property=\"og:image:type\" content=\"image\/jpeg\" \/>\n<meta name=\"twitter:card\" content=\"summary_large_image\" \/>\n<meta name=\"twitter:label1\" content=\"Est. reading time\" \/>\n\t<meta name=\"twitter:data1\" content=\"2 minutes\" \/>\n<script type=\"application\/ld+json\" class=\"yoast-schema-graph\">{\"@context\":\"https:\/\/schema.org\",\"@graph\":[{\"@type\":\"WebPage\",\"@id\":\"https:\/\/dev.baylabel.pl\/sklep\/smycz-hands-free-maritime-charm\/\",\"url\":\"https:\/\/dev.baylabel.pl\/sklep\/smycz-hands-free-maritime-charm\/\",\"name\":\"Smycz Hands Free MARITIME CHARM - Smycze, obro\u017ce i szelki dla psa i kota\",\"isPartOf\":{\"@id\":\"https:\/\/dev.baylabel.pl\/#website\"},\"primaryImageOfPage\":{\"@id\":\"https:\/\/dev.baylabel.pl\/sklep\/smycz-hands-free-maritime-charm\/#primaryimage\"},\"image\":{\"@id\":\"https:\/\/dev.baylabel.pl\/sklep\/smycz-hands-free-maritime-charm\/#primaryimage\"},\"thumbnailUrl\":\"https:\/\/dev.baylabel.pl\/wp-content\/uploads\/2025\/04\/smycz-hands-free-maritime-charm.webp\",\"datePublished\":\"2025-04-04T09:17:49+00:00\",\"dateModified\":\"2025-12-03T23:09:50+00:00\",\"breadcrumb\":{\"@id\":\"https:\/\/dev.baylabel.pl\/sklep\/smycz-hands-free-maritime-charm\/#breadcrumb\"},\"inLanguage\":\"en-US\",\"potentialAction\":[{\"@type\":\"ReadAction\",\"target\":[\"https:\/\/dev.baylabel.pl\/sklep\/smycz-hands-free-maritime-charm\/\"]}]},{\"@type\":\"ImageObject\",\"inLanguage\":\"en-US\",\"@id\":\"https:\/\/dev.baylabel.pl\/sklep\/smycz-hands-free-maritime-charm\/#primaryimage\",\"url\":\"https:\/\/dev.baylabel.pl\/wp-content\/uploads\/2025\/04\/smycz-hands-free-maritime-charm.webp\",\"contentUrl\":\"https:\/\/dev.baylabel.pl\/wp-content\/uploads\/2025\/04\/smycz-hands-free-maritime-charm.webp\",\"width\":1500,\"height\":1500},{\"@type\":\"BreadcrumbList\",\"@id\":\"https:\/\/dev.baylabel.pl\/sklep\/smycz-hands-free-maritime-charm\/#breadcrumb\",\"itemListElement\":[{\"@type\":\"ListItem\",\"position\":1,\"name\":\"Strona g\u0142\u00f3wna\",\"item\":\"https:\/\/dev.baylabel.pl\/\"},{\"@type\":\"ListItem\",\"position\":2,\"name\":\"Sklep\",\"item\":\"https:\/\/dev.baylabel.pl\/sklep\/\"},{\"@type\":\"ListItem\",\"position\":3,\"name\":\"Smycz Hands Free MARITIME CHARM\"}]},{\"@type\":\"WebSite\",\"@id\":\"https:\/\/dev.baylabel.pl\/#website\",\"url\":\"https:\/\/dev.baylabel.pl\/\",\"name\":\"Smycze, obro\u017ce i szelki dla psa i kota\",\"description\":\"Akcesoria dla ps\u00f3w, smycze, obro\u017ce i szelki tworzymy z ogromn\u0105 mi\u0142o\u015bci\u0105. Nasze produkty s\u0105 wykonywane r\u0119cznie z najlepszej jako\u015bci materia\u0142\u00f3w.\",\"publisher\":{\"@id\":\"https:\/\/dev.baylabel.pl\/#organization\"},\"potentialAction\":[{\"@type\":\"SearchAction\",\"target\":{\"@type\":\"EntryPoint\",\"urlTemplate\":\"https:\/\/dev.baylabel.pl\/?s={search_term_string}\"},\"query-input\":{\"@type\":\"PropertyValueSpecification\",\"valueRequired\":true,\"valueName\":\"search_term_string\"}}],\"inLanguage\":\"en-US\"},{\"@type\":\"Organization\",\"@id\":\"https:\/\/dev.baylabel.pl\/#organization\",\"name\":\"Baylabel\",\"url\":\"https:\/\/dev.baylabel.pl\/\",\"logo\":{\"@type\":\"ImageObject\",\"inLanguage\":\"en-US\",\"@id\":\"https:\/\/dev.baylabel.pl\/#\/schema\/logo\/image\/\",\"url\":\"https:\/\/dev.baylabel.pl\/wp-content\/uploads\/2025\/04\/akcesoria-dla-psow-baylabel.webp\",\"contentUrl\":\"https:\/\/dev.baylabel.pl\/wp-content\/uploads\/2025\/04\/akcesoria-dla-psow-baylabel.webp\",\"width\":135,\"height\":135,\"caption\":\"Baylabel\"},\"image\":{\"@id\":\"https:\/\/dev.baylabel.pl\/#\/schema\/logo\/image\/\"},\"sameAs\":[\"https:\/\/www.facebook.com\/baylabel\",\"https:\/\/www.instagram.com\/blb.animals\/\",\"https:\/\/www.youtube.com\/channel\/UCsRug2nImjgMvZ7nWubAF6w\"]}]}<\/script>\n<!-- \/ Yoast SEO plugin. -->","yoast_head_json":{"title":"Smycz Hands Free MARITIME CHARM - Smycze, obro\u017ce i szelki dla psa i kota","robots":{"index":"noindex","follow":"follow","max-snippet":"max-snippet:-1","max-image-preview":"max-image-preview:large","max-video-preview":"max-video-preview:-1"},"og_locale":"en_US","og_type":"article","og_title":"Smycz Hands Free MARITIME CHARM - Smycze, obro\u017ce i szelki dla psa i kota","og_description":"Smycz dla psa hands free &#8211; wygoda i komfort Spacerowy game changer! Smycz hands free to idealne rozwi\u0105zanie dla aktywnych psich opiekun\u00f3w, ceni\u0105cych sobie wygod\u0119 i funkcjonalno\u015b\u0107. Smycz zosta\u0142a wyposa\u017cona w regulator, dzi\u0119ki kt\u00f3remu mo\u017cesz w \u0142atwy spos\u00f3b dostosowa\u0107 jej d\u0142ugo\u015b\u0107 do swoich potrzeb. Tej smyczy mo\u017cesz u\u017cywa\u0107 na 3 sposoby! Korzystaj jak z klasycznej [&hellip;]","og_url":"https:\/\/dev.baylabel.pl\/en\/sklep\/smycz-hands-free-maritime-charm\/","og_site_name":"Smycze, obro\u017ce i szelki dla psa i kota","article_publisher":"https:\/\/www.facebook.com\/baylabel","article_modified_time":"2025-12-03T23:09:50+00:00","og_image":[{"width":1500,"height":1500,"url":"https:\/\/dev.baylabel.pl\/wp-content\/uploads\/2025\/04\/smycz-hands-free-maritime-charm.webp","type":"image\/jpeg"}],"twitter_card":"summary_large_image","twitter_misc":{"Est. reading time":"2 minutes"},"schema":{"@context":"https:\/\/schema.org","@graph":[{"@type":"WebPage","@id":"https:\/\/dev.baylabel.pl\/sklep\/smycz-hands-free-maritime-charm\/","url":"https:\/\/dev.baylabel.pl\/sklep\/smycz-hands-free-maritime-charm\/","name":"Smycz Hands Free MARITIME CHARM - Smycze, obro\u017ce i szelki dla psa i kota","isPartOf":{"@id":"https:\/\/dev.baylabel.pl\/#website"},"primaryImageOfPage":{"@id":"https:\/\/dev.baylabel.pl\/sklep\/smycz-hands-free-maritime-charm\/#primaryimage"},"image":{"@id":"https:\/\/dev.baylabel.pl\/sklep\/smycz-hands-free-maritime-charm\/#primaryimage"},"thumbnailUrl":"https:\/\/dev.baylabel.pl\/wp-content\/uploads\/2025\/04\/smycz-hands-free-maritime-charm.webp","datePublished":"2025-04-04T09:17:49+00:00","dateModified":"2025-12-03T23:09:50+00:00","breadcrumb":{"@id":"https:\/\/dev.baylabel.pl\/sklep\/smycz-hands-free-maritime-charm\/#breadcrumb"},"inLanguage":"en-US","potentialAction":[{"@type":"ReadAction","target":["https:\/\/dev.baylabel.pl\/sklep\/smycz-hands-free-maritime-charm\/"]}]},{"@type":"ImageObject","inLanguage":"en-US","@id":"https:\/\/dev.baylabel.pl\/sklep\/smycz-hands-free-maritime-charm\/#primaryimage","url":"https:\/\/dev.baylabel.pl\/wp-content\/uploads\/2025\/04\/smycz-hands-free-maritime-charm.webp","contentUrl":"https:\/\/dev.baylabel.pl\/wp-content\/uploads\/2025\/04\/smycz-hands-free-maritime-charm.webp","width":1500,"height":1500},{"@type":"BreadcrumbList","@id":"https:\/\/dev.baylabel.pl\/sklep\/smycz-hands-free-maritime-charm\/#breadcrumb","itemListElement":[{"@type":"ListItem","position":1,"name":"Strona g\u0142\u00f3wna","item":"https:\/\/dev.baylabel.pl\/"},{"@type":"ListItem","position":2,"name":"Sklep","item":"https:\/\/dev.baylabel.pl\/sklep\/"},{"@type":"ListItem","position":3,"name":"Smycz Hands Free MARITIME CHARM"}]},{"@type":"WebSite","@id":"https:\/\/dev.baylabel.pl\/#website","url":"https:\/\/dev.baylabel.pl\/","name":"Smycze, obro\u017ce i szelki dla psa i kota","description":"Akcesoria dla ps\u00f3w, smycze, obro\u017ce i szelki tworzymy z ogromn\u0105 mi\u0142o\u015bci\u0105. Nasze produkty s\u0105 wykonywane r\u0119cznie z najlepszej jako\u015bci materia\u0142\u00f3w.","publisher":{"@id":"https:\/\/dev.baylabel.pl\/#organization"},"potentialAction":[{"@type":"SearchAction","target":{"@type":"EntryPoint","urlTemplate":"https:\/\/dev.baylabel.pl\/?s={search_term_string}"},"query-input":{"@type":"PropertyValueSpecification","valueRequired":true,"valueName":"search_term_string"}}],"inLanguage":"en-US"},{"@type":"Organization","@id":"https:\/\/dev.baylabel.pl\/#organization","name":"Baylabel","url":"https:\/\/dev.baylabel.pl\/","logo":{"@type":"ImageObject","inLanguage":"en-US","@id":"https:\/\/dev.baylabel.pl\/#\/schema\/logo\/image\/","url":"https:\/\/dev.baylabel.pl\/wp-content\/uploads\/2025\/04\/akcesoria-dla-psow-baylabel.webp","contentUrl":"https:\/\/dev.baylabel.pl\/wp-content\/uploads\/2025\/04\/akcesoria-dla-psow-baylabel.webp","width":135,"height":135,"caption":"Baylabel"},"image":{"@id":"https:\/\/dev.baylabel.pl\/#\/schema\/logo\/image\/"},"sameAs":["https:\/\/www.facebook.com\/baylabel","https:\/\/www.instagram.com\/blb.animals\/","https:\/\/www.youtube.com\/channel\/UCsRug2nImjgMvZ7nWubAF6w"]}]}},"_links":{"self":[{"href":"https:\/\/dev.baylabel.pl\/en\/wp-json\/wp\/v2\/product\/24680","targetHints":{"allow":["GET"]}}],"collection":[{"href":"https:\/\/dev.baylabel.pl\/en\/wp-json\/wp\/v2\/product"}],"about":[{"href":"https:\/\/dev.baylabel.pl\/en\/wp-json\/wp\/v2\/types\/product"}],"wp:featuredmedia":[{"embeddable":true,"href":"https:\/\/dev.baylabel.pl\/en\/wp-json\/wp\/v2\/media\/24716"}],"wp:attachment":[{"href":"https:\/\/dev.baylabel.pl\/en\/wp-json\/wp\/v2\/media?parent=24680"}],"wp:term":[{"taxonomy":"product_brand","embeddable":true,"href":"https:\/\/dev.baylabel.pl\/en\/wp-json\/wp\/v2\/product_brand?post=24680"},{"taxonomy":"product_cat","embeddable":true,"href":"https:\/\/dev.baylabel.pl\/en\/wp-json\/wp\/v2\/product_cat?post=24680"},{"taxonomy":"product_tag","embeddable":true,"href":"https:\/\/dev.baylabel.pl\/en\/wp-json\/wp\/v2\/product_tag?post=24680"}],"curies":[{"name":"wp","href":"https:\/\/api.w.org\/{rel}","templated":true}]}}