{"id":27000,"date":"2025-04-22T12:27:42","date_gmt":"2025-04-22T10:27:42","guid":{"rendered":"https:\/\/dev.baylabel.pl\/?post_type=product&#038;p=27000"},"modified":"2025-12-04T00:04:48","modified_gmt":"2025-12-03T23:04:48","slug":"smycz-dla-kota-powder-pink","status":"publish","type":"product","link":"https:\/\/dev.baylabel.pl\/en\/sklep\/smycz-dla-kota-powder-pink\/","title":{"rendered":"Smycz dla kota Powder Pink"},"content":{"rendered":"<h3>Smycz dla kota \u2013 bezpieczne i komfortowe spacery<\/h3>\n<p>Wielu opiekun\u00f3w kot\u00f3w zastanawia si\u0119, czy ich pupil mo\u017ce bezpiecznie wychodzi\u0107 na dw\u00f3r. <strong>Smycz dla kota<\/strong> to idealne rozwi\u0105zanie, kt\u00f3re pozwala czworonogowi eksplorowa\u0107 otoczenie bez ryzyka ucieczki. W po\u0142\u0105czeniu z dobrze dopasowanymi <strong>szelkami dla kota<\/strong> zapewnia pe\u0142n\u0105 kontrol\u0119 i wygod\u0119 podczas spacer\u00f3w.<\/p>\n<h3>Mocne i trwa\u0142e materia\u0142y<\/h3>\n<p>Nasza <strong>smycz dla kota<\/strong> zosta\u0142a wykonana z wysokiej jako\u015bci ta\u015bmy o szeroko\u015bci 15 mm. Jest <strong>lekka<\/strong>, a jednocze\u015bnie <strong>wytrzyma\u0142a<\/strong>, dzi\u0119ki czemu sprawdzi si\u0119 zar\u00f3wno dla <strong>koci\u0105t<\/strong>, jak i <strong>doros\u0142ych kot\u00f3w<\/strong>.<\/p>\n<h3>Bezpieczne i wygodne zapi\u0119cie<\/h3>\n<p>Smycz wyposa\u017cona jest w solidny <strong>karabi\u0144czyk ze stali nierdzewnej<\/strong>, kt\u00f3ry zapewnia pewne mocowanie do szelek lub obro\u017cy.<\/p>\n<h3>Jakie s\u0105 zalety naszej smyczy dla kota?<\/h3>\n<p>&#x2705; <strong>Bezpiecze\u0144stwo<\/strong> \u2013 kontrolujesz ruchy kota na spacerze<br \/>\n&#x2705;<strong>Wytrzyma\u0142o\u015b\u0107<\/strong> \u2013 odporne na zerwanie materia\u0142y<br \/>\n&#x2705;<strong>Komfort u\u017cytkowania<\/strong> \u2013 lekka konstrukcja<br \/>\n&#x2705;\u00a0<strong>Stylowy design\u00a0<\/strong>\u2013 ponad 50 wzor\u00f3w i kolor\u00f3w do wyboru<\/p>\n<p>Smycz dla kota to doskona\u0142y wyb\u00f3r zar\u00f3wno dla <strong>kot\u00f3w domowych<\/strong>, kt\u00f3re dopiero ucz\u0105 si\u0119 spacerowa\u0107, jak i dla bardziej do\u015bwiadczonych zwierzak\u00f3w, kt\u00f3re lubi\u0105 odkrywa\u0107 \u015bwiat na \u015bwie\u017cym powietrzu. Jest r\u00f3wnie\u017c \u015bwietnym rozwi\u0105zaniem dla kot\u00f3w podr\u00f3\u017cuj\u0105cych z opiekunami.<\/p>","protected":false},"excerpt":{"rendered":"<p>Smycz dla kota \u2013 bezpieczne i komfortowe spacery Wielu opiekun\u00f3w kot\u00f3w zastanawia si\u0119, czy ich pupil mo\u017ce bezpiecznie wychodzi\u0107 na dw\u00f3r. Smycz dla kota to idealne rozwi\u0105zanie, kt\u00f3re pozwala czworonogowi eksplorowa\u0107 otoczenie bez ryzyka ucieczki. W po\u0142\u0105czeniu z dobrze dopasowanymi szelkami dla kota zapewnia pe\u0142n\u0105 kontrol\u0119 i wygod\u0119 podczas spacer\u00f3w. Mocne i trwa\u0142e materia\u0142y Nasza [&hellip;]<\/p>","protected":false},"featured_media":27071,"template":"","meta":{"_acf_changed":false,"inline_featured_image":false},"product_brand":[],"product_cat":[86,38,228,90],"product_tag":[232],"class_list":{"0":"post-27000","1":"product","2":"type-product","3":"status-publish","4":"has-post-thumbnail","6":"product_cat-dla-kota","7":"product_cat-pastelove","8":"product_cat-powder-pink","9":"product_cat-smycze-dla-kota","10":"product_tag-smycz-dla-kota","12":"first","13":"instock","14":"taxable","15":"shipping-taxable","16":"purchasable","17":"product-type-simple"},"acf":[],"yoast_head":"<!-- This site is optimized with the Yoast SEO plugin v24.9 - https:\/\/yoast.com\/wordpress\/plugins\/seo\/ -->\n<title>Smycz dla kota Powder Pink - Smycze, obro\u017ce i szelki dla psa i kota<\/title>\n<meta name=\"robots\" content=\"noindex, follow, max-snippet:-1, max-image-preview:large, max-video-preview:-1\" \/>\n<meta property=\"og:locale\" content=\"en_US\" \/>\n<meta property=\"og:type\" content=\"article\" \/>\n<meta property=\"og:title\" content=\"Smycz dla kota Powder Pink - Smycze, obro\u017ce i szelki dla psa i kota\" \/>\n<meta property=\"og:description\" content=\"Smycz dla kota \u2013 bezpieczne i komfortowe spacery Wielu opiekun\u00f3w kot\u00f3w zastanawia si\u0119, czy ich pupil mo\u017ce bezpiecznie wychodzi\u0107 na dw\u00f3r. Smycz dla kota to idealne rozwi\u0105zanie, kt\u00f3re pozwala czworonogowi eksplorowa\u0107 otoczenie bez ryzyka ucieczki. W po\u0142\u0105czeniu z dobrze dopasowanymi szelkami dla kota zapewnia pe\u0142n\u0105 kontrol\u0119 i wygod\u0119 podczas spacer\u00f3w. Mocne i trwa\u0142e materia\u0142y Nasza [&hellip;]\" \/>\n<meta property=\"og:url\" content=\"https:\/\/dev.baylabel.pl\/en\/sklep\/smycz-dla-kota-powder-pink\/\" \/>\n<meta property=\"og:site_name\" content=\"Smycze, obro\u017ce i szelki dla psa i kota\" \/>\n<meta property=\"article:publisher\" content=\"https:\/\/www.facebook.com\/baylabel\" \/>\n<meta property=\"article:modified_time\" content=\"2025-12-03T23:04:48+00:00\" \/>\n<meta property=\"og:image\" content=\"https:\/\/dev.baylabel.pl\/wp-content\/uploads\/2025\/04\/smycz_dla_kota_powder_pink.jpg\" \/>\n\t<meta property=\"og:image:width\" content=\"1600\" \/>\n\t<meta property=\"og:image:height\" content=\"1600\" \/>\n\t<meta property=\"og:image:type\" content=\"image\/jpeg\" \/>\n<meta name=\"twitter:card\" content=\"summary_large_image\" \/>\n<meta name=\"twitter:label1\" content=\"Est. reading time\" \/>\n\t<meta name=\"twitter:data1\" content=\"2 minutes\" \/>\n<script type=\"application\/ld+json\" class=\"yoast-schema-graph\">{\"@context\":\"https:\/\/schema.org\",\"@graph\":[{\"@type\":\"WebPage\",\"@id\":\"https:\/\/dev.baylabel.pl\/sklep\/smycz-dla-kota-powder-pink\/\",\"url\":\"https:\/\/dev.baylabel.pl\/sklep\/smycz-dla-kota-powder-pink\/\",\"name\":\"Smycz dla kota Powder Pink - Smycze, obro\u017ce i szelki dla psa i kota\",\"isPartOf\":{\"@id\":\"https:\/\/dev.baylabel.pl\/#website\"},\"primaryImageOfPage\":{\"@id\":\"https:\/\/dev.baylabel.pl\/sklep\/smycz-dla-kota-powder-pink\/#primaryimage\"},\"image\":{\"@id\":\"https:\/\/dev.baylabel.pl\/sklep\/smycz-dla-kota-powder-pink\/#primaryimage\"},\"thumbnailUrl\":\"https:\/\/dev.baylabel.pl\/wp-content\/uploads\/2025\/04\/smycz_dla_kota_powder_pink.jpg\",\"datePublished\":\"2025-04-22T10:27:42+00:00\",\"dateModified\":\"2025-12-03T23:04:48+00:00\",\"breadcrumb\":{\"@id\":\"https:\/\/dev.baylabel.pl\/sklep\/smycz-dla-kota-powder-pink\/#breadcrumb\"},\"inLanguage\":\"en-US\",\"potentialAction\":[{\"@type\":\"ReadAction\",\"target\":[\"https:\/\/dev.baylabel.pl\/sklep\/smycz-dla-kota-powder-pink\/\"]}]},{\"@type\":\"ImageObject\",\"inLanguage\":\"en-US\",\"@id\":\"https:\/\/dev.baylabel.pl\/sklep\/smycz-dla-kota-powder-pink\/#primaryimage\",\"url\":\"https:\/\/dev.baylabel.pl\/wp-content\/uploads\/2025\/04\/smycz_dla_kota_powder_pink.jpg\",\"contentUrl\":\"https:\/\/dev.baylabel.pl\/wp-content\/uploads\/2025\/04\/smycz_dla_kota_powder_pink.jpg\",\"width\":1600,\"height\":1600},{\"@type\":\"BreadcrumbList\",\"@id\":\"https:\/\/dev.baylabel.pl\/sklep\/smycz-dla-kota-powder-pink\/#breadcrumb\",\"itemListElement\":[{\"@type\":\"ListItem\",\"position\":1,\"name\":\"Strona g\u0142\u00f3wna\",\"item\":\"https:\/\/dev.baylabel.pl\/\"},{\"@type\":\"ListItem\",\"position\":2,\"name\":\"Sklep\",\"item\":\"https:\/\/dev.baylabel.pl\/sklep\/\"},{\"@type\":\"ListItem\",\"position\":3,\"name\":\"Smycz dla kota Powder Pink\"}]},{\"@type\":\"WebSite\",\"@id\":\"https:\/\/dev.baylabel.pl\/#website\",\"url\":\"https:\/\/dev.baylabel.pl\/\",\"name\":\"Smycze, obro\u017ce i szelki dla psa i kota\",\"description\":\"Akcesoria dla ps\u00f3w, smycze, obro\u017ce i szelki tworzymy z ogromn\u0105 mi\u0142o\u015bci\u0105. Nasze produkty s\u0105 wykonywane r\u0119cznie z najlepszej jako\u015bci materia\u0142\u00f3w.\",\"publisher\":{\"@id\":\"https:\/\/dev.baylabel.pl\/#organization\"},\"potentialAction\":[{\"@type\":\"SearchAction\",\"target\":{\"@type\":\"EntryPoint\",\"urlTemplate\":\"https:\/\/dev.baylabel.pl\/?s={search_term_string}\"},\"query-input\":{\"@type\":\"PropertyValueSpecification\",\"valueRequired\":true,\"valueName\":\"search_term_string\"}}],\"inLanguage\":\"en-US\"},{\"@type\":\"Organization\",\"@id\":\"https:\/\/dev.baylabel.pl\/#organization\",\"name\":\"Baylabel\",\"url\":\"https:\/\/dev.baylabel.pl\/\",\"logo\":{\"@type\":\"ImageObject\",\"inLanguage\":\"en-US\",\"@id\":\"https:\/\/dev.baylabel.pl\/#\/schema\/logo\/image\/\",\"url\":\"https:\/\/dev.baylabel.pl\/wp-content\/uploads\/2025\/04\/akcesoria-dla-psow-baylabel.webp\",\"contentUrl\":\"https:\/\/dev.baylabel.pl\/wp-content\/uploads\/2025\/04\/akcesoria-dla-psow-baylabel.webp\",\"width\":135,\"height\":135,\"caption\":\"Baylabel\"},\"image\":{\"@id\":\"https:\/\/dev.baylabel.pl\/#\/schema\/logo\/image\/\"},\"sameAs\":[\"https:\/\/www.facebook.com\/baylabel\",\"https:\/\/www.instagram.com\/blb.animals\/\",\"https:\/\/www.youtube.com\/channel\/UCsRug2nImjgMvZ7nWubAF6w\"]}]}<\/script>\n<!-- \/ Yoast SEO plugin. -->","yoast_head_json":{"title":"Smycz dla kota Powder Pink - Smycze, obro\u017ce i szelki dla psa i kota","robots":{"index":"noindex","follow":"follow","max-snippet":"max-snippet:-1","max-image-preview":"max-image-preview:large","max-video-preview":"max-video-preview:-1"},"og_locale":"en_US","og_type":"article","og_title":"Smycz dla kota Powder Pink - Smycze, obro\u017ce i szelki dla psa i kota","og_description":"Smycz dla kota \u2013 bezpieczne i komfortowe spacery Wielu opiekun\u00f3w kot\u00f3w zastanawia si\u0119, czy ich pupil mo\u017ce bezpiecznie wychodzi\u0107 na dw\u00f3r. Smycz dla kota to idealne rozwi\u0105zanie, kt\u00f3re pozwala czworonogowi eksplorowa\u0107 otoczenie bez ryzyka ucieczki. W po\u0142\u0105czeniu z dobrze dopasowanymi szelkami dla kota zapewnia pe\u0142n\u0105 kontrol\u0119 i wygod\u0119 podczas spacer\u00f3w. Mocne i trwa\u0142e materia\u0142y Nasza [&hellip;]","og_url":"https:\/\/dev.baylabel.pl\/en\/sklep\/smycz-dla-kota-powder-pink\/","og_site_name":"Smycze, obro\u017ce i szelki dla psa i kota","article_publisher":"https:\/\/www.facebook.com\/baylabel","article_modified_time":"2025-12-03T23:04:48+00:00","og_image":[{"width":1600,"height":1600,"url":"https:\/\/dev.baylabel.pl\/wp-content\/uploads\/2025\/04\/smycz_dla_kota_powder_pink.jpg","type":"image\/jpeg"}],"twitter_card":"summary_large_image","twitter_misc":{"Est. reading time":"2 minutes"},"schema":{"@context":"https:\/\/schema.org","@graph":[{"@type":"WebPage","@id":"https:\/\/dev.baylabel.pl\/sklep\/smycz-dla-kota-powder-pink\/","url":"https:\/\/dev.baylabel.pl\/sklep\/smycz-dla-kota-powder-pink\/","name":"Smycz dla kota Powder Pink - Smycze, obro\u017ce i szelki dla psa i kota","isPartOf":{"@id":"https:\/\/dev.baylabel.pl\/#website"},"primaryImageOfPage":{"@id":"https:\/\/dev.baylabel.pl\/sklep\/smycz-dla-kota-powder-pink\/#primaryimage"},"image":{"@id":"https:\/\/dev.baylabel.pl\/sklep\/smycz-dla-kota-powder-pink\/#primaryimage"},"thumbnailUrl":"https:\/\/dev.baylabel.pl\/wp-content\/uploads\/2025\/04\/smycz_dla_kota_powder_pink.jpg","datePublished":"2025-04-22T10:27:42+00:00","dateModified":"2025-12-03T23:04:48+00:00","breadcrumb":{"@id":"https:\/\/dev.baylabel.pl\/sklep\/smycz-dla-kota-powder-pink\/#breadcrumb"},"inLanguage":"en-US","potentialAction":[{"@type":"ReadAction","target":["https:\/\/dev.baylabel.pl\/sklep\/smycz-dla-kota-powder-pink\/"]}]},{"@type":"ImageObject","inLanguage":"en-US","@id":"https:\/\/dev.baylabel.pl\/sklep\/smycz-dla-kota-powder-pink\/#primaryimage","url":"https:\/\/dev.baylabel.pl\/wp-content\/uploads\/2025\/04\/smycz_dla_kota_powder_pink.jpg","contentUrl":"https:\/\/dev.baylabel.pl\/wp-content\/uploads\/2025\/04\/smycz_dla_kota_powder_pink.jpg","width":1600,"height":1600},{"@type":"BreadcrumbList","@id":"https:\/\/dev.baylabel.pl\/sklep\/smycz-dla-kota-powder-pink\/#breadcrumb","itemListElement":[{"@type":"ListItem","position":1,"name":"Strona g\u0142\u00f3wna","item":"https:\/\/dev.baylabel.pl\/"},{"@type":"ListItem","position":2,"name":"Sklep","item":"https:\/\/dev.baylabel.pl\/sklep\/"},{"@type":"ListItem","position":3,"name":"Smycz dla kota Powder Pink"}]},{"@type":"WebSite","@id":"https:\/\/dev.baylabel.pl\/#website","url":"https:\/\/dev.baylabel.pl\/","name":"Smycze, obro\u017ce i szelki dla psa i kota","description":"Akcesoria dla ps\u00f3w, smycze, obro\u017ce i szelki tworzymy z ogromn\u0105 mi\u0142o\u015bci\u0105. Nasze produkty s\u0105 wykonywane r\u0119cznie z najlepszej jako\u015bci materia\u0142\u00f3w.","publisher":{"@id":"https:\/\/dev.baylabel.pl\/#organization"},"potentialAction":[{"@type":"SearchAction","target":{"@type":"EntryPoint","urlTemplate":"https:\/\/dev.baylabel.pl\/?s={search_term_string}"},"query-input":{"@type":"PropertyValueSpecification","valueRequired":true,"valueName":"search_term_string"}}],"inLanguage":"en-US"},{"@type":"Organization","@id":"https:\/\/dev.baylabel.pl\/#organization","name":"Baylabel","url":"https:\/\/dev.baylabel.pl\/","logo":{"@type":"ImageObject","inLanguage":"en-US","@id":"https:\/\/dev.baylabel.pl\/#\/schema\/logo\/image\/","url":"https:\/\/dev.baylabel.pl\/wp-content\/uploads\/2025\/04\/akcesoria-dla-psow-baylabel.webp","contentUrl":"https:\/\/dev.baylabel.pl\/wp-content\/uploads\/2025\/04\/akcesoria-dla-psow-baylabel.webp","width":135,"height":135,"caption":"Baylabel"},"image":{"@id":"https:\/\/dev.baylabel.pl\/#\/schema\/logo\/image\/"},"sameAs":["https:\/\/www.facebook.com\/baylabel","https:\/\/www.instagram.com\/blb.animals\/","https:\/\/www.youtube.com\/channel\/UCsRug2nImjgMvZ7nWubAF6w"]}]}},"_links":{"self":[{"href":"https:\/\/dev.baylabel.pl\/en\/wp-json\/wp\/v2\/product\/27000","targetHints":{"allow":["GET"]}}],"collection":[{"href":"https:\/\/dev.baylabel.pl\/en\/wp-json\/wp\/v2\/product"}],"about":[{"href":"https:\/\/dev.baylabel.pl\/en\/wp-json\/wp\/v2\/types\/product"}],"wp:featuredmedia":[{"embeddable":true,"href":"https:\/\/dev.baylabel.pl\/en\/wp-json\/wp\/v2\/media\/27071"}],"wp:attachment":[{"href":"https:\/\/dev.baylabel.pl\/en\/wp-json\/wp\/v2\/media?parent=27000"}],"wp:term":[{"taxonomy":"product_brand","embeddable":true,"href":"https:\/\/dev.baylabel.pl\/en\/wp-json\/wp\/v2\/product_brand?post=27000"},{"taxonomy":"product_cat","embeddable":true,"href":"https:\/\/dev.baylabel.pl\/en\/wp-json\/wp\/v2\/product_cat?post=27000"},{"taxonomy":"product_tag","embeddable":true,"href":"https:\/\/dev.baylabel.pl\/en\/wp-json\/wp\/v2\/product_tag?post=27000"}],"curies":[{"name":"wp","href":"https:\/\/api.w.org\/{rel}","templated":true}]}}