{"id":32668,"date":"2025-05-16T09:26:39","date_gmt":"2025-05-16T07:26:39","guid":{"rendered":"https:\/\/dev.baylabel.pl\/?post_type=product&#038;p=32668"},"modified":"2025-12-04T00:09:22","modified_gmt":"2025-12-03T23:09:22","slug":"obroza-martingale-dla-psa-aquamarine","status":"publish","type":"product","link":"https:\/\/dev.baylabel.pl\/en\/sklep\/obroza-martingale-dla-psa-aquamarine\/","title":{"rendered":"Obro\u017ca Martingale dla psa Aquamarine"},"content":{"rendered":"<p><strong>Obro\u017ca\u00a0Martingale<\/strong>\u00a0to specjalistyczna obro\u017ca p\u00f3\u0142zaciskowa, zaprojektowana z my\u015bl\u0105 o psach, kt\u00f3re maj\u0105 tendencj\u0119 do wy\u015blizgiwania si\u0119 ze standardowych obro\u017cy. Idealna dla ras o smuk\u0142ej szyi, takich jak charty czy dobermany oraz dla ps\u00f3w o d\u0142ugiej sier\u015bci. \u015awietnie sprawdzi si\u0119 u wszystkich ps\u00f3w wymagaj\u0105cych wi\u0119kszej kontroli podczas spacer\u00f3w. Stworzona, \u017ceby zapewnia\u0107 bezpiecze\u0144stwo.<\/p>\n<p><strong>Cechy produktu:<\/strong><\/p>\n<p><strong>&#x2714;&#xfe0f; P\u00f3\u0142zaciskowa konstrukcja<\/strong>\u00a0\u2013 delikatnie zaciska si\u0119 do ustawionego obwodu, gdy pies ci\u0105gnie smycz,\u00a0zapobiegaj\u0105c ucieczce, jednocze\u015bnie nie podduszaj\u0105c psa<\/p>\n<p><strong>&#x2714;&#xfe0f; Regulowany obw\u00f3d<\/strong>\u00a0\u2013 \u0142atwe dopasowanie do szyi psa, zapewniaj\u0105ce komfort i bezpiecze\u0144stwo<\/p>\n<p><strong>&#x2714;&#xfe0f;<\/strong>\u00a0<strong>Wysokiej jako\u015bci materia\u0142y<\/strong>\u00a0\u2013 wytrzyma\u0142e, g\u0142adkie ta\u015bmy i mocne metalowe okucia w kolorze czarnym<\/p>\n<p><strong>&#x2714;&#xfe0f;<\/strong>\u00a0<strong>Bezpieczna i wygodna<\/strong>\u00a0\u2013 nie powoduje dyskomfortu przy prawid\u0142owym u\u017cytkowaniu, a brak klamry eliminuje ryzyko przypadkowego odpi\u0119cia<\/p>\n<p><strong>&#x2714;&#xfe0f;<\/strong>\u00a0<strong>Stylowy design<\/strong>\u00a0\u2013 autorskie wzory<\/p>\n<p><strong>&#x2714;&#xfe0f;<\/strong>\u00a0<strong>Made in Poland &#8211; <\/strong>wszystkie akcesoria s\u0105 szyte r\u0119cznie w naszej pracowni<\/p>","protected":false},"excerpt":{"rendered":"<p>Obro\u017ca\u00a0Martingale\u00a0to specjalistyczna obro\u017ca p\u00f3\u0142zaciskowa, zaprojektowana z my\u015bl\u0105 o psach, kt\u00f3re maj\u0105 tendencj\u0119 do wy\u015blizgiwania si\u0119 ze standardowych obro\u017cy. Idealna dla ras o smuk\u0142ej szyi, takich jak charty czy dobermany oraz dla ps\u00f3w o d\u0142ugiej sier\u015bci. \u015awietnie sprawdzi si\u0119 u wszystkich ps\u00f3w wymagaj\u0105cych wi\u0119kszej kontroli podczas spacer\u00f3w. Stworzona, \u017ceby zapewnia\u0107 bezpiecze\u0144stwo. Cechy produktu: &#x2714;&#xfe0f; P\u00f3\u0142zaciskowa konstrukcja\u00a0\u2013 [&hellip;]<\/p>","protected":false},"featured_media":33149,"template":"","meta":{"_acf_changed":false,"inline_featured_image":false},"product_brand":[],"product_cat":[23,93,235],"product_tag":[192,236],"class_list":{"0":"post-32668","1":"product","2":"type-product","3":"status-publish","4":"has-post-thumbnail","6":"product_cat-aquamarine","7":"product_cat-dla-psa","8":"product_cat-obroze-martingale","9":"product_tag-obroza-dla-psa","10":"product_tag-obroza-martingale","12":"first","13":"instock","14":"taxable","15":"shipping-taxable","16":"purchasable","17":"product-type-variable","18":"has-default-attributes"},"acf":[],"yoast_head":"<!-- This site is optimized with the Yoast SEO plugin v24.9 - https:\/\/yoast.com\/wordpress\/plugins\/seo\/ -->\n<title>Obro\u017ca Martingale dla psa Aquamarine - Smycze, obro\u017ce i szelki dla psa i kota<\/title>\n<meta name=\"robots\" content=\"noindex, follow, max-snippet:-1, max-image-preview:large, max-video-preview:-1\" \/>\n<meta property=\"og:locale\" content=\"en_US\" \/>\n<meta property=\"og:type\" content=\"article\" \/>\n<meta property=\"og:title\" content=\"Obro\u017ca Martingale dla psa Aquamarine - Smycze, obro\u017ce i szelki dla psa i kota\" \/>\n<meta property=\"og:description\" content=\"Obro\u017ca\u00a0Martingale\u00a0to specjalistyczna obro\u017ca p\u00f3\u0142zaciskowa, zaprojektowana z my\u015bl\u0105 o psach, kt\u00f3re maj\u0105 tendencj\u0119 do wy\u015blizgiwania si\u0119 ze standardowych obro\u017cy. Idealna dla ras o smuk\u0142ej szyi, takich jak charty czy dobermany oraz dla ps\u00f3w o d\u0142ugiej sier\u015bci. \u015awietnie sprawdzi si\u0119 u wszystkich ps\u00f3w wymagaj\u0105cych wi\u0119kszej kontroli podczas spacer\u00f3w. Stworzona, \u017ceby zapewnia\u0107 bezpiecze\u0144stwo. Cechy produktu: &#x2714;&#xfe0f; P\u00f3\u0142zaciskowa konstrukcja\u00a0\u2013 [&hellip;]\" \/>\n<meta property=\"og:url\" content=\"https:\/\/dev.baylabel.pl\/en\/sklep\/obroza-martingale-dla-psa-aquamarine\/\" \/>\n<meta property=\"og:site_name\" content=\"Smycze, obro\u017ce i szelki dla psa i kota\" \/>\n<meta property=\"article:publisher\" content=\"https:\/\/www.facebook.com\/baylabel\" \/>\n<meta property=\"article:modified_time\" content=\"2025-12-03T23:09:22+00:00\" \/>\n<meta property=\"og:image\" content=\"https:\/\/dev.baylabel.pl\/wp-content\/uploads\/2025\/05\/obroza-dla-psa-martingale-aquamarine-25mm.webp\" \/>\n\t<meta property=\"og:image:width\" content=\"1600\" \/>\n\t<meta property=\"og:image:height\" content=\"1600\" \/>\n\t<meta property=\"og:image:type\" content=\"image\/webp\" \/>\n<meta name=\"twitter:card\" content=\"summary_large_image\" \/>\n<meta name=\"twitter:label1\" content=\"Est. reading time\" \/>\n\t<meta name=\"twitter:data1\" content=\"2 minutes\" \/>\n<script type=\"application\/ld+json\" class=\"yoast-schema-graph\">{\"@context\":\"https:\/\/schema.org\",\"@graph\":[{\"@type\":\"WebPage\",\"@id\":\"https:\/\/dev.baylabel.pl\/sklep\/obroza-martingale-dla-psa-aquamarine\/\",\"url\":\"https:\/\/dev.baylabel.pl\/sklep\/obroza-martingale-dla-psa-aquamarine\/\",\"name\":\"Obro\u017ca Martingale dla psa Aquamarine - Smycze, obro\u017ce i szelki dla psa i kota\",\"isPartOf\":{\"@id\":\"https:\/\/dev.baylabel.pl\/#website\"},\"primaryImageOfPage\":{\"@id\":\"https:\/\/dev.baylabel.pl\/sklep\/obroza-martingale-dla-psa-aquamarine\/#primaryimage\"},\"image\":{\"@id\":\"https:\/\/dev.baylabel.pl\/sklep\/obroza-martingale-dla-psa-aquamarine\/#primaryimage\"},\"thumbnailUrl\":\"https:\/\/dev.baylabel.pl\/wp-content\/uploads\/2025\/05\/obroza-dla-psa-martingale-aquamarine-25mm.webp\",\"datePublished\":\"2025-05-16T07:26:39+00:00\",\"dateModified\":\"2025-12-03T23:09:22+00:00\",\"breadcrumb\":{\"@id\":\"https:\/\/dev.baylabel.pl\/sklep\/obroza-martingale-dla-psa-aquamarine\/#breadcrumb\"},\"inLanguage\":\"en-US\",\"potentialAction\":[{\"@type\":\"ReadAction\",\"target\":[\"https:\/\/dev.baylabel.pl\/sklep\/obroza-martingale-dla-psa-aquamarine\/\"]}]},{\"@type\":\"ImageObject\",\"inLanguage\":\"en-US\",\"@id\":\"https:\/\/dev.baylabel.pl\/sklep\/obroza-martingale-dla-psa-aquamarine\/#primaryimage\",\"url\":\"https:\/\/dev.baylabel.pl\/wp-content\/uploads\/2025\/05\/obroza-dla-psa-martingale-aquamarine-25mm.webp\",\"contentUrl\":\"https:\/\/dev.baylabel.pl\/wp-content\/uploads\/2025\/05\/obroza-dla-psa-martingale-aquamarine-25mm.webp\",\"width\":1600,\"height\":1600},{\"@type\":\"BreadcrumbList\",\"@id\":\"https:\/\/dev.baylabel.pl\/sklep\/obroza-martingale-dla-psa-aquamarine\/#breadcrumb\",\"itemListElement\":[{\"@type\":\"ListItem\",\"position\":1,\"name\":\"Strona g\u0142\u00f3wna\",\"item\":\"https:\/\/dev.baylabel.pl\/\"},{\"@type\":\"ListItem\",\"position\":2,\"name\":\"Sklep\",\"item\":\"https:\/\/dev.baylabel.pl\/sklep\/\"},{\"@type\":\"ListItem\",\"position\":3,\"name\":\"Obro\u017ca Martingale dla psa Aquamarine\"}]},{\"@type\":\"WebSite\",\"@id\":\"https:\/\/dev.baylabel.pl\/#website\",\"url\":\"https:\/\/dev.baylabel.pl\/\",\"name\":\"Smycze, obro\u017ce i szelki dla psa i kota\",\"description\":\"Akcesoria dla ps\u00f3w, smycze, obro\u017ce i szelki tworzymy z ogromn\u0105 mi\u0142o\u015bci\u0105. Nasze produkty s\u0105 wykonywane r\u0119cznie z najlepszej jako\u015bci materia\u0142\u00f3w.\",\"publisher\":{\"@id\":\"https:\/\/dev.baylabel.pl\/#organization\"},\"potentialAction\":[{\"@type\":\"SearchAction\",\"target\":{\"@type\":\"EntryPoint\",\"urlTemplate\":\"https:\/\/dev.baylabel.pl\/?s={search_term_string}\"},\"query-input\":{\"@type\":\"PropertyValueSpecification\",\"valueRequired\":true,\"valueName\":\"search_term_string\"}}],\"inLanguage\":\"en-US\"},{\"@type\":\"Organization\",\"@id\":\"https:\/\/dev.baylabel.pl\/#organization\",\"name\":\"Baylabel\",\"url\":\"https:\/\/dev.baylabel.pl\/\",\"logo\":{\"@type\":\"ImageObject\",\"inLanguage\":\"en-US\",\"@id\":\"https:\/\/dev.baylabel.pl\/#\/schema\/logo\/image\/\",\"url\":\"https:\/\/dev.baylabel.pl\/wp-content\/uploads\/2025\/04\/akcesoria-dla-psow-baylabel.webp\",\"contentUrl\":\"https:\/\/dev.baylabel.pl\/wp-content\/uploads\/2025\/04\/akcesoria-dla-psow-baylabel.webp\",\"width\":135,\"height\":135,\"caption\":\"Baylabel\"},\"image\":{\"@id\":\"https:\/\/dev.baylabel.pl\/#\/schema\/logo\/image\/\"},\"sameAs\":[\"https:\/\/www.facebook.com\/baylabel\",\"https:\/\/www.instagram.com\/blb.animals\/\",\"https:\/\/www.youtube.com\/channel\/UCsRug2nImjgMvZ7nWubAF6w\"]}]}<\/script>\n<!-- \/ Yoast SEO plugin. -->","yoast_head_json":{"title":"Obro\u017ca Martingale dla psa Aquamarine - Smycze, obro\u017ce i szelki dla psa i kota","robots":{"index":"noindex","follow":"follow","max-snippet":"max-snippet:-1","max-image-preview":"max-image-preview:large","max-video-preview":"max-video-preview:-1"},"og_locale":"en_US","og_type":"article","og_title":"Obro\u017ca Martingale dla psa Aquamarine - Smycze, obro\u017ce i szelki dla psa i kota","og_description":"Obro\u017ca\u00a0Martingale\u00a0to specjalistyczna obro\u017ca p\u00f3\u0142zaciskowa, zaprojektowana z my\u015bl\u0105 o psach, kt\u00f3re maj\u0105 tendencj\u0119 do wy\u015blizgiwania si\u0119 ze standardowych obro\u017cy. Idealna dla ras o smuk\u0142ej szyi, takich jak charty czy dobermany oraz dla ps\u00f3w o d\u0142ugiej sier\u015bci. \u015awietnie sprawdzi si\u0119 u wszystkich ps\u00f3w wymagaj\u0105cych wi\u0119kszej kontroli podczas spacer\u00f3w. Stworzona, \u017ceby zapewnia\u0107 bezpiecze\u0144stwo. Cechy produktu: &#x2714;&#xfe0f; P\u00f3\u0142zaciskowa konstrukcja\u00a0\u2013 [&hellip;]","og_url":"https:\/\/dev.baylabel.pl\/en\/sklep\/obroza-martingale-dla-psa-aquamarine\/","og_site_name":"Smycze, obro\u017ce i szelki dla psa i kota","article_publisher":"https:\/\/www.facebook.com\/baylabel","article_modified_time":"2025-12-03T23:09:22+00:00","og_image":[{"width":1600,"height":1600,"url":"https:\/\/dev.baylabel.pl\/wp-content\/uploads\/2025\/05\/obroza-dla-psa-martingale-aquamarine-25mm.webp","type":"image\/webp"}],"twitter_card":"summary_large_image","twitter_misc":{"Est. reading time":"2 minutes"},"schema":{"@context":"https:\/\/schema.org","@graph":[{"@type":"WebPage","@id":"https:\/\/dev.baylabel.pl\/sklep\/obroza-martingale-dla-psa-aquamarine\/","url":"https:\/\/dev.baylabel.pl\/sklep\/obroza-martingale-dla-psa-aquamarine\/","name":"Obro\u017ca Martingale dla psa Aquamarine - Smycze, obro\u017ce i szelki dla psa i kota","isPartOf":{"@id":"https:\/\/dev.baylabel.pl\/#website"},"primaryImageOfPage":{"@id":"https:\/\/dev.baylabel.pl\/sklep\/obroza-martingale-dla-psa-aquamarine\/#primaryimage"},"image":{"@id":"https:\/\/dev.baylabel.pl\/sklep\/obroza-martingale-dla-psa-aquamarine\/#primaryimage"},"thumbnailUrl":"https:\/\/dev.baylabel.pl\/wp-content\/uploads\/2025\/05\/obroza-dla-psa-martingale-aquamarine-25mm.webp","datePublished":"2025-05-16T07:26:39+00:00","dateModified":"2025-12-03T23:09:22+00:00","breadcrumb":{"@id":"https:\/\/dev.baylabel.pl\/sklep\/obroza-martingale-dla-psa-aquamarine\/#breadcrumb"},"inLanguage":"en-US","potentialAction":[{"@type":"ReadAction","target":["https:\/\/dev.baylabel.pl\/sklep\/obroza-martingale-dla-psa-aquamarine\/"]}]},{"@type":"ImageObject","inLanguage":"en-US","@id":"https:\/\/dev.baylabel.pl\/sklep\/obroza-martingale-dla-psa-aquamarine\/#primaryimage","url":"https:\/\/dev.baylabel.pl\/wp-content\/uploads\/2025\/05\/obroza-dla-psa-martingale-aquamarine-25mm.webp","contentUrl":"https:\/\/dev.baylabel.pl\/wp-content\/uploads\/2025\/05\/obroza-dla-psa-martingale-aquamarine-25mm.webp","width":1600,"height":1600},{"@type":"BreadcrumbList","@id":"https:\/\/dev.baylabel.pl\/sklep\/obroza-martingale-dla-psa-aquamarine\/#breadcrumb","itemListElement":[{"@type":"ListItem","position":1,"name":"Strona g\u0142\u00f3wna","item":"https:\/\/dev.baylabel.pl\/"},{"@type":"ListItem","position":2,"name":"Sklep","item":"https:\/\/dev.baylabel.pl\/sklep\/"},{"@type":"ListItem","position":3,"name":"Obro\u017ca Martingale dla psa Aquamarine"}]},{"@type":"WebSite","@id":"https:\/\/dev.baylabel.pl\/#website","url":"https:\/\/dev.baylabel.pl\/","name":"Smycze, obro\u017ce i szelki dla psa i kota","description":"Akcesoria dla ps\u00f3w, smycze, obro\u017ce i szelki tworzymy z ogromn\u0105 mi\u0142o\u015bci\u0105. Nasze produkty s\u0105 wykonywane r\u0119cznie z najlepszej jako\u015bci materia\u0142\u00f3w.","publisher":{"@id":"https:\/\/dev.baylabel.pl\/#organization"},"potentialAction":[{"@type":"SearchAction","target":{"@type":"EntryPoint","urlTemplate":"https:\/\/dev.baylabel.pl\/?s={search_term_string}"},"query-input":{"@type":"PropertyValueSpecification","valueRequired":true,"valueName":"search_term_string"}}],"inLanguage":"en-US"},{"@type":"Organization","@id":"https:\/\/dev.baylabel.pl\/#organization","name":"Baylabel","url":"https:\/\/dev.baylabel.pl\/","logo":{"@type":"ImageObject","inLanguage":"en-US","@id":"https:\/\/dev.baylabel.pl\/#\/schema\/logo\/image\/","url":"https:\/\/dev.baylabel.pl\/wp-content\/uploads\/2025\/04\/akcesoria-dla-psow-baylabel.webp","contentUrl":"https:\/\/dev.baylabel.pl\/wp-content\/uploads\/2025\/04\/akcesoria-dla-psow-baylabel.webp","width":135,"height":135,"caption":"Baylabel"},"image":{"@id":"https:\/\/dev.baylabel.pl\/#\/schema\/logo\/image\/"},"sameAs":["https:\/\/www.facebook.com\/baylabel","https:\/\/www.instagram.com\/blb.animals\/","https:\/\/www.youtube.com\/channel\/UCsRug2nImjgMvZ7nWubAF6w"]}]}},"_links":{"self":[{"href":"https:\/\/dev.baylabel.pl\/en\/wp-json\/wp\/v2\/product\/32668","targetHints":{"allow":["GET"]}}],"collection":[{"href":"https:\/\/dev.baylabel.pl\/en\/wp-json\/wp\/v2\/product"}],"about":[{"href":"https:\/\/dev.baylabel.pl\/en\/wp-json\/wp\/v2\/types\/product"}],"wp:featuredmedia":[{"embeddable":true,"href":"https:\/\/dev.baylabel.pl\/en\/wp-json\/wp\/v2\/media\/33149"}],"wp:attachment":[{"href":"https:\/\/dev.baylabel.pl\/en\/wp-json\/wp\/v2\/media?parent=32668"}],"wp:term":[{"taxonomy":"product_brand","embeddable":true,"href":"https:\/\/dev.baylabel.pl\/en\/wp-json\/wp\/v2\/product_brand?post=32668"},{"taxonomy":"product_cat","embeddable":true,"href":"https:\/\/dev.baylabel.pl\/en\/wp-json\/wp\/v2\/product_cat?post=32668"},{"taxonomy":"product_tag","embeddable":true,"href":"https:\/\/dev.baylabel.pl\/en\/wp-json\/wp\/v2\/product_tag?post=32668"}],"curies":[{"name":"wp","href":"https:\/\/api.w.org\/{rel}","templated":true}]}}