{"id":3804,"date":"2025-04-04T11:03:56","date_gmt":"2025-04-04T09:03:56","guid":{"rendered":"https:\/\/dev.baylabel.pl\/?post_type=product&#038;p=3804"},"modified":"2025-12-04T00:12:42","modified_gmt":"2025-12-03T23:12:42","slug":"szelki-dla-psa-guard-uni-world","status":"publish","type":"product","link":"https:\/\/dev.baylabel.pl\/en\/sklep\/szelki-dla-psa-guard-uni-world\/","title":{"rendered":"Szelki dla psa guard Uni World"},"content":{"rendered":"<h2>SZELKI TYPU GUARD <span class=\"ui-provider a b c d e f g h i j k l m n o p q r s t u v w x y z ab ac ae af ag ah ai aj ak\" dir=\"ltr\"><img decoding=\"async\" class=\"emoji\" role=\"img\" src=\"https:\/\/s.w.org\/images\/core\/emoji\/14.0.0\/svg\/1f525.svg\" alt=\"\" \/><\/span><\/h2>\n<p><strong>Szelki dla ps\u00f3w typu guard zapewniaj\u0105 nie tylko wygod\u0119 u\u017cytkowania<\/strong>, ale przede wszystkim bezpiecze\u0144stwo podczas spacer\u00f3w, trening\u00f3w czy innych aktywno\u015bci z psem. Ten uniwersalny model sprawdzi si\u0119 zar\u00f3wno dla ps\u00f3w ma\u0142ych, jak i du\u017cych ras, szczeniak\u00f3w, doros\u0142ych ps\u00f3w i psich senior\u00f3w.<\/p>\n<p><strong>KONSTRUKCJA SZELEK<\/strong><br \/>\nSzelki guard sk\u0142adaj\u0105 si\u0119 z dw\u00f3ch obr\u0119czy \u2013 barkowej oraz piersiowej po\u0142\u0105czonych ze sob\u0105 paskiem grzbietowym oraz mostkowym. Taka konstrukcja jest zdrowa dla psiej anatomii, nie blokuje ruchu \u0142opatek i r\u00f3wno rozk\u0142ada ci\u0119\u017car, nie obci\u0105\u017caj\u0105c przy tym kr\u0119gos\u0142upa ani staw\u00f3w psa.<\/p>\n<p><strong>MATERIA\u0141Y<\/strong><br \/>\nW naszych szelkach wykorzystali\u015bmy wytrzyma\u0142e ta\u015bmy oraz mocne, metalowe okucia, dlatego nasze akcesoria przetrwaj\u0105 tysi\u0105ce spacer\u00f3w.<\/p>\n<p><strong>ROZMIAR<\/strong><br \/>\nTylko odpowiednio dobrany rozmiar <a href=\"https:\/\/dev.baylabel.pl\/sklep\/kategoria\/dla-psa\/szelki-dla-psow\/\">szelek guard<\/a> gwarantuje psu bezpiecze\u0144stwo. Dokonaj dok\u0142adnych pomiar\u00f3w i sprawd\u017a w tabeli, kt\u00f3ry rozmiar b\u0119dzie odpowiedni dla Twojego psiaka. Masz w\u0105tpliwo\u015bci jak zmierzy\u0107 psa? Obejrzyj nasze filmiki instrukta\u017cowe, a je\u015bli jeszcze si\u0119 wahasz co do w\u0142a\u015bciwego rozmiaru szelek \u2013 napisz do nas \ud83d\ude42<\/p>\n<p>Dost\u0119pne szeroko\u015bci ta\u015bm: 15mm, 20 mm, 25 mm, 30 mm, 40 mm.<\/p>\n<p><strong>! W ta\u015bmach o szeroko\u015bci 15mm, 20 mm, 25 mm w obr\u0119czy zastosowana zosta\u0142a pojedyncza klamra. W przypadku szelek o szeroko\u015bci ta\u015bmy 30 mm oraz 40 mm w obr\u0119czy piersiowej s\u0105 umieszczone dwie klamry.<\/strong><\/p>\n<p>Pami\u0119taj, <strong>\u017ce zbyt w\u0105skie ta\u015bmy mog\u0105 powodowa\u0107 dyskomfort w postaci wbijania si\u0119 w cia\u0142o<\/strong>, natomiast zbyt szerokie ta\u015bmy mog\u0105 kr\u0119powa\u0107 ruchy psa, dlatego uwa\u017cnie dobierz ta\u015bm\u0119 do wielko\u015bci swojego psiego przyjaciela.<\/p>\n<p><strong>PERSONALIZACJA\u00a0<\/strong><br \/>\nWszystkie produkty szyjemy w naszej szwalni, dlatego mo\u017cemy zaproponowa\u0107 Ci personalizacj\u0119 szelek Twojego psiaka.<\/p>\n<p>Dost\u0119pne opcje:<br \/>\n<img decoding=\"async\" class=\"emoji\" role=\"img\" src=\"https:\/\/s.w.org\/images\/core\/emoji\/14.0.0\/svg\/1f43e.svg\" alt=\"\" \/>\u00a0personalizacja rozmiaru \u2013 szelki uszyte na wymiar<br \/>\n<img decoding=\"async\" class=\"emoji\" role=\"img\" src=\"https:\/\/s.w.org\/images\/core\/emoji\/14.0.0\/svg\/1f43e.svg\" alt=\"\" \/>\u00a0r\u0105czka \u2013 dzi\u0119ki niej wygodnie przytrzymasz psa, gdy tylko zajdzie taka potrzeba<br \/>\n<img decoding=\"async\" class=\"emoji\" role=\"img\" src=\"https:\/\/s.w.org\/images\/core\/emoji\/14.0.0\/svg\/1f43e.svg\" alt=\"\" \/>\u00a0odblaski \u2013 poprawiaj\u0105 widoczno\u015b\u0107 po zmroku, zwi\u0119kszaj\u0105c bezpiecze\u0144stwo podczas wieczornych wyj\u015b\u0107<\/p>\n<p>Je\u015bli chcesz w inny spos\u00f3b zmodyfikowa\u0107 szelki \u2013 napisz, zrobimy co w naszej mocy, \u017ceby nasze produkty jak najlepiej spe\u0142nia\u0142y potrzeby Twoje i Twojego psa!<\/p>\n<p><strong>ta\u015bma:<\/strong>\u00a0mocna, g\u0142adka ta\u015bma z naszym autorskim wzorem, kt\u00f3ra zachowuje sw\u00f3j wygl\u0105d na d\u0142ugo. Bardzo \u0142atwa w czyszczeniu i piel\u0119gnacji.<\/p>\n<p><strong>okucia:<\/strong>\u00a0metalowe elementy zosta\u0142y pokryte czarnym kolorem zabezpieczaj\u0105cym akcesoria przed korozj\u0105.<\/p>","protected":false},"excerpt":{"rendered":"<p>SZELKI TYPU GUARD Szelki dla ps\u00f3w typu guard zapewniaj\u0105 nie tylko wygod\u0119 u\u017cytkowania, ale przede wszystkim bezpiecze\u0144stwo podczas spacer\u00f3w, trening\u00f3w czy innych aktywno\u015bci z psem. Ten uniwersalny model sprawdzi si\u0119 zar\u00f3wno dla ps\u00f3w ma\u0142ych, jak i du\u017cych ras, szczeniak\u00f3w, doros\u0142ych ps\u00f3w i psich senior\u00f3w. KONSTRUKCJA SZELEK Szelki guard sk\u0142adaj\u0105 si\u0119 z dw\u00f3ch obr\u0119czy \u2013 barkowej [&hellip;]<\/p>","protected":false},"featured_media":5325,"template":"","meta":{"_acf_changed":false,"inline_featured_image":false},"product_brand":[],"product_cat":[93,108,85],"product_tag":[173],"class_list":{"0":"post-3804","1":"product","2":"type-product","3":"status-publish","4":"has-post-thumbnail","6":"product_cat-dla-psa","7":"product_cat-szelki","8":"product_cat-uni-world","9":"product_tag-szelki-guard","11":"first","12":"instock","13":"taxable","14":"shipping-taxable","15":"purchasable","16":"product-type-variable"},"acf":[],"yoast_head":"<!-- This site is optimized with the Yoast SEO plugin v24.9 - https:\/\/yoast.com\/wordpress\/plugins\/seo\/ -->\n<title>Szelki dla psa guard Uni World - Smycze, obro\u017ce i szelki dla psa i kota<\/title>\n<meta name=\"robots\" content=\"noindex, follow, max-snippet:-1, max-image-preview:large, max-video-preview:-1\" \/>\n<meta property=\"og:locale\" content=\"en_US\" \/>\n<meta property=\"og:type\" content=\"article\" \/>\n<meta property=\"og:title\" content=\"Szelki dla psa guard Uni World - Smycze, obro\u017ce i szelki dla psa i kota\" \/>\n<meta property=\"og:description\" content=\"SZELKI TYPU GUARD Szelki dla ps\u00f3w typu guard zapewniaj\u0105 nie tylko wygod\u0119 u\u017cytkowania, ale przede wszystkim bezpiecze\u0144stwo podczas spacer\u00f3w, trening\u00f3w czy innych aktywno\u015bci z psem. Ten uniwersalny model sprawdzi si\u0119 zar\u00f3wno dla ps\u00f3w ma\u0142ych, jak i du\u017cych ras, szczeniak\u00f3w, doros\u0142ych ps\u00f3w i psich senior\u00f3w. KONSTRUKCJA SZELEK Szelki guard sk\u0142adaj\u0105 si\u0119 z dw\u00f3ch obr\u0119czy \u2013 barkowej [&hellip;]\" \/>\n<meta property=\"og:url\" content=\"https:\/\/dev.baylabel.pl\/en\/sklep\/szelki-dla-psa-guard-uni-world\/\" \/>\n<meta property=\"og:site_name\" content=\"Smycze, obro\u017ce i szelki dla psa i kota\" \/>\n<meta property=\"article:publisher\" content=\"https:\/\/www.facebook.com\/baylabel\" \/>\n<meta property=\"article:modified_time\" content=\"2025-12-03T23:12:42+00:00\" \/>\n<meta property=\"og:image\" content=\"https:\/\/dev.baylabel.pl\/wp-content\/uploads\/2025\/03\/szelki-dla-psa-guard-uni-world-1.webp\" \/>\n\t<meta property=\"og:image:width\" content=\"1500\" \/>\n\t<meta property=\"og:image:height\" content=\"1500\" \/>\n\t<meta property=\"og:image:type\" content=\"image\/jpeg\" \/>\n<meta name=\"twitter:card\" content=\"summary_large_image\" \/>\n<meta name=\"twitter:label1\" content=\"Est. reading time\" \/>\n\t<meta name=\"twitter:data1\" content=\"3 minutes\" \/>\n<script type=\"application\/ld+json\" class=\"yoast-schema-graph\">{\"@context\":\"https:\/\/schema.org\",\"@graph\":[{\"@type\":\"WebPage\",\"@id\":\"https:\/\/dev.baylabel.pl\/sklep\/szelki-dla-psa-guard-uni-world\/\",\"url\":\"https:\/\/dev.baylabel.pl\/sklep\/szelki-dla-psa-guard-uni-world\/\",\"name\":\"Szelki dla psa guard Uni World - Smycze, obro\u017ce i szelki dla psa i kota\",\"isPartOf\":{\"@id\":\"https:\/\/dev.baylabel.pl\/#website\"},\"primaryImageOfPage\":{\"@id\":\"https:\/\/dev.baylabel.pl\/sklep\/szelki-dla-psa-guard-uni-world\/#primaryimage\"},\"image\":{\"@id\":\"https:\/\/dev.baylabel.pl\/sklep\/szelki-dla-psa-guard-uni-world\/#primaryimage\"},\"thumbnailUrl\":\"https:\/\/dev.baylabel.pl\/wp-content\/uploads\/2025\/03\/szelki-dla-psa-guard-uni-world-1.webp\",\"datePublished\":\"2025-04-04T09:03:56+00:00\",\"dateModified\":\"2025-12-03T23:12:42+00:00\",\"breadcrumb\":{\"@id\":\"https:\/\/dev.baylabel.pl\/sklep\/szelki-dla-psa-guard-uni-world\/#breadcrumb\"},\"inLanguage\":\"en-US\",\"potentialAction\":[{\"@type\":\"ReadAction\",\"target\":[\"https:\/\/dev.baylabel.pl\/sklep\/szelki-dla-psa-guard-uni-world\/\"]}]},{\"@type\":\"ImageObject\",\"inLanguage\":\"en-US\",\"@id\":\"https:\/\/dev.baylabel.pl\/sklep\/szelki-dla-psa-guard-uni-world\/#primaryimage\",\"url\":\"https:\/\/dev.baylabel.pl\/wp-content\/uploads\/2025\/03\/szelki-dla-psa-guard-uni-world-1.webp\",\"contentUrl\":\"https:\/\/dev.baylabel.pl\/wp-content\/uploads\/2025\/03\/szelki-dla-psa-guard-uni-world-1.webp\",\"width\":1500,\"height\":1500},{\"@type\":\"BreadcrumbList\",\"@id\":\"https:\/\/dev.baylabel.pl\/sklep\/szelki-dla-psa-guard-uni-world\/#breadcrumb\",\"itemListElement\":[{\"@type\":\"ListItem\",\"position\":1,\"name\":\"Strona g\u0142\u00f3wna\",\"item\":\"https:\/\/dev.baylabel.pl\/\"},{\"@type\":\"ListItem\",\"position\":2,\"name\":\"Sklep\",\"item\":\"https:\/\/dev.baylabel.pl\/sklep\/\"},{\"@type\":\"ListItem\",\"position\":3,\"name\":\"Szelki dla psa guard Uni World\"}]},{\"@type\":\"WebSite\",\"@id\":\"https:\/\/dev.baylabel.pl\/#website\",\"url\":\"https:\/\/dev.baylabel.pl\/\",\"name\":\"Smycze, obro\u017ce i szelki dla psa i kota\",\"description\":\"Akcesoria dla ps\u00f3w, smycze, obro\u017ce i szelki tworzymy z ogromn\u0105 mi\u0142o\u015bci\u0105. Nasze produkty s\u0105 wykonywane r\u0119cznie z najlepszej jako\u015bci materia\u0142\u00f3w.\",\"publisher\":{\"@id\":\"https:\/\/dev.baylabel.pl\/#organization\"},\"potentialAction\":[{\"@type\":\"SearchAction\",\"target\":{\"@type\":\"EntryPoint\",\"urlTemplate\":\"https:\/\/dev.baylabel.pl\/?s={search_term_string}\"},\"query-input\":{\"@type\":\"PropertyValueSpecification\",\"valueRequired\":true,\"valueName\":\"search_term_string\"}}],\"inLanguage\":\"en-US\"},{\"@type\":\"Organization\",\"@id\":\"https:\/\/dev.baylabel.pl\/#organization\",\"name\":\"Baylabel\",\"url\":\"https:\/\/dev.baylabel.pl\/\",\"logo\":{\"@type\":\"ImageObject\",\"inLanguage\":\"en-US\",\"@id\":\"https:\/\/dev.baylabel.pl\/#\/schema\/logo\/image\/\",\"url\":\"https:\/\/dev.baylabel.pl\/wp-content\/uploads\/2025\/04\/akcesoria-dla-psow-baylabel.webp\",\"contentUrl\":\"https:\/\/dev.baylabel.pl\/wp-content\/uploads\/2025\/04\/akcesoria-dla-psow-baylabel.webp\",\"width\":135,\"height\":135,\"caption\":\"Baylabel\"},\"image\":{\"@id\":\"https:\/\/dev.baylabel.pl\/#\/schema\/logo\/image\/\"},\"sameAs\":[\"https:\/\/www.facebook.com\/baylabel\",\"https:\/\/www.instagram.com\/blb.animals\/\",\"https:\/\/www.youtube.com\/channel\/UCsRug2nImjgMvZ7nWubAF6w\"]}]}<\/script>\n<!-- \/ Yoast SEO plugin. -->","yoast_head_json":{"title":"Szelki dla psa guard Uni World - Smycze, obro\u017ce i szelki dla psa i kota","robots":{"index":"noindex","follow":"follow","max-snippet":"max-snippet:-1","max-image-preview":"max-image-preview:large","max-video-preview":"max-video-preview:-1"},"og_locale":"en_US","og_type":"article","og_title":"Szelki dla psa guard Uni World - Smycze, obro\u017ce i szelki dla psa i kota","og_description":"SZELKI TYPU GUARD Szelki dla ps\u00f3w typu guard zapewniaj\u0105 nie tylko wygod\u0119 u\u017cytkowania, ale przede wszystkim bezpiecze\u0144stwo podczas spacer\u00f3w, trening\u00f3w czy innych aktywno\u015bci z psem. Ten uniwersalny model sprawdzi si\u0119 zar\u00f3wno dla ps\u00f3w ma\u0142ych, jak i du\u017cych ras, szczeniak\u00f3w, doros\u0142ych ps\u00f3w i psich senior\u00f3w. KONSTRUKCJA SZELEK Szelki guard sk\u0142adaj\u0105 si\u0119 z dw\u00f3ch obr\u0119czy \u2013 barkowej [&hellip;]","og_url":"https:\/\/dev.baylabel.pl\/en\/sklep\/szelki-dla-psa-guard-uni-world\/","og_site_name":"Smycze, obro\u017ce i szelki dla psa i kota","article_publisher":"https:\/\/www.facebook.com\/baylabel","article_modified_time":"2025-12-03T23:12:42+00:00","og_image":[{"width":1500,"height":1500,"url":"https:\/\/dev.baylabel.pl\/wp-content\/uploads\/2025\/03\/szelki-dla-psa-guard-uni-world-1.webp","type":"image\/jpeg"}],"twitter_card":"summary_large_image","twitter_misc":{"Est. reading time":"3 minutes"},"schema":{"@context":"https:\/\/schema.org","@graph":[{"@type":"WebPage","@id":"https:\/\/dev.baylabel.pl\/sklep\/szelki-dla-psa-guard-uni-world\/","url":"https:\/\/dev.baylabel.pl\/sklep\/szelki-dla-psa-guard-uni-world\/","name":"Szelki dla psa guard Uni World - Smycze, obro\u017ce i szelki dla psa i kota","isPartOf":{"@id":"https:\/\/dev.baylabel.pl\/#website"},"primaryImageOfPage":{"@id":"https:\/\/dev.baylabel.pl\/sklep\/szelki-dla-psa-guard-uni-world\/#primaryimage"},"image":{"@id":"https:\/\/dev.baylabel.pl\/sklep\/szelki-dla-psa-guard-uni-world\/#primaryimage"},"thumbnailUrl":"https:\/\/dev.baylabel.pl\/wp-content\/uploads\/2025\/03\/szelki-dla-psa-guard-uni-world-1.webp","datePublished":"2025-04-04T09:03:56+00:00","dateModified":"2025-12-03T23:12:42+00:00","breadcrumb":{"@id":"https:\/\/dev.baylabel.pl\/sklep\/szelki-dla-psa-guard-uni-world\/#breadcrumb"},"inLanguage":"en-US","potentialAction":[{"@type":"ReadAction","target":["https:\/\/dev.baylabel.pl\/sklep\/szelki-dla-psa-guard-uni-world\/"]}]},{"@type":"ImageObject","inLanguage":"en-US","@id":"https:\/\/dev.baylabel.pl\/sklep\/szelki-dla-psa-guard-uni-world\/#primaryimage","url":"https:\/\/dev.baylabel.pl\/wp-content\/uploads\/2025\/03\/szelki-dla-psa-guard-uni-world-1.webp","contentUrl":"https:\/\/dev.baylabel.pl\/wp-content\/uploads\/2025\/03\/szelki-dla-psa-guard-uni-world-1.webp","width":1500,"height":1500},{"@type":"BreadcrumbList","@id":"https:\/\/dev.baylabel.pl\/sklep\/szelki-dla-psa-guard-uni-world\/#breadcrumb","itemListElement":[{"@type":"ListItem","position":1,"name":"Strona g\u0142\u00f3wna","item":"https:\/\/dev.baylabel.pl\/"},{"@type":"ListItem","position":2,"name":"Sklep","item":"https:\/\/dev.baylabel.pl\/sklep\/"},{"@type":"ListItem","position":3,"name":"Szelki dla psa guard Uni World"}]},{"@type":"WebSite","@id":"https:\/\/dev.baylabel.pl\/#website","url":"https:\/\/dev.baylabel.pl\/","name":"Smycze, obro\u017ce i szelki dla psa i kota","description":"Akcesoria dla ps\u00f3w, smycze, obro\u017ce i szelki tworzymy z ogromn\u0105 mi\u0142o\u015bci\u0105. Nasze produkty s\u0105 wykonywane r\u0119cznie z najlepszej jako\u015bci materia\u0142\u00f3w.","publisher":{"@id":"https:\/\/dev.baylabel.pl\/#organization"},"potentialAction":[{"@type":"SearchAction","target":{"@type":"EntryPoint","urlTemplate":"https:\/\/dev.baylabel.pl\/?s={search_term_string}"},"query-input":{"@type":"PropertyValueSpecification","valueRequired":true,"valueName":"search_term_string"}}],"inLanguage":"en-US"},{"@type":"Organization","@id":"https:\/\/dev.baylabel.pl\/#organization","name":"Baylabel","url":"https:\/\/dev.baylabel.pl\/","logo":{"@type":"ImageObject","inLanguage":"en-US","@id":"https:\/\/dev.baylabel.pl\/#\/schema\/logo\/image\/","url":"https:\/\/dev.baylabel.pl\/wp-content\/uploads\/2025\/04\/akcesoria-dla-psow-baylabel.webp","contentUrl":"https:\/\/dev.baylabel.pl\/wp-content\/uploads\/2025\/04\/akcesoria-dla-psow-baylabel.webp","width":135,"height":135,"caption":"Baylabel"},"image":{"@id":"https:\/\/dev.baylabel.pl\/#\/schema\/logo\/image\/"},"sameAs":["https:\/\/www.facebook.com\/baylabel","https:\/\/www.instagram.com\/blb.animals\/","https:\/\/www.youtube.com\/channel\/UCsRug2nImjgMvZ7nWubAF6w"]}]}},"_links":{"self":[{"href":"https:\/\/dev.baylabel.pl\/en\/wp-json\/wp\/v2\/product\/3804","targetHints":{"allow":["GET"]}}],"collection":[{"href":"https:\/\/dev.baylabel.pl\/en\/wp-json\/wp\/v2\/product"}],"about":[{"href":"https:\/\/dev.baylabel.pl\/en\/wp-json\/wp\/v2\/types\/product"}],"wp:featuredmedia":[{"embeddable":true,"href":"https:\/\/dev.baylabel.pl\/en\/wp-json\/wp\/v2\/media\/5325"}],"wp:attachment":[{"href":"https:\/\/dev.baylabel.pl\/en\/wp-json\/wp\/v2\/media?parent=3804"}],"wp:term":[{"taxonomy":"product_brand","embeddable":true,"href":"https:\/\/dev.baylabel.pl\/en\/wp-json\/wp\/v2\/product_brand?post=3804"},{"taxonomy":"product_cat","embeddable":true,"href":"https:\/\/dev.baylabel.pl\/en\/wp-json\/wp\/v2\/product_cat?post=3804"},{"taxonomy":"product_tag","embeddable":true,"href":"https:\/\/dev.baylabel.pl\/en\/wp-json\/wp\/v2\/product_tag?post=3804"}],"curies":[{"name":"wp","href":"https:\/\/api.w.org\/{rel}","templated":true}]}}