{"id":40362,"date":"2025-05-20T15:52:56","date_gmt":"2025-05-20T13:52:56","guid":{"rendered":"https:\/\/dev.baylabel.pl\/?post_type=product&#038;p=40362"},"modified":"2025-12-04T00:04:33","modified_gmt":"2025-12-03T23:04:33","slug":"nerka-spotted-latte","status":"publish","type":"product","link":"https:\/\/dev.baylabel.pl\/en\/sklep\/nerka-spotted-latte\/","title":{"rendered":"Nerka Spotted Latte"},"content":{"rendered":"<p>Stylowa i kompaktowa nerka uczyni codzienne spacery z pupilem o wiele prostsze! Zmie\u015bcisz w niej wszystkie niezb\u0119dne akcesoria, w tym wyj\u0105tkowe smako\u0142yki dla psa.<br \/>\nDodatkowo, nerka posiada praktyczn\u0105 kieszonk\u0119, kt\u00f3ra umo\u017cliwia wygodne korzystanie z kupowork\u00f3w. W nerce zastosowano gumow\u0105 naszywk\u0119, dzi\u0119ki kt\u00f3rej worki nie b\u0119d\u0105 si\u0119 rozwija\u0142y.<\/p>","protected":false},"excerpt":{"rendered":"<p>Stylowa i kompaktowa nerka\u00a0w jesienne wzory\u00a0uczyni codzienne spacery z pupilem o wiele prostsze! Zmie\u015bcisz w niej wszystkie niezb\u0119dne akcesoria, w tym\u00a0wyj\u0105tkowe\u00a0smako\u0142yki dla psa. Dodatkowo, nerka\u00a0posiada\u00a0praktyczn\u0105 kieszonk\u0119, kt\u00f3ra umo\u017cliwia wygodne korzystanie z kupowork\u00f3w.\u00a0W nerce zastosowano gumow\u0105 naszywk\u0119, dzi\u0119ki kt\u00f3rej worki nie b\u0119d\u0105 si\u0119 rozwija\u0142y.<\/p>","protected":false},"featured_media":40363,"template":"","meta":{"_acf_changed":false,"inline_featured_image":false},"product_brand":[],"product_cat":[117,121,237],"product_tag":[],"class_list":{"0":"post-40362","1":"product","2":"type-product","3":"status-publish","4":"has-post-thumbnail","6":"product_cat-dla-czlowieka","7":"product_cat-nerki","8":"product_cat-spotted-latte","10":"first","11":"instock","12":"taxable","13":"shipping-taxable","14":"purchasable","15":"product-type-simple"},"acf":[],"yoast_head":"<!-- This site is optimized with the Yoast SEO plugin v24.9 - https:\/\/yoast.com\/wordpress\/plugins\/seo\/ -->\n<title>Nerka Spotted Latte - Smycze, obro\u017ce i szelki dla psa i kota<\/title>\n<meta name=\"robots\" content=\"noindex, follow, max-snippet:-1, max-image-preview:large, max-video-preview:-1\" \/>\n<meta property=\"og:locale\" content=\"en_US\" \/>\n<meta property=\"og:type\" content=\"article\" \/>\n<meta property=\"og:title\" content=\"Nerka Spotted Latte - Smycze, obro\u017ce i szelki dla psa i kota\" \/>\n<meta property=\"og:description\" content=\"Stylowa i kompaktowa nerka\u00a0w jesienne wzory\u00a0uczyni codzienne spacery z pupilem o wiele prostsze! Zmie\u015bcisz w niej wszystkie niezb\u0119dne akcesoria, w tym\u00a0wyj\u0105tkowe\u00a0smako\u0142yki dla psa. Dodatkowo, nerka\u00a0posiada\u00a0praktyczn\u0105 kieszonk\u0119, kt\u00f3ra umo\u017cliwia wygodne korzystanie z kupowork\u00f3w.\u00a0W nerce zastosowano gumow\u0105 naszywk\u0119, dzi\u0119ki kt\u00f3rej worki nie b\u0119d\u0105 si\u0119 rozwija\u0142y.\" \/>\n<meta property=\"og:url\" content=\"https:\/\/dev.baylabel.pl\/en\/sklep\/nerka-spotted-latte\/\" \/>\n<meta property=\"og:site_name\" content=\"Smycze, obro\u017ce i szelki dla psa i kota\" \/>\n<meta property=\"article:publisher\" content=\"https:\/\/www.facebook.com\/baylabel\" \/>\n<meta property=\"article:modified_time\" content=\"2025-12-03T23:04:33+00:00\" \/>\n<meta property=\"og:image\" content=\"https:\/\/dev.baylabel.pl\/wp-content\/uploads\/2025\/05\/nerka-spotted-latte.webp\" \/>\n\t<meta property=\"og:image:width\" content=\"1000\" \/>\n\t<meta property=\"og:image:height\" content=\"1000\" \/>\n\t<meta property=\"og:image:type\" content=\"image\/webp\" \/>\n<meta name=\"twitter:card\" content=\"summary_large_image\" \/>\n<meta name=\"twitter:label1\" content=\"Est. reading time\" \/>\n\t<meta name=\"twitter:data1\" content=\"1 minute\" \/>\n<script type=\"application\/ld+json\" class=\"yoast-schema-graph\">{\"@context\":\"https:\/\/schema.org\",\"@graph\":[{\"@type\":\"WebPage\",\"@id\":\"https:\/\/dev.baylabel.pl\/sklep\/nerka-spotted-latte\/\",\"url\":\"https:\/\/dev.baylabel.pl\/sklep\/nerka-spotted-latte\/\",\"name\":\"Nerka Spotted Latte - Smycze, obro\u017ce i szelki dla psa i kota\",\"isPartOf\":{\"@id\":\"https:\/\/dev.baylabel.pl\/#website\"},\"primaryImageOfPage\":{\"@id\":\"https:\/\/dev.baylabel.pl\/sklep\/nerka-spotted-latte\/#primaryimage\"},\"image\":{\"@id\":\"https:\/\/dev.baylabel.pl\/sklep\/nerka-spotted-latte\/#primaryimage\"},\"thumbnailUrl\":\"https:\/\/dev.baylabel.pl\/wp-content\/uploads\/2025\/05\/nerka-spotted-latte.webp\",\"datePublished\":\"2025-05-20T13:52:56+00:00\",\"dateModified\":\"2025-12-03T23:04:33+00:00\",\"breadcrumb\":{\"@id\":\"https:\/\/dev.baylabel.pl\/sklep\/nerka-spotted-latte\/#breadcrumb\"},\"inLanguage\":\"en-US\",\"potentialAction\":[{\"@type\":\"ReadAction\",\"target\":[\"https:\/\/dev.baylabel.pl\/sklep\/nerka-spotted-latte\/\"]}]},{\"@type\":\"ImageObject\",\"inLanguage\":\"en-US\",\"@id\":\"https:\/\/dev.baylabel.pl\/sklep\/nerka-spotted-latte\/#primaryimage\",\"url\":\"https:\/\/dev.baylabel.pl\/wp-content\/uploads\/2025\/05\/nerka-spotted-latte.webp\",\"contentUrl\":\"https:\/\/dev.baylabel.pl\/wp-content\/uploads\/2025\/05\/nerka-spotted-latte.webp\",\"width\":1000,\"height\":1000},{\"@type\":\"BreadcrumbList\",\"@id\":\"https:\/\/dev.baylabel.pl\/sklep\/nerka-spotted-latte\/#breadcrumb\",\"itemListElement\":[{\"@type\":\"ListItem\",\"position\":1,\"name\":\"Strona g\u0142\u00f3wna\",\"item\":\"https:\/\/dev.baylabel.pl\/\"},{\"@type\":\"ListItem\",\"position\":2,\"name\":\"Sklep\",\"item\":\"https:\/\/dev.baylabel.pl\/sklep\/\"},{\"@type\":\"ListItem\",\"position\":3,\"name\":\"Nerka Spotted Latte\"}]},{\"@type\":\"WebSite\",\"@id\":\"https:\/\/dev.baylabel.pl\/#website\",\"url\":\"https:\/\/dev.baylabel.pl\/\",\"name\":\"Smycze, obro\u017ce i szelki dla psa i kota\",\"description\":\"Akcesoria dla ps\u00f3w, smycze, obro\u017ce i szelki tworzymy z ogromn\u0105 mi\u0142o\u015bci\u0105. Nasze produkty s\u0105 wykonywane r\u0119cznie z najlepszej jako\u015bci materia\u0142\u00f3w.\",\"publisher\":{\"@id\":\"https:\/\/dev.baylabel.pl\/#organization\"},\"potentialAction\":[{\"@type\":\"SearchAction\",\"target\":{\"@type\":\"EntryPoint\",\"urlTemplate\":\"https:\/\/dev.baylabel.pl\/?s={search_term_string}\"},\"query-input\":{\"@type\":\"PropertyValueSpecification\",\"valueRequired\":true,\"valueName\":\"search_term_string\"}}],\"inLanguage\":\"en-US\"},{\"@type\":\"Organization\",\"@id\":\"https:\/\/dev.baylabel.pl\/#organization\",\"name\":\"Baylabel\",\"url\":\"https:\/\/dev.baylabel.pl\/\",\"logo\":{\"@type\":\"ImageObject\",\"inLanguage\":\"en-US\",\"@id\":\"https:\/\/dev.baylabel.pl\/#\/schema\/logo\/image\/\",\"url\":\"https:\/\/dev.baylabel.pl\/wp-content\/uploads\/2025\/04\/akcesoria-dla-psow-baylabel.webp\",\"contentUrl\":\"https:\/\/dev.baylabel.pl\/wp-content\/uploads\/2025\/04\/akcesoria-dla-psow-baylabel.webp\",\"width\":135,\"height\":135,\"caption\":\"Baylabel\"},\"image\":{\"@id\":\"https:\/\/dev.baylabel.pl\/#\/schema\/logo\/image\/\"},\"sameAs\":[\"https:\/\/www.facebook.com\/baylabel\",\"https:\/\/www.instagram.com\/blb.animals\/\",\"https:\/\/www.youtube.com\/channel\/UCsRug2nImjgMvZ7nWubAF6w\"]}]}<\/script>\n<!-- \/ Yoast SEO plugin. -->","yoast_head_json":{"title":"Nerka Spotted Latte - Smycze, obro\u017ce i szelki dla psa i kota","robots":{"index":"noindex","follow":"follow","max-snippet":"max-snippet:-1","max-image-preview":"max-image-preview:large","max-video-preview":"max-video-preview:-1"},"og_locale":"en_US","og_type":"article","og_title":"Nerka Spotted Latte - Smycze, obro\u017ce i szelki dla psa i kota","og_description":"Stylowa i kompaktowa nerka\u00a0w jesienne wzory\u00a0uczyni codzienne spacery z pupilem o wiele prostsze! Zmie\u015bcisz w niej wszystkie niezb\u0119dne akcesoria, w tym\u00a0wyj\u0105tkowe\u00a0smako\u0142yki dla psa. Dodatkowo, nerka\u00a0posiada\u00a0praktyczn\u0105 kieszonk\u0119, kt\u00f3ra umo\u017cliwia wygodne korzystanie z kupowork\u00f3w.\u00a0W nerce zastosowano gumow\u0105 naszywk\u0119, dzi\u0119ki kt\u00f3rej worki nie b\u0119d\u0105 si\u0119 rozwija\u0142y.","og_url":"https:\/\/dev.baylabel.pl\/en\/sklep\/nerka-spotted-latte\/","og_site_name":"Smycze, obro\u017ce i szelki dla psa i kota","article_publisher":"https:\/\/www.facebook.com\/baylabel","article_modified_time":"2025-12-03T23:04:33+00:00","og_image":[{"width":1000,"height":1000,"url":"https:\/\/dev.baylabel.pl\/wp-content\/uploads\/2025\/05\/nerka-spotted-latte.webp","type":"image\/webp"}],"twitter_card":"summary_large_image","twitter_misc":{"Est. reading time":"1 minute"},"schema":{"@context":"https:\/\/schema.org","@graph":[{"@type":"WebPage","@id":"https:\/\/dev.baylabel.pl\/sklep\/nerka-spotted-latte\/","url":"https:\/\/dev.baylabel.pl\/sklep\/nerka-spotted-latte\/","name":"Nerka Spotted Latte - Smycze, obro\u017ce i szelki dla psa i kota","isPartOf":{"@id":"https:\/\/dev.baylabel.pl\/#website"},"primaryImageOfPage":{"@id":"https:\/\/dev.baylabel.pl\/sklep\/nerka-spotted-latte\/#primaryimage"},"image":{"@id":"https:\/\/dev.baylabel.pl\/sklep\/nerka-spotted-latte\/#primaryimage"},"thumbnailUrl":"https:\/\/dev.baylabel.pl\/wp-content\/uploads\/2025\/05\/nerka-spotted-latte.webp","datePublished":"2025-05-20T13:52:56+00:00","dateModified":"2025-12-03T23:04:33+00:00","breadcrumb":{"@id":"https:\/\/dev.baylabel.pl\/sklep\/nerka-spotted-latte\/#breadcrumb"},"inLanguage":"en-US","potentialAction":[{"@type":"ReadAction","target":["https:\/\/dev.baylabel.pl\/sklep\/nerka-spotted-latte\/"]}]},{"@type":"ImageObject","inLanguage":"en-US","@id":"https:\/\/dev.baylabel.pl\/sklep\/nerka-spotted-latte\/#primaryimage","url":"https:\/\/dev.baylabel.pl\/wp-content\/uploads\/2025\/05\/nerka-spotted-latte.webp","contentUrl":"https:\/\/dev.baylabel.pl\/wp-content\/uploads\/2025\/05\/nerka-spotted-latte.webp","width":1000,"height":1000},{"@type":"BreadcrumbList","@id":"https:\/\/dev.baylabel.pl\/sklep\/nerka-spotted-latte\/#breadcrumb","itemListElement":[{"@type":"ListItem","position":1,"name":"Strona g\u0142\u00f3wna","item":"https:\/\/dev.baylabel.pl\/"},{"@type":"ListItem","position":2,"name":"Sklep","item":"https:\/\/dev.baylabel.pl\/sklep\/"},{"@type":"ListItem","position":3,"name":"Nerka Spotted Latte"}]},{"@type":"WebSite","@id":"https:\/\/dev.baylabel.pl\/#website","url":"https:\/\/dev.baylabel.pl\/","name":"Smycze, obro\u017ce i szelki dla psa i kota","description":"Akcesoria dla ps\u00f3w, smycze, obro\u017ce i szelki tworzymy z ogromn\u0105 mi\u0142o\u015bci\u0105. Nasze produkty s\u0105 wykonywane r\u0119cznie z najlepszej jako\u015bci materia\u0142\u00f3w.","publisher":{"@id":"https:\/\/dev.baylabel.pl\/#organization"},"potentialAction":[{"@type":"SearchAction","target":{"@type":"EntryPoint","urlTemplate":"https:\/\/dev.baylabel.pl\/?s={search_term_string}"},"query-input":{"@type":"PropertyValueSpecification","valueRequired":true,"valueName":"search_term_string"}}],"inLanguage":"en-US"},{"@type":"Organization","@id":"https:\/\/dev.baylabel.pl\/#organization","name":"Baylabel","url":"https:\/\/dev.baylabel.pl\/","logo":{"@type":"ImageObject","inLanguage":"en-US","@id":"https:\/\/dev.baylabel.pl\/#\/schema\/logo\/image\/","url":"https:\/\/dev.baylabel.pl\/wp-content\/uploads\/2025\/04\/akcesoria-dla-psow-baylabel.webp","contentUrl":"https:\/\/dev.baylabel.pl\/wp-content\/uploads\/2025\/04\/akcesoria-dla-psow-baylabel.webp","width":135,"height":135,"caption":"Baylabel"},"image":{"@id":"https:\/\/dev.baylabel.pl\/#\/schema\/logo\/image\/"},"sameAs":["https:\/\/www.facebook.com\/baylabel","https:\/\/www.instagram.com\/blb.animals\/","https:\/\/www.youtube.com\/channel\/UCsRug2nImjgMvZ7nWubAF6w"]}]}},"_links":{"self":[{"href":"https:\/\/dev.baylabel.pl\/en\/wp-json\/wp\/v2\/product\/40362","targetHints":{"allow":["GET"]}}],"collection":[{"href":"https:\/\/dev.baylabel.pl\/en\/wp-json\/wp\/v2\/product"}],"about":[{"href":"https:\/\/dev.baylabel.pl\/en\/wp-json\/wp\/v2\/types\/product"}],"wp:featuredmedia":[{"embeddable":true,"href":"https:\/\/dev.baylabel.pl\/en\/wp-json\/wp\/v2\/media\/40363"}],"wp:attachment":[{"href":"https:\/\/dev.baylabel.pl\/en\/wp-json\/wp\/v2\/media?parent=40362"}],"wp:term":[{"taxonomy":"product_brand","embeddable":true,"href":"https:\/\/dev.baylabel.pl\/en\/wp-json\/wp\/v2\/product_brand?post=40362"},{"taxonomy":"product_cat","embeddable":true,"href":"https:\/\/dev.baylabel.pl\/en\/wp-json\/wp\/v2\/product_cat?post=40362"},{"taxonomy":"product_tag","embeddable":true,"href":"https:\/\/dev.baylabel.pl\/en\/wp-json\/wp\/v2\/product_tag?post=40362"}],"curies":[{"name":"wp","href":"https:\/\/api.w.org\/{rel}","templated":true}]}}