{"id":8308,"date":"2025-03-27T09:51:25","date_gmt":"2025-03-27T08:51:25","guid":{"rendered":"https:\/\/dev.baylabel.pl\/?post_type=product&#038;p=8308"},"modified":"2025-12-04T00:07:41","modified_gmt":"2025-12-03T23:07:41","slug":"dwojnik-rozdzielny","status":"publish","type":"product","link":"https:\/\/dev.baylabel.pl\/en\/sklep\/dwojnik-rozdzielny\/","title":{"rendered":"Dw\u00f3jnik rozdzielny"},"content":{"rendered":"<h3>Dla kogo b\u0119dzie odpowiedni dw\u00f3jnik?<\/h3>\n<p>Wiadomo, \u017ce z pieskami jest jak chipsami &#8211; na jednym si\u0119 nie ko\u0144czy =), dlatego je\u015bli masz wi\u0119cej ni\u017c jedno psie dziecko b\u0119dzie Ci znacznie wygodniej na spacerze z tym w\u0142a\u015bnie gad\u017cetem. Dzi\u0119ki niemu b\u0119dziesz trzyma\u0107 w r\u0119kach tylko jedn\u0105 smycz, zamiast tysi\u0105ca!<\/p>\n<h3>Z czego sk\u0142ada si\u0119 dw\u00f3jnik i jakie s\u0105 jego typy?<\/h3>\n<p>Mo\u017cesz wybra\u0107 opcj\u0119 z r\u0105czk\u0105 lub bez. R\u0105czka ma d\u0142ugo\u015b\u0107 45 cm i jest zako\u0144czona karabinkiem, kt\u00f3ry podpina si\u0119 do k\u00f3\u0142ka dw\u00f3jnika. R\u0105czka nie jest niezb\u0119dnym elementem, je\u015bli masz ju\u017c smycz mo\u017cesz podpi\u0105\u0107 swoj\u0105 smycz do dw\u00f3jnika.<\/p>\n<h3>Jakie s\u0105 typy dw\u00f3jnik\u00f3w?<\/h3>\n<ol>\n<li><strong>Dw\u00f3jnik nieregulowany i nierozdzielny<\/strong> &#8211; najprostszy i najpopularniejszy typ &#8211; dwie ta\u015bmy o d\u0142ugo\u015bci 105 cm przyszyte s\u0105 razem do jednego wsp\u00f3lnego k\u00f3\u0142ka, do kt\u00f3rego podpina si\u0119 jedn\u0105 smycz lub r\u0105czk\u0119. Na ko\u0144cach dw\u00f3jnika, na ka\u017cdej z ta\u015bm znajduje si\u0119 karabinek, kt\u00f3ry s\u0142u\u017cy do zapi\u0119cia psa.<\/li>\n<li><strong>Dw\u00f3jnik regulowany nierozdzielny<\/strong> (u nas nazwany po prostu nierozdzielnym). R\u00f3\u017cnica w por\u00f3wnaniu z jego poprzednikiem jest taka, \u017ce ta\u015bmy s\u0105 d\u0142u\u017csze i maj\u0105 regulacj\u0119 155-80 cm. Mo\u017cemy r\u00f3\u017cnicowa\u0107 ich d\u0142ugo\u015b\u0107 w zale\u017cno\u015bci od potrzeby.<\/li>\n<li><strong>Dw\u00f3jnik rozdzielny regulowany <\/strong>(u nas nazwany rozdzielnym) &#8211; je\u015bli martwisz si\u0119, \u017ce twoje psy si\u0119 pok\u0142\u00f3c\u0105 i chcia\u0142by\u015b mie\u0107 opcje ich rozdzielenia. Jego ta\u015bmy s\u0105 regulowane jak u jego poprzednika, natomiast ka\u017cda ta\u015bma zako\u0144czona jest swoim k\u00f3\u0142kiem, wi\u0119c r\u0105czk\u0119 czy smycz zapinamy razem o dwa osobne k\u00f3\u0142ka, co umo\u017cliwia odpi\u0119cie jednego w razie psich cichych dni.<\/li>\n<\/ol>\n<p>Wyb\u00f3r kolorystyczny jest dowolny, je\u015bli jeden pies jest fanem jednoro\u017cc\u00f3w, a drugi czaszek i r\u00f3\u017cy, ka\u017cdy mo\u017ce mie\u0107 wymarzony wz\u00f3r na swojej ta\u015bmie w dw\u00f3jniku.<\/p>\n<p><strong style=\"color: red;\">UWAGA: BRAK ta\u015bmy 15mm ze wzor\u00f3w: Jingle Bells, Christmas Lights.<\/strong><\/p>","protected":false},"excerpt":{"rendered":"<p>Dla kogo b\u0119dzie odpowiedni dw\u00f3jnik? Wiadomo, \u017ce z pieskami jest jak chipsami &#8211; na jednym si\u0119 nie ko\u0144czy =), dlatego je\u015bli masz wi\u0119cej ni\u017c jedno psie dziecko b\u0119dzie Ci znacznie wygodniej na spacerze z tym w\u0142a\u015bnie gad\u017cetem. Dzi\u0119ki niemu b\u0119dziesz trzyma\u0107 w r\u0119kach tylko jedn\u0105 smycz, zamiast tysi\u0105ca! Z czego sk\u0142ada si\u0119 dw\u00f3jnik i jakie [&hellip;]<\/p>","protected":false},"featured_media":8382,"template":"","meta":{"_acf_changed":false,"inline_featured_image":false},"product_brand":[],"product_cat":[93,95],"product_tag":[],"class_list":{"0":"post-8308","1":"product","2":"type-product","3":"status-publish","4":"has-post-thumbnail","6":"product_cat-dla-psa","7":"product_cat-dwojniki","9":"first","10":"instock","11":"taxable","12":"shipping-taxable","13":"purchasable","14":"product-type-simple"},"acf":[],"yoast_head":"<!-- This site is optimized with the Yoast SEO plugin v24.9 - https:\/\/yoast.com\/wordpress\/plugins\/seo\/ -->\n<title>Dw\u00f3jnik rozdzielny - Smycze, obro\u017ce i szelki dla psa i kota<\/title>\n<meta name=\"robots\" content=\"noindex, follow, max-snippet:-1, max-image-preview:large, max-video-preview:-1\" \/>\n<meta property=\"og:locale\" content=\"en_US\" \/>\n<meta property=\"og:type\" content=\"article\" \/>\n<meta property=\"og:title\" content=\"Dw\u00f3jnik rozdzielny - Smycze, obro\u017ce i szelki dla psa i kota\" \/>\n<meta property=\"og:description\" content=\"Dla kogo b\u0119dzie odpowiedni dw\u00f3jnik? Wiadomo, \u017ce z pieskami jest jak chipsami &#8211; na jednym si\u0119 nie ko\u0144czy =), dlatego je\u015bli masz wi\u0119cej ni\u017c jedno psie dziecko b\u0119dzie Ci znacznie wygodniej na spacerze z tym w\u0142a\u015bnie gad\u017cetem. Dzi\u0119ki niemu b\u0119dziesz trzyma\u0107 w r\u0119kach tylko jedn\u0105 smycz, zamiast tysi\u0105ca! Z czego sk\u0142ada si\u0119 dw\u00f3jnik i jakie [&hellip;]\" \/>\n<meta property=\"og:url\" content=\"https:\/\/dev.baylabel.pl\/en\/sklep\/dwojnik-rozdzielny\/\" \/>\n<meta property=\"og:site_name\" content=\"Smycze, obro\u017ce i szelki dla psa i kota\" \/>\n<meta property=\"article:publisher\" content=\"https:\/\/www.facebook.com\/baylabel\" \/>\n<meta property=\"article:modified_time\" content=\"2025-12-03T23:07:41+00:00\" \/>\n<meta property=\"og:image\" content=\"https:\/\/dev.baylabel.pl\/wp-content\/uploads\/2025\/03\/drr-spacer-z-dwoma-psami-jak-to-zrobic.webp\" \/>\n\t<meta property=\"og:image:width\" content=\"1000\" \/>\n\t<meta property=\"og:image:height\" content=\"1000\" \/>\n\t<meta property=\"og:image:type\" content=\"image\/jpeg\" \/>\n<meta name=\"twitter:card\" content=\"summary_large_image\" \/>\n<meta name=\"twitter:label1\" content=\"Est. reading time\" \/>\n\t<meta name=\"twitter:data1\" content=\"2 minutes\" \/>\n<script type=\"application\/ld+json\" class=\"yoast-schema-graph\">{\"@context\":\"https:\/\/schema.org\",\"@graph\":[{\"@type\":\"WebPage\",\"@id\":\"https:\/\/dev.baylabel.pl\/sklep\/dwojnik-rozdzielny\/\",\"url\":\"https:\/\/dev.baylabel.pl\/sklep\/dwojnik-rozdzielny\/\",\"name\":\"Dw\u00f3jnik rozdzielny - Smycze, obro\u017ce i szelki dla psa i kota\",\"isPartOf\":{\"@id\":\"https:\/\/dev.baylabel.pl\/#website\"},\"primaryImageOfPage\":{\"@id\":\"https:\/\/dev.baylabel.pl\/sklep\/dwojnik-rozdzielny\/#primaryimage\"},\"image\":{\"@id\":\"https:\/\/dev.baylabel.pl\/sklep\/dwojnik-rozdzielny\/#primaryimage\"},\"thumbnailUrl\":\"https:\/\/dev.baylabel.pl\/wp-content\/uploads\/2025\/03\/drr-spacer-z-dwoma-psami-jak-to-zrobic.webp\",\"datePublished\":\"2025-03-27T08:51:25+00:00\",\"dateModified\":\"2025-12-03T23:07:41+00:00\",\"breadcrumb\":{\"@id\":\"https:\/\/dev.baylabel.pl\/sklep\/dwojnik-rozdzielny\/#breadcrumb\"},\"inLanguage\":\"en-US\",\"potentialAction\":[{\"@type\":\"ReadAction\",\"target\":[\"https:\/\/dev.baylabel.pl\/sklep\/dwojnik-rozdzielny\/\"]}]},{\"@type\":\"ImageObject\",\"inLanguage\":\"en-US\",\"@id\":\"https:\/\/dev.baylabel.pl\/sklep\/dwojnik-rozdzielny\/#primaryimage\",\"url\":\"https:\/\/dev.baylabel.pl\/wp-content\/uploads\/2025\/03\/drr-spacer-z-dwoma-psami-jak-to-zrobic.webp\",\"contentUrl\":\"https:\/\/dev.baylabel.pl\/wp-content\/uploads\/2025\/03\/drr-spacer-z-dwoma-psami-jak-to-zrobic.webp\",\"width\":1000,\"height\":1000},{\"@type\":\"BreadcrumbList\",\"@id\":\"https:\/\/dev.baylabel.pl\/sklep\/dwojnik-rozdzielny\/#breadcrumb\",\"itemListElement\":[{\"@type\":\"ListItem\",\"position\":1,\"name\":\"Strona g\u0142\u00f3wna\",\"item\":\"https:\/\/dev.baylabel.pl\/\"},{\"@type\":\"ListItem\",\"position\":2,\"name\":\"Sklep\",\"item\":\"https:\/\/dev.baylabel.pl\/sklep\/\"},{\"@type\":\"ListItem\",\"position\":3,\"name\":\"Dw\u00f3jnik rozdzielny\"}]},{\"@type\":\"WebSite\",\"@id\":\"https:\/\/dev.baylabel.pl\/#website\",\"url\":\"https:\/\/dev.baylabel.pl\/\",\"name\":\"Smycze, obro\u017ce i szelki dla psa i kota\",\"description\":\"Akcesoria dla ps\u00f3w, smycze, obro\u017ce i szelki tworzymy z ogromn\u0105 mi\u0142o\u015bci\u0105. Nasze produkty s\u0105 wykonywane r\u0119cznie z najlepszej jako\u015bci materia\u0142\u00f3w.\",\"publisher\":{\"@id\":\"https:\/\/dev.baylabel.pl\/#organization\"},\"potentialAction\":[{\"@type\":\"SearchAction\",\"target\":{\"@type\":\"EntryPoint\",\"urlTemplate\":\"https:\/\/dev.baylabel.pl\/?s={search_term_string}\"},\"query-input\":{\"@type\":\"PropertyValueSpecification\",\"valueRequired\":true,\"valueName\":\"search_term_string\"}}],\"inLanguage\":\"en-US\"},{\"@type\":\"Organization\",\"@id\":\"https:\/\/dev.baylabel.pl\/#organization\",\"name\":\"Baylabel\",\"url\":\"https:\/\/dev.baylabel.pl\/\",\"logo\":{\"@type\":\"ImageObject\",\"inLanguage\":\"en-US\",\"@id\":\"https:\/\/dev.baylabel.pl\/#\/schema\/logo\/image\/\",\"url\":\"https:\/\/dev.baylabel.pl\/wp-content\/uploads\/2025\/04\/akcesoria-dla-psow-baylabel.webp\",\"contentUrl\":\"https:\/\/dev.baylabel.pl\/wp-content\/uploads\/2025\/04\/akcesoria-dla-psow-baylabel.webp\",\"width\":135,\"height\":135,\"caption\":\"Baylabel\"},\"image\":{\"@id\":\"https:\/\/dev.baylabel.pl\/#\/schema\/logo\/image\/\"},\"sameAs\":[\"https:\/\/www.facebook.com\/baylabel\",\"https:\/\/www.instagram.com\/blb.animals\/\",\"https:\/\/www.youtube.com\/channel\/UCsRug2nImjgMvZ7nWubAF6w\"]}]}<\/script>\n<!-- \/ Yoast SEO plugin. -->","yoast_head_json":{"title":"Dw\u00f3jnik rozdzielny - Smycze, obro\u017ce i szelki dla psa i kota","robots":{"index":"noindex","follow":"follow","max-snippet":"max-snippet:-1","max-image-preview":"max-image-preview:large","max-video-preview":"max-video-preview:-1"},"og_locale":"en_US","og_type":"article","og_title":"Dw\u00f3jnik rozdzielny - Smycze, obro\u017ce i szelki dla psa i kota","og_description":"Dla kogo b\u0119dzie odpowiedni dw\u00f3jnik? Wiadomo, \u017ce z pieskami jest jak chipsami &#8211; na jednym si\u0119 nie ko\u0144czy =), dlatego je\u015bli masz wi\u0119cej ni\u017c jedno psie dziecko b\u0119dzie Ci znacznie wygodniej na spacerze z tym w\u0142a\u015bnie gad\u017cetem. Dzi\u0119ki niemu b\u0119dziesz trzyma\u0107 w r\u0119kach tylko jedn\u0105 smycz, zamiast tysi\u0105ca! Z czego sk\u0142ada si\u0119 dw\u00f3jnik i jakie [&hellip;]","og_url":"https:\/\/dev.baylabel.pl\/en\/sklep\/dwojnik-rozdzielny\/","og_site_name":"Smycze, obro\u017ce i szelki dla psa i kota","article_publisher":"https:\/\/www.facebook.com\/baylabel","article_modified_time":"2025-12-03T23:07:41+00:00","og_image":[{"width":1000,"height":1000,"url":"https:\/\/dev.baylabel.pl\/wp-content\/uploads\/2025\/03\/drr-spacer-z-dwoma-psami-jak-to-zrobic.webp","type":"image\/jpeg"}],"twitter_card":"summary_large_image","twitter_misc":{"Est. reading time":"2 minutes"},"schema":{"@context":"https:\/\/schema.org","@graph":[{"@type":"WebPage","@id":"https:\/\/dev.baylabel.pl\/sklep\/dwojnik-rozdzielny\/","url":"https:\/\/dev.baylabel.pl\/sklep\/dwojnik-rozdzielny\/","name":"Dw\u00f3jnik rozdzielny - Smycze, obro\u017ce i szelki dla psa i kota","isPartOf":{"@id":"https:\/\/dev.baylabel.pl\/#website"},"primaryImageOfPage":{"@id":"https:\/\/dev.baylabel.pl\/sklep\/dwojnik-rozdzielny\/#primaryimage"},"image":{"@id":"https:\/\/dev.baylabel.pl\/sklep\/dwojnik-rozdzielny\/#primaryimage"},"thumbnailUrl":"https:\/\/dev.baylabel.pl\/wp-content\/uploads\/2025\/03\/drr-spacer-z-dwoma-psami-jak-to-zrobic.webp","datePublished":"2025-03-27T08:51:25+00:00","dateModified":"2025-12-03T23:07:41+00:00","breadcrumb":{"@id":"https:\/\/dev.baylabel.pl\/sklep\/dwojnik-rozdzielny\/#breadcrumb"},"inLanguage":"en-US","potentialAction":[{"@type":"ReadAction","target":["https:\/\/dev.baylabel.pl\/sklep\/dwojnik-rozdzielny\/"]}]},{"@type":"ImageObject","inLanguage":"en-US","@id":"https:\/\/dev.baylabel.pl\/sklep\/dwojnik-rozdzielny\/#primaryimage","url":"https:\/\/dev.baylabel.pl\/wp-content\/uploads\/2025\/03\/drr-spacer-z-dwoma-psami-jak-to-zrobic.webp","contentUrl":"https:\/\/dev.baylabel.pl\/wp-content\/uploads\/2025\/03\/drr-spacer-z-dwoma-psami-jak-to-zrobic.webp","width":1000,"height":1000},{"@type":"BreadcrumbList","@id":"https:\/\/dev.baylabel.pl\/sklep\/dwojnik-rozdzielny\/#breadcrumb","itemListElement":[{"@type":"ListItem","position":1,"name":"Strona g\u0142\u00f3wna","item":"https:\/\/dev.baylabel.pl\/"},{"@type":"ListItem","position":2,"name":"Sklep","item":"https:\/\/dev.baylabel.pl\/sklep\/"},{"@type":"ListItem","position":3,"name":"Dw\u00f3jnik rozdzielny"}]},{"@type":"WebSite","@id":"https:\/\/dev.baylabel.pl\/#website","url":"https:\/\/dev.baylabel.pl\/","name":"Smycze, obro\u017ce i szelki dla psa i kota","description":"Akcesoria dla ps\u00f3w, smycze, obro\u017ce i szelki tworzymy z ogromn\u0105 mi\u0142o\u015bci\u0105. Nasze produkty s\u0105 wykonywane r\u0119cznie z najlepszej jako\u015bci materia\u0142\u00f3w.","publisher":{"@id":"https:\/\/dev.baylabel.pl\/#organization"},"potentialAction":[{"@type":"SearchAction","target":{"@type":"EntryPoint","urlTemplate":"https:\/\/dev.baylabel.pl\/?s={search_term_string}"},"query-input":{"@type":"PropertyValueSpecification","valueRequired":true,"valueName":"search_term_string"}}],"inLanguage":"en-US"},{"@type":"Organization","@id":"https:\/\/dev.baylabel.pl\/#organization","name":"Baylabel","url":"https:\/\/dev.baylabel.pl\/","logo":{"@type":"ImageObject","inLanguage":"en-US","@id":"https:\/\/dev.baylabel.pl\/#\/schema\/logo\/image\/","url":"https:\/\/dev.baylabel.pl\/wp-content\/uploads\/2025\/04\/akcesoria-dla-psow-baylabel.webp","contentUrl":"https:\/\/dev.baylabel.pl\/wp-content\/uploads\/2025\/04\/akcesoria-dla-psow-baylabel.webp","width":135,"height":135,"caption":"Baylabel"},"image":{"@id":"https:\/\/dev.baylabel.pl\/#\/schema\/logo\/image\/"},"sameAs":["https:\/\/www.facebook.com\/baylabel","https:\/\/www.instagram.com\/blb.animals\/","https:\/\/www.youtube.com\/channel\/UCsRug2nImjgMvZ7nWubAF6w"]}]}},"_links":{"self":[{"href":"https:\/\/dev.baylabel.pl\/en\/wp-json\/wp\/v2\/product\/8308","targetHints":{"allow":["GET"]}}],"collection":[{"href":"https:\/\/dev.baylabel.pl\/en\/wp-json\/wp\/v2\/product"}],"about":[{"href":"https:\/\/dev.baylabel.pl\/en\/wp-json\/wp\/v2\/types\/product"}],"wp:featuredmedia":[{"embeddable":true,"href":"https:\/\/dev.baylabel.pl\/en\/wp-json\/wp\/v2\/media\/8382"}],"wp:attachment":[{"href":"https:\/\/dev.baylabel.pl\/en\/wp-json\/wp\/v2\/media?parent=8308"}],"wp:term":[{"taxonomy":"product_brand","embeddable":true,"href":"https:\/\/dev.baylabel.pl\/en\/wp-json\/wp\/v2\/product_brand?post=8308"},{"taxonomy":"product_cat","embeddable":true,"href":"https:\/\/dev.baylabel.pl\/en\/wp-json\/wp\/v2\/product_cat?post=8308"},{"taxonomy":"product_tag","embeddable":true,"href":"https:\/\/dev.baylabel.pl\/en\/wp-json\/wp\/v2\/product_tag?post=8308"}],"curies":[{"name":"wp","href":"https:\/\/api.w.org\/{rel}","templated":true}]}}