{"id":8314,"date":"2025-03-27T09:51:25","date_gmt":"2025-03-27T08:51:25","guid":{"rendered":"https:\/\/dev.baylabel.pl\/?post_type=product&#038;p=8314"},"modified":"2025-11-21T13:30:24","modified_gmt":"2025-11-21T12:30:24","slug":"smycz-dla-psa-biothane-coral","status":"publish","type":"product","link":"https:\/\/dev.baylabel.pl\/en\/sklep\/smycz-dla-psa-biothane-coral\/","title":{"rendered":"Smycz dla psa BioThane Coral"},"content":{"rendered":"<p><strong>Czym s\u0105 akcesoria z Biothane\u00ae i czemu s\u0105 takie super?<\/strong><br \/>\nOpr\u00f3cz, nasyconych i pi\u0119knych kolor\u00f3w, te akcesoria skrywaj\u0105 w sobie jeszcze jedn\u0105 istotn\u0105 zalet\u0119. <strong>S\u0104 ODPORNE NA ZABRUDZENIA I WOD\u0118!<\/strong><br \/>\nMateria\u0142 Biothane\u00ae opr\u00f3cz i\u015bcie magicznych w\u0142a\u015bciwo\u015bci mo\u017ce pochwali\u0107 si\u0119 te\u017c \u015bwietnym wygl\u0105dem- faktura materia\u0142u przypomina troch\u0119 sk\u00f3r\u0119, dzi\u0119ki czemu akcesoria wygl\u0105daj\u0105 jeszcze bardziej stylowo!<\/p>\n<p><strong>ta\u015bma:<\/strong>\u00a0mocna, g\u0142adka ta\u015bma z naszym autorskim wzorem, kt\u00f3ra zachowuje sw\u00f3j wygl\u0105d na d\u0142ugo. Bardzo \u0142atwa w czyszczeniu i piel\u0119gnacji.<br \/>\n<strong>okucia:<\/strong>\u00a0metalowe elementy zosta\u0142y pokryte czarnym kolorem zabezpieczaj\u0105cym akcesoria przed korozj\u0105.<\/p>","protected":false},"excerpt":{"rendered":"<p>Czym s\u0105 akcesoria z Biothane\u00ae i czemu s\u0105 takie super? Opr\u00f3cz, nasyconych i pi\u0119knych kolor\u00f3w, te akcesoria skrywaj\u0105 w sobie jeszcze jedn\u0105 istotn\u0105 zalet\u0119. S\u0104 ODPORNE NA ZABRUDZENIA I WOD\u0118! Materia\u0142 Biothane\u00ae opr\u00f3cz i\u015bcie magicznych w\u0142a\u015bciwo\u015bci mo\u017ce pochwali\u0107 si\u0119 te\u017c \u015bwietnym wygl\u0105dem- faktura materia\u0142u przypomina troch\u0119 sk\u00f3r\u0119, dzi\u0119ki czemu akcesoria wygl\u0105daj\u0105 jeszcze bardziej stylowo! ta\u015bma:\u00a0mocna, [&hellip;]<\/p>","protected":false},"featured_media":8413,"template":"","meta":{"_acf_changed":false,"inline_featured_image":false},"product_brand":[],"product_cat":[93,105],"product_tag":[192],"class_list":{"0":"post-8314","1":"product","2":"type-product","3":"status-publish","4":"has-post-thumbnail","6":"product_cat-dla-psa","7":"product_cat-smycze-biothane","8":"product_tag-obroza-dla-psa","10":"first","11":"instock","12":"taxable","13":"shipping-taxable","14":"purchasable","15":"product-type-variable"},"acf":[],"yoast_head":"<!-- This site is optimized with the Yoast SEO plugin v24.9 - https:\/\/yoast.com\/wordpress\/plugins\/seo\/ -->\n<title>Smycz dla psa BioThane Coral - Smycze, obro\u017ce i szelki dla psa i kota<\/title>\n<meta name=\"robots\" content=\"noindex, follow, max-snippet:-1, max-image-preview:large, max-video-preview:-1\" \/>\n<meta property=\"og:locale\" content=\"en_US\" \/>\n<meta property=\"og:type\" content=\"article\" \/>\n<meta property=\"og:title\" content=\"Smycz dla psa BioThane Coral - Smycze, obro\u017ce i szelki dla psa i kota\" \/>\n<meta property=\"og:description\" content=\"Czym s\u0105 akcesoria z Biothane\u00ae i czemu s\u0105 takie super? Opr\u00f3cz, nasyconych i pi\u0119knych kolor\u00f3w, te akcesoria skrywaj\u0105 w sobie jeszcze jedn\u0105 istotn\u0105 zalet\u0119. S\u0104 ODPORNE NA ZABRUDZENIA I WOD\u0118! Materia\u0142 Biothane\u00ae opr\u00f3cz i\u015bcie magicznych w\u0142a\u015bciwo\u015bci mo\u017ce pochwali\u0107 si\u0119 te\u017c \u015bwietnym wygl\u0105dem- faktura materia\u0142u przypomina troch\u0119 sk\u00f3r\u0119, dzi\u0119ki czemu akcesoria wygl\u0105daj\u0105 jeszcze bardziej stylowo! ta\u015bma:\u00a0mocna, [&hellip;]\" \/>\n<meta property=\"og:url\" content=\"https:\/\/dev.baylabel.pl\/en\/sklep\/smycz-dla-psa-biothane-coral\/\" \/>\n<meta property=\"og:site_name\" content=\"Smycze, obro\u017ce i szelki dla psa i kota\" \/>\n<meta property=\"article:publisher\" content=\"https:\/\/www.facebook.com\/baylabel\" \/>\n<meta property=\"article:modified_time\" content=\"2025-11-21T12:30:24+00:00\" \/>\n<meta property=\"og:image\" content=\"https:\/\/dev.baylabel.pl\/wp-content\/uploads\/2025\/03\/smycz-odporna-na-zabrudzenia-biothane-blb-coral.webp\" \/>\n\t<meta property=\"og:image:width\" content=\"1000\" \/>\n\t<meta property=\"og:image:height\" content=\"1000\" \/>\n\t<meta property=\"og:image:type\" content=\"image\/jpeg\" \/>\n<meta name=\"twitter:card\" content=\"summary_large_image\" \/>\n<meta name=\"twitter:label1\" content=\"Est. reading time\" \/>\n\t<meta name=\"twitter:data1\" content=\"1 minute\" \/>\n<script type=\"application\/ld+json\" class=\"yoast-schema-graph\">{\"@context\":\"https:\/\/schema.org\",\"@graph\":[{\"@type\":\"WebPage\",\"@id\":\"https:\/\/dev.baylabel.pl\/sklep\/smycz-dla-psa-biothane-coral\/\",\"url\":\"https:\/\/dev.baylabel.pl\/sklep\/smycz-dla-psa-biothane-coral\/\",\"name\":\"Smycz dla psa BioThane Coral - Smycze, obro\u017ce i szelki dla psa i kota\",\"isPartOf\":{\"@id\":\"https:\/\/dev.baylabel.pl\/#website\"},\"primaryImageOfPage\":{\"@id\":\"https:\/\/dev.baylabel.pl\/sklep\/smycz-dla-psa-biothane-coral\/#primaryimage\"},\"image\":{\"@id\":\"https:\/\/dev.baylabel.pl\/sklep\/smycz-dla-psa-biothane-coral\/#primaryimage\"},\"thumbnailUrl\":\"https:\/\/dev.baylabel.pl\/wp-content\/uploads\/2025\/03\/smycz-odporna-na-zabrudzenia-biothane-blb-coral.webp\",\"datePublished\":\"2025-03-27T08:51:25+00:00\",\"dateModified\":\"2025-11-21T12:30:24+00:00\",\"breadcrumb\":{\"@id\":\"https:\/\/dev.baylabel.pl\/sklep\/smycz-dla-psa-biothane-coral\/#breadcrumb\"},\"inLanguage\":\"en-US\",\"potentialAction\":[{\"@type\":\"ReadAction\",\"target\":[\"https:\/\/dev.baylabel.pl\/sklep\/smycz-dla-psa-biothane-coral\/\"]}]},{\"@type\":\"ImageObject\",\"inLanguage\":\"en-US\",\"@id\":\"https:\/\/dev.baylabel.pl\/sklep\/smycz-dla-psa-biothane-coral\/#primaryimage\",\"url\":\"https:\/\/dev.baylabel.pl\/wp-content\/uploads\/2025\/03\/smycz-odporna-na-zabrudzenia-biothane-blb-coral.webp\",\"contentUrl\":\"https:\/\/dev.baylabel.pl\/wp-content\/uploads\/2025\/03\/smycz-odporna-na-zabrudzenia-biothane-blb-coral.webp\",\"width\":1000,\"height\":1000},{\"@type\":\"BreadcrumbList\",\"@id\":\"https:\/\/dev.baylabel.pl\/sklep\/smycz-dla-psa-biothane-coral\/#breadcrumb\",\"itemListElement\":[{\"@type\":\"ListItem\",\"position\":1,\"name\":\"Strona g\u0142\u00f3wna\",\"item\":\"https:\/\/dev.baylabel.pl\/\"},{\"@type\":\"ListItem\",\"position\":2,\"name\":\"Sklep\",\"item\":\"https:\/\/dev.baylabel.pl\/sklep\/\"},{\"@type\":\"ListItem\",\"position\":3,\"name\":\"Smycz dla psa BioThane Coral\"}]},{\"@type\":\"WebSite\",\"@id\":\"https:\/\/dev.baylabel.pl\/#website\",\"url\":\"https:\/\/dev.baylabel.pl\/\",\"name\":\"Smycze, obro\u017ce i szelki dla psa i kota\",\"description\":\"Akcesoria dla ps\u00f3w, smycze, obro\u017ce i szelki tworzymy z ogromn\u0105 mi\u0142o\u015bci\u0105. Nasze produkty s\u0105 wykonywane r\u0119cznie z najlepszej jako\u015bci materia\u0142\u00f3w.\",\"publisher\":{\"@id\":\"https:\/\/dev.baylabel.pl\/#organization\"},\"potentialAction\":[{\"@type\":\"SearchAction\",\"target\":{\"@type\":\"EntryPoint\",\"urlTemplate\":\"https:\/\/dev.baylabel.pl\/?s={search_term_string}\"},\"query-input\":{\"@type\":\"PropertyValueSpecification\",\"valueRequired\":true,\"valueName\":\"search_term_string\"}}],\"inLanguage\":\"en-US\"},{\"@type\":\"Organization\",\"@id\":\"https:\/\/dev.baylabel.pl\/#organization\",\"name\":\"Baylabel\",\"url\":\"https:\/\/dev.baylabel.pl\/\",\"logo\":{\"@type\":\"ImageObject\",\"inLanguage\":\"en-US\",\"@id\":\"https:\/\/dev.baylabel.pl\/#\/schema\/logo\/image\/\",\"url\":\"https:\/\/dev.baylabel.pl\/wp-content\/uploads\/2025\/04\/akcesoria-dla-psow-baylabel.webp\",\"contentUrl\":\"https:\/\/dev.baylabel.pl\/wp-content\/uploads\/2025\/04\/akcesoria-dla-psow-baylabel.webp\",\"width\":135,\"height\":135,\"caption\":\"Baylabel\"},\"image\":{\"@id\":\"https:\/\/dev.baylabel.pl\/#\/schema\/logo\/image\/\"},\"sameAs\":[\"https:\/\/www.facebook.com\/baylabel\",\"https:\/\/www.instagram.com\/blb.animals\/\",\"https:\/\/www.youtube.com\/channel\/UCsRug2nImjgMvZ7nWubAF6w\"]}]}<\/script>\n<!-- \/ Yoast SEO plugin. -->","yoast_head_json":{"title":"Smycz dla psa BioThane Coral - Smycze, obro\u017ce i szelki dla psa i kota","robots":{"index":"noindex","follow":"follow","max-snippet":"max-snippet:-1","max-image-preview":"max-image-preview:large","max-video-preview":"max-video-preview:-1"},"og_locale":"en_US","og_type":"article","og_title":"Smycz dla psa BioThane Coral - Smycze, obro\u017ce i szelki dla psa i kota","og_description":"Czym s\u0105 akcesoria z Biothane\u00ae i czemu s\u0105 takie super? Opr\u00f3cz, nasyconych i pi\u0119knych kolor\u00f3w, te akcesoria skrywaj\u0105 w sobie jeszcze jedn\u0105 istotn\u0105 zalet\u0119. S\u0104 ODPORNE NA ZABRUDZENIA I WOD\u0118! Materia\u0142 Biothane\u00ae opr\u00f3cz i\u015bcie magicznych w\u0142a\u015bciwo\u015bci mo\u017ce pochwali\u0107 si\u0119 te\u017c \u015bwietnym wygl\u0105dem- faktura materia\u0142u przypomina troch\u0119 sk\u00f3r\u0119, dzi\u0119ki czemu akcesoria wygl\u0105daj\u0105 jeszcze bardziej stylowo! ta\u015bma:\u00a0mocna, [&hellip;]","og_url":"https:\/\/dev.baylabel.pl\/en\/sklep\/smycz-dla-psa-biothane-coral\/","og_site_name":"Smycze, obro\u017ce i szelki dla psa i kota","article_publisher":"https:\/\/www.facebook.com\/baylabel","article_modified_time":"2025-11-21T12:30:24+00:00","og_image":[{"width":1000,"height":1000,"url":"https:\/\/dev.baylabel.pl\/wp-content\/uploads\/2025\/03\/smycz-odporna-na-zabrudzenia-biothane-blb-coral.webp","type":"image\/jpeg"}],"twitter_card":"summary_large_image","twitter_misc":{"Est. reading time":"1 minute"},"schema":{"@context":"https:\/\/schema.org","@graph":[{"@type":"WebPage","@id":"https:\/\/dev.baylabel.pl\/sklep\/smycz-dla-psa-biothane-coral\/","url":"https:\/\/dev.baylabel.pl\/sklep\/smycz-dla-psa-biothane-coral\/","name":"Smycz dla psa BioThane Coral - Smycze, obro\u017ce i szelki dla psa i kota","isPartOf":{"@id":"https:\/\/dev.baylabel.pl\/#website"},"primaryImageOfPage":{"@id":"https:\/\/dev.baylabel.pl\/sklep\/smycz-dla-psa-biothane-coral\/#primaryimage"},"image":{"@id":"https:\/\/dev.baylabel.pl\/sklep\/smycz-dla-psa-biothane-coral\/#primaryimage"},"thumbnailUrl":"https:\/\/dev.baylabel.pl\/wp-content\/uploads\/2025\/03\/smycz-odporna-na-zabrudzenia-biothane-blb-coral.webp","datePublished":"2025-03-27T08:51:25+00:00","dateModified":"2025-11-21T12:30:24+00:00","breadcrumb":{"@id":"https:\/\/dev.baylabel.pl\/sklep\/smycz-dla-psa-biothane-coral\/#breadcrumb"},"inLanguage":"en-US","potentialAction":[{"@type":"ReadAction","target":["https:\/\/dev.baylabel.pl\/sklep\/smycz-dla-psa-biothane-coral\/"]}]},{"@type":"ImageObject","inLanguage":"en-US","@id":"https:\/\/dev.baylabel.pl\/sklep\/smycz-dla-psa-biothane-coral\/#primaryimage","url":"https:\/\/dev.baylabel.pl\/wp-content\/uploads\/2025\/03\/smycz-odporna-na-zabrudzenia-biothane-blb-coral.webp","contentUrl":"https:\/\/dev.baylabel.pl\/wp-content\/uploads\/2025\/03\/smycz-odporna-na-zabrudzenia-biothane-blb-coral.webp","width":1000,"height":1000},{"@type":"BreadcrumbList","@id":"https:\/\/dev.baylabel.pl\/sklep\/smycz-dla-psa-biothane-coral\/#breadcrumb","itemListElement":[{"@type":"ListItem","position":1,"name":"Strona g\u0142\u00f3wna","item":"https:\/\/dev.baylabel.pl\/"},{"@type":"ListItem","position":2,"name":"Sklep","item":"https:\/\/dev.baylabel.pl\/sklep\/"},{"@type":"ListItem","position":3,"name":"Smycz dla psa BioThane Coral"}]},{"@type":"WebSite","@id":"https:\/\/dev.baylabel.pl\/#website","url":"https:\/\/dev.baylabel.pl\/","name":"Smycze, obro\u017ce i szelki dla psa i kota","description":"Akcesoria dla ps\u00f3w, smycze, obro\u017ce i szelki tworzymy z ogromn\u0105 mi\u0142o\u015bci\u0105. Nasze produkty s\u0105 wykonywane r\u0119cznie z najlepszej jako\u015bci materia\u0142\u00f3w.","publisher":{"@id":"https:\/\/dev.baylabel.pl\/#organization"},"potentialAction":[{"@type":"SearchAction","target":{"@type":"EntryPoint","urlTemplate":"https:\/\/dev.baylabel.pl\/?s={search_term_string}"},"query-input":{"@type":"PropertyValueSpecification","valueRequired":true,"valueName":"search_term_string"}}],"inLanguage":"en-US"},{"@type":"Organization","@id":"https:\/\/dev.baylabel.pl\/#organization","name":"Baylabel","url":"https:\/\/dev.baylabel.pl\/","logo":{"@type":"ImageObject","inLanguage":"en-US","@id":"https:\/\/dev.baylabel.pl\/#\/schema\/logo\/image\/","url":"https:\/\/dev.baylabel.pl\/wp-content\/uploads\/2025\/04\/akcesoria-dla-psow-baylabel.webp","contentUrl":"https:\/\/dev.baylabel.pl\/wp-content\/uploads\/2025\/04\/akcesoria-dla-psow-baylabel.webp","width":135,"height":135,"caption":"Baylabel"},"image":{"@id":"https:\/\/dev.baylabel.pl\/#\/schema\/logo\/image\/"},"sameAs":["https:\/\/www.facebook.com\/baylabel","https:\/\/www.instagram.com\/blb.animals\/","https:\/\/www.youtube.com\/channel\/UCsRug2nImjgMvZ7nWubAF6w"]}]}},"_links":{"self":[{"href":"https:\/\/dev.baylabel.pl\/en\/wp-json\/wp\/v2\/product\/8314","targetHints":{"allow":["GET"]}}],"collection":[{"href":"https:\/\/dev.baylabel.pl\/en\/wp-json\/wp\/v2\/product"}],"about":[{"href":"https:\/\/dev.baylabel.pl\/en\/wp-json\/wp\/v2\/types\/product"}],"wp:featuredmedia":[{"embeddable":true,"href":"https:\/\/dev.baylabel.pl\/en\/wp-json\/wp\/v2\/media\/8413"}],"wp:attachment":[{"href":"https:\/\/dev.baylabel.pl\/en\/wp-json\/wp\/v2\/media?parent=8314"}],"wp:term":[{"taxonomy":"product_brand","embeddable":true,"href":"https:\/\/dev.baylabel.pl\/en\/wp-json\/wp\/v2\/product_brand?post=8314"},{"taxonomy":"product_cat","embeddable":true,"href":"https:\/\/dev.baylabel.pl\/en\/wp-json\/wp\/v2\/product_cat?post=8314"},{"taxonomy":"product_tag","embeddable":true,"href":"https:\/\/dev.baylabel.pl\/en\/wp-json\/wp\/v2\/product_tag?post=8314"}],"curies":[{"name":"wp","href":"https:\/\/api.w.org\/{rel}","templated":true}]}}